{"id":4492,"date":"2025-12-31T20:24:56","date_gmt":"2025-12-31T18:24:56","guid":{"rendered":"https:\/\/www.tuomarinkylanratsastajat.fi\/tkr\/?page_id=4492"},"modified":"2026-04-30T20:24:49","modified_gmt":"2026-04-30T18:24:49","slug":"kalenteri-2026","status":"publish","type":"page","link":"https:\/\/www.tuomarinkylanratsastajat.fi\/tkr\/kalenteri-2026\/","title":{"rendered":"Kalenteri 2026"},"content":{"rendered":"<h2><a href=\"https:\/\/www.tuomarinkylanratsastajat.fi\/tkr\/wp-content\/uploads\/2025\/12\/aikuiset_rats_rgb_300dpi-2.png\"><img loading=\"lazy\" decoding=\"async\" class=\"alignnone size-thumbnail wp-image-4493\" src=\"https:\/\/www.tuomarinkylanratsastajat.fi\/tkr\/wp-content\/uploads\/2025\/12\/aikuiset_rats_rgb_300dpi-2-150x150.png\" alt=\"\" width=\"150\" height=\"150\" \/><\/a>\u00a0 \u00a0 \u00a0 \u00a0 \u00a0 \u00a0<strong>Kalenteri 2026<\/strong><\/h2>\n<p>&nbsp;<\/p>\n<p><strong>Helmikuu<\/strong><\/p>\n<p>10.2.2026 Eevamaria Porthan-Broddell kouluvalmennus<\/p>\n<p>14.2.2026 Domi-Potti 2\/4 esteratsastuskilpailu<\/p>\n<p><strong>Maaliskuu<\/strong><\/p>\n<p>3.3.2026 Eevamaria Porthan-Broddell kouluvalmennus, peruttu<\/p>\n<p>14.3.2026 Rataharjoitus kouluratsastus, peruttu, siirret\u00e4\u00e4n my\u00f6hemp\u00e4\u00e4n ajankohtaan<\/p>\n<p>28.3.2026 Koulurataharjoitus, pidet\u00e4\u00e4n ratsastuskoulujen oppilaille ja Talli Oy:n ratsukoille.<\/p>\n<p><strong>Huhtikuu<\/strong><\/p>\n<p>14.4.2026 Eevamaria Porthan-Broddell kouluvalmennus<\/p>\n<p>14.4.2026 Eevamaria Porthan-Broddell kouluvalmennus, peruttu<\/p>\n<p>25.4.2026 Esterataharjoitus m\u00e4en ratsukoille, estekentt\u00e4<\/p>\n<p><strong>Toukokuu<\/strong><\/p>\n<p>9.5.2026 Emilia V\u00e4t\u00f6n estevalmennus, estekentt\u00e4 klo 15:00 alkaen<\/p>\n<p>14.5.2026 Puomien maalaustalkoot Vaunuvajalla klo 15:00 alkaen<\/p>\n<p>16.5.2026 EsRa:n alueen Ratsastuskouluoppilaiden koulumestaruudet 2026, peruttu<\/p>\n<p>16.5.2026 Koulurataharjoitus<\/p>\n<p><strong>Kes\u00e4kuu<\/strong><\/p>\n<p>6.5.2026 Working Equitation Demo \/ valmennus klo 15:00 alkaen, peruttu, siirret\u00e4\u00e4n elo- syyskuulle<\/p>\n<p>13.6.2026 Domi-Potti 3\/4 Esteseurakilpailut<\/p>\n<p><strong>Hein\u00e4kuu<\/strong><\/p>\n<p><strong>Elokuu<\/strong><\/p>\n<p>15.8.2026 Koulukilpailut<\/p>\n<p>22.8. Estevalmennus<\/p>\n<p><strong>Syyskuu<\/strong><\/p>\n<p>5.9.2026 EsRa:n alueen henkil\u00f6kohtaiset estemestaruudet 2026<\/p>\n<p><strong>Lokakuu<\/strong><\/p>\n<p><strong>Marraskuu<\/strong><\/p>\n<p><strong>Joulukuu<\/strong><\/p>\n<p><strong>Tammikuu 2026<\/strong><\/p>\n<p>10.1.2026 Emilia V\u00e4t\u00f6n estevalmennus Uusi Maneesi, siirretty p\u00e4iv\u00e4lle 9.5.2026<\/p>\n<p>27.1.2026 Eevamaria Porthan-Broddell kouluvalmennus<\/p>\n<p>28.1.2026 S\u00e4\u00e4nt\u00f6koulutus Vinttikoirakeskus<\/p>\n<p>&nbsp;<\/p>\n","protected":false},"excerpt":{"rendered":"<p>\u00a0 \u00a0 \u00a0 \u00a0 \u00a0 \u00a0Kalenteri 2026 &nbsp; Helmikuu 10.2.2026 Eevamaria Porthan-Broddell kouluvalmennus 14.2.2026 Domi-Potti 2\/4 esteratsastuskilpailu Maaliskuu 3.3.2026 Eevamaria Porthan-Broddell kouluvalmennus, peruttu 14.3.2026 Rataharjoitus kouluratsastus, peruttu, siirret\u00e4\u00e4n my\u00f6hemp\u00e4\u00e4n ajankohtaan 28.3.2026 Koulurataharjoitus, pidet\u00e4\u00e4n ratsastuskoulujen oppilaille ja Talli Oy:n ratsukoille. Huhtikuu<span class=\"ellipsis\">&hellip;<\/span><\/p>\n<div class=\"read-more\"><a href=\"https:\/\/www.tuomarinkylanratsastajat.fi\/tkr\/kalenteri-2026\/\">Read more <span class=\"screen-reader-text\">Kalenteri 2026<\/span><span class=\"meta-nav\"> &#8250;<\/span><\/a><\/div>\n<p><!-- end of .read-more --><\/p>\n","protected":false},"author":4,"featured_media":0,"parent":0,"menu_order":0,"comment_status":"closed","ping_status":"closed","template":"","meta":{"footnotes":""},"class_list":["post-4492","page","type-page","status-publish","hentry"],"_links":{"self":[{"href":"https:\/\/www.tuomarinkylanratsastajat.fi\/tkr\/wp-json\/wp\/v2\/pages\/4492","targetHints":{"allow":["GET"]}}],"collection":[{"href":"https:\/\/www.tuomarinkylanratsastajat.fi\/tkr\/wp-json\/wp\/v2\/pages"}],"about":[{"href":"https:\/\/www.tuomarinkylanratsastajat.fi\/tkr\/wp-json\/wp\/v2\/types\/page"}],"author":[{"embeddable":true,"href":"https:\/\/www.tuomarinkylanratsastajat.fi\/tkr\/wp-json\/wp\/v2\/users\/4"}],"replies":[{"embeddable":true,"href":"https:\/\/www.tuomarinkylanratsastajat.fi\/tkr\/wp-json\/wp\/v2\/comments?post=4492"}],"version-history":[{"count":22,"href":"https:\/\/www.tuomarinkylanratsastajat.fi\/tkr\/wp-json\/wp\/v2\/pages\/4492\/revisions"}],"predecessor-version":[{"id":4677,"href":"https:\/\/www.tuomarinkylanratsastajat.fi\/tkr\/wp-json\/wp\/v2\/pages\/4492\/revisions\/4677"}],"wp:attachment":[{"href":"https:\/\/www.tuomarinkylanratsastajat.fi\/tkr\/wp-json\/wp\/v2\/media?parent=4492"}],"curies":[{"name":"wp","href":"https:\/\/api.w.org\/{rel}","templated":true}]}}