{"id":4020,"date":"2024-11-20T00:45:37","date_gmt":"2024-11-19T22:45:37","guid":{"rendered":"https:\/\/www.tuomarinkylanratsastajat.fi\/tkr\/?page_id=4020"},"modified":"2024-11-20T00:45:37","modified_gmt":"2024-11-19T22:45:37","slug":"epaasiallisen-kaytoksen-hairinnan-ja-kiusaamisen-ehkaisy","status":"publish","type":"page","link":"https:\/\/www.tuomarinkylanratsastajat.fi\/tkr\/jasenasiat\/epaasiallisen-kaytoksen-hairinnan-ja-kiusaamisen-ehkaisy\/","title":{"rendered":"Ep\u00e4asiallisen k\u00e4yt\u00f6ksen, h\u00e4irinn\u00e4n ja kiusaamisen ehk\u00e4isy"},"content":{"rendered":"<h2><strong>Mit\u00e4 on ep\u00e4asiallinen k\u00e4yt\u00f6s, h\u00e4irint\u00e4 ja kiusaaminen?<\/strong><\/h2>\n<p>Ep\u00e4asiallinen k\u00e4yt\u00f6s on hyvien tapojen vastaista, jatkuvaa ja toistuvaa huonoa k\u00e4yt\u00f6st\u00e4.<\/p>\n<p>Esimerkkej\u00e4 ep\u00e4asiallisesta k\u00e4yt\u00f6ksest\u00e4:<\/p>\n<ul>\n<li>ilke\u00e4t ja pilkkaavat puheet<\/li>\n<li>huutaminen, haukkuminen, juoruilu, naurunalaiseksi saattaminen, mustamaalaaminen, asiaton nimittely, mulkoileminen ja sel\u00e4n takana pahan puhuminen<\/li>\n<li>oman yhteis\u00f6n ulkopuolelle j\u00e4tt\u00e4minen, erist\u00e4minen ja puhumattomuus<\/li>\n<li>seksuaalinen h\u00e4irint\u00e4<\/li>\n<li>ty\u00f6nteon jatkuva arvostelu ilman syyt\u00e4, ty\u00f6nteon vaikeuttaminen ja ty\u00f6teht\u00e4vien jakaminen ep\u00e4reilusti<\/li>\n<li>p\u00e4ihteisiin liittyv\u00e4\u00e4 ep\u00e4asiallista k\u00e4yt\u00f6st\u00e4<\/li>\n<\/ul>\n<h3>Huomioi seuraava!<\/h3>\n<p>Kiusaamista ei ole kaikki pahaa mielt\u00e4 aiheuttava k\u00e4yt\u00f6s esimerkiksi erilaiset mielipiteet ja n\u00e4k\u00f6kulmat<\/p>\n<p>Seksuaalisella h\u00e4irinn\u00e4ll\u00e4 tarkoitetaan erilaista luonteeltaan seksuaalista ei-toivottua k\u00e4yt\u00f6st\u00e4, jolla yritet\u00e4\u00e4n loukata henkil\u00f6n koskemattomuutta henkisesti ja\/tai fyysisesti luomalla ilmapiiri, joka voi tuntua uhkaavalta, ahdistavalta ja n\u00f6yryytt\u00e4v\u00e4lt\u00e4.<\/p>\n<p>Sukupuoleen perustuvalla h\u00e4irinn\u00e4ll\u00e4 tarkoitetaan ei-toivottua k\u00e4yt\u00f6st\u00e4, joka liittyy henkil\u00f6n sukupuoleen, sukupuoli-identiteettiin tai sukupuolen ilmaisuun.<\/p>\n<p>Jokaisella on oikeus ruumiilliseen koskemattomuuteen. Se tarkoittaa, ett\u00e4 v\u00e4kivalta tai uhkailu on aina kielletty\u00e4 ja sit\u00e4 ei suvaita seuramme toiminnassa.<\/p>\n<p><strong>Jos kohtaat v\u00e4kivaltaa, ota heti yhteytt\u00e4 poliisiin.<\/strong><\/p>\n<h2><strong>Miten n\u00e4it\u00e4 ennaltaehk\u00e4ist\u00e4\u00e4n?<\/strong><\/h2>\n<p>Kaikista t\u00e4rkein tapa v\u00e4hent\u00e4\u00e4 ep\u00e4asiallista k\u00e4ytt\u00e4ytymist\u00e4 seuramme toiminnassa on\u00a0<em>ennaltaehk\u00e4isy.\u00a0<\/em>\u00a0Ep\u00e4asiallinen k\u00e4yt\u00f6s ei kuulu valmennuksiin, kilpailuihin, muihin tapahtumiin eik\u00e4 mihink\u00e4\u00e4n seuramme j\u00e4rjest\u00e4m\u00e4\u00e4n toimintaan. Jokaisen seuran j\u00e4senen, toimihenkil\u00f6n, valmentajan ja junioreiden vanhemman on syyt\u00e4 ilmoittaa havaitsemistaan ep\u00e4kohdista seuralle.<\/p>\n<p>Ennaltaehk\u00e4isyss\u00e4 olennaista on:<\/p>\n<ul>\n<li>tietoisuuden ja osaamisen lis\u00e4\u00e4minen (toimihenkil\u00f6t, vapaaehtoiset, valmentajat, j\u00e4senet ja perheet)<\/li>\n<li>puhumalla asioista avoimesti niiden omilla nimill\u00e4 yll\u00e4pit\u00e4en positiivista ilmapiiri\u00e4<\/li>\n<li>tunne- ja vuorovaikutustaitojen harjoittaminen<\/li>\n<li>pelis\u00e4\u00e4nn\u00f6t, toimintaohjeet sek\u00e4 linjaukset (seura, hallitus, toimihenkil\u00f6t, jaostot\/kerhot, valmentajat, j\u00e4senet, junioreiden vanhemmat)<\/li>\n<li>avoimuus ja l\u00e4pin\u00e4kyvyys kaikessa toiminnassa<\/li>\n<\/ul>\n<p><em>Kaikki l\u00e4htee jokaisesta seuran toimintaan osallistuvasta yksil\u00f6st\u00e4 itsest\u00e4\u00e4n<\/em><\/p>\n<h2><strong>Toimintatavat tilanteessa, miss\u00e4 koet ep\u00e4asiallista k\u00e4yt\u00f6st\u00e4, h\u00e4irint\u00e4\u00e4 ja kiusaamista.<\/strong><\/h2>\n<ol>\n<li>Sano seis, kun sinua loukataan.<\/li>\n<li>My\u00f6nn\u00e4 virheesi, kun loukkasit toista ja pyyd\u00e4 anteeksi.<\/li>\n<li>Hyv\u00e4ksy anteeksipyynt\u00f6, opitaan tapahtuneesta, ei j\u00e4\u00e4d\u00e4 kuitenkin menneisiin kiinni.<\/li>\n<li>Kerro tapahtuneesta seuramme h\u00e4irint\u00e4yhteyshenkil\u00f6lle, niin tilannetta seurataan ja tarvittaessa keskustellaan lis\u00e4\u00e4.<\/li>\n<\/ol>\n<p>T\u00e4m\u00e4 malli toimii my\u00f6s hyv\u00e4n\u00e4 perustana muidenkin toimijoiden v\u00e4liseen kanssak\u00e4ymiseen ristiriitatilanteiden kohdalla.<\/p>\n<p>Muita keinoja:<\/p>\n<ul>\n<li>Pyyd\u00e4 kiusaajaa lopettamaan. Kerro, ett\u00e4 h\u00e4nen sanansa tai tekonsa tuntuvat sinusta pahalta.<\/li>\n<li>Jos kiusaaminen tai h\u00e4irint\u00e4 ei lopu, ilmoita siit\u00e4 heti seuran toimihenkil\u00f6lle tai aikuiselle.<\/li>\n<li>Jos et uskalla puhua kiusaajalle, pyyd\u00e4 turvallista aikuista; <a href=\"https:\/\/www.tuomarinkylanratsastajat.fi\/tkr\/yhteystiedot\/\" target=\"_blank\" rel=\"noopener\">seuran hallituksen j\u00e4sent\u00e4<\/a>, harjoituksen valmentajaa, vanhempaa tai seuran h\u00e4irint\u00e4yhteyshenkil\u00f6\u00e4 Crista Toivolaa (crista.toivola@gmail.com) auttamaan.<\/li>\n<\/ul>\n<p>&nbsp;<\/p>\n","protected":false},"excerpt":{"rendered":"<p>Mit\u00e4 on ep\u00e4asiallinen k\u00e4yt\u00f6s, h\u00e4irint\u00e4 ja kiusaaminen? Ep\u00e4asiallinen k\u00e4yt\u00f6s on hyvien tapojen vastaista, jatkuvaa ja toistuvaa huonoa k\u00e4yt\u00f6st\u00e4. Esimerkkej\u00e4 ep\u00e4asiallisesta k\u00e4yt\u00f6ksest\u00e4: ilke\u00e4t ja pilkkaavat puheet huutaminen, haukkuminen, juoruilu, naurunalaiseksi saattaminen, mustamaalaaminen, asiaton nimittely, mulkoileminen ja sel\u00e4n takana pahan puhuminen oman<span class=\"ellipsis\">&hellip;<\/span><\/p>\n<div class=\"read-more\"><a href=\"https:\/\/www.tuomarinkylanratsastajat.fi\/tkr\/jasenasiat\/epaasiallisen-kaytoksen-hairinnan-ja-kiusaamisen-ehkaisy\/\">Read more <span class=\"screen-reader-text\">Ep\u00e4asiallisen k\u00e4yt\u00f6ksen, h\u00e4irinn\u00e4n ja kiusaamisen ehk\u00e4isy<\/span><span class=\"meta-nav\"> &#8250;<\/span><\/a><\/div>\n<p><!-- end of .read-more --><\/p>\n","protected":false},"author":3,"featured_media":0,"parent":20,"menu_order":0,"comment_status":"closed","ping_status":"closed","template":"","meta":{"footnotes":""},"class_list":["post-4020","page","type-page","status-publish","hentry"],"_links":{"self":[{"href":"https:\/\/www.tuomarinkylanratsastajat.fi\/tkr\/wp-json\/wp\/v2\/pages\/4020","targetHints":{"allow":["GET"]}}],"collection":[{"href":"https:\/\/www.tuomarinkylanratsastajat.fi\/tkr\/wp-json\/wp\/v2\/pages"}],"about":[{"href":"https:\/\/www.tuomarinkylanratsastajat.fi\/tkr\/wp-json\/wp\/v2\/types\/page"}],"author":[{"embeddable":true,"href":"https:\/\/www.tuomarinkylanratsastajat.fi\/tkr\/wp-json\/wp\/v2\/users\/3"}],"replies":[{"embeddable":true,"href":"https:\/\/www.tuomarinkylanratsastajat.fi\/tkr\/wp-json\/wp\/v2\/comments?post=4020"}],"version-history":[{"count":1,"href":"https:\/\/www.tuomarinkylanratsastajat.fi\/tkr\/wp-json\/wp\/v2\/pages\/4020\/revisions"}],"predecessor-version":[{"id":4022,"href":"https:\/\/www.tuomarinkylanratsastajat.fi\/tkr\/wp-json\/wp\/v2\/pages\/4020\/revisions\/4022"}],"up":[{"embeddable":true,"href":"https:\/\/www.tuomarinkylanratsastajat.fi\/tkr\/wp-json\/wp\/v2\/pages\/20"}],"wp:attachment":[{"href":"https:\/\/www.tuomarinkylanratsastajat.fi\/tkr\/wp-json\/wp\/v2\/media?parent=4020"}],"curies":[{"name":"wp","href":"https:\/\/api.w.org\/{rel}","templated":true}]}}