{"id":386,"date":"2017-09-04T14:07:14","date_gmt":"2017-09-04T12:07:14","guid":{"rendered":"https:\/\/www.tuomarinkylanratsastajat.fi\/tkr\/?page_id=386"},"modified":"2017-12-16T13:56:27","modified_gmt":"2017-12-16T11:56:27","slug":"kalenteri-2017","status":"publish","type":"page","link":"https:\/\/www.tuomarinkylanratsastajat.fi\/tkr\/arkisto\/kalenteri-2017\/","title":{"rendered":"Kalenteri 2017"},"content":{"rendered":"<p><strong>VUOSI 2017<\/strong><\/p>\n<div><strong>KOKO VUODEN TAPAHTUMAKALENTERI:<\/strong><\/div>\n<p>TAMMIKUU<\/p>\n<ul>\n<li>\u00a028.1. <a href=\"https:\/\/www.tuomarinkylanratsastajat.fi\/tkr\/valmennukset\/krista-mutasen-cr-kurssi-28-1-2017\/\">Krista Mutasen CR-kurssi<\/a><\/li>\n<\/ul>\n<div>HELMIKUU<\/div>\n<ul>\n<li>\u00a04.2. <a href=\"https:\/\/www.tuomarinkylanratsastajat.fi\/tkr\/uutiset\/saantokoulutus-4-2-2017-klo-15-17-30-vinttikoirakeskuksessa\/\">S\u00e4\u00e4nt\u00f6koulutus<\/a>, Vinttikoirakeskus klo 15-17.30<\/li>\n<li>11.2. <a href=\"https:\/\/www.tuomarinkylanratsastajat.fi\/tkr\/category\/valmennukset\/ville-vaurion-valmennukset\/\">Ville Vaurion kouluratsastusvalmennus <\/a>klo 14-20<\/li>\n<\/ul>\n<div>\n<div>MAALISKUU<\/div>\n<ul>\n<li>4.-5.3. <a href=\"https:\/\/www.tuomarinkylanratsastajat.fi\/tkr\/category\/valmennukset\/kari-nevalan-valmennukset\/\">Kari Nevalan esteratsastusvalmennus<\/a><\/li>\n<li>18.-19.3. <a href=\"https:\/\/www.tuomarinkylanratsastajat.fi\/tkr\/category\/valmennukset\/markku-soderbergin-valmennukset\/\">Markku S\u00f6derbergin esteratsastusvalmennus<\/a><\/li>\n<li>25.3. Dumipotti, 1-tason esteratsastuskilpailut (TKR)<\/li>\n<\/ul>\n<div>HUHTIKUU<\/div>\n<ul>\n<li>8.4. Dumipotti, 1-tason esteratsastuskilpailut (HeWi)<\/li>\n<li>14.4. <a href=\"https:\/\/www.tuomarinkylanratsastajat.fi\/tkr\/category\/valmennukset\/ville-vaurion-valmennukset\/\">Ville Vaurion kouluratsastusvalmennus<\/a> klo 8-12<\/li>\n<li>22.-23.4.\u00a0<a href=\"https:\/\/www.tuomarinkylanratsastajat.fi\/tkr\/category\/valmennukset\/kari-nevalan-valmennukset\/\">Kari Nevalan esteratsastusvalmennus<\/a><\/li>\n<li>22.4.\u00a0<a href=\"https:\/\/www.tuomarinkylanratsastajat.fi\/tkr\/valmennukset\/krista-mutasen-ii-tason-cr-kurssi-22-4-2017\/\">Krista Mutasen CR-kurssi<\/a><\/li>\n<li>29.4. B-merkin ja Aikuismerkin este- ja kouluratsastus suoritus\/ kilpailut<\/li>\n<\/ul>\n<div>TOUKOKUU<\/div>\n<ul>\n<li>6.5. <a href=\"https:\/\/kipa.ratsastus.fi\/modules\/system\/stdreq.aspx?P=2&amp;VID=default&amp;SID=471475740049235&amp;A=open%3asrlui%3ac3%3a19108&amp;S=1&amp;C=26474\">ESRA ratsastuskouluoppilaiden 1-tason kouluratsastuskilpailut alkaen klo 9.00<\/a><\/li>\n<li>8.5. <a href=\"https:\/\/www.tuomarinkylanratsastajat.fi\/tkr\/tapahtumat\/kutsu-seuran-vuosikokous-8-5-2017-klo-18-00\/\">TKR:n s\u00e4\u00e4nt\u00f6m\u00e4\u00e4r\u00e4inen vuosikokous klo 18.00<\/a>.<\/li>\n<li>13.5. <a href=\"https:\/\/kipa.ratsastus.fi\/modules\/system\/stdreq.aspx?P=2&amp;VID=default&amp;SID=471475740049235&amp;A=open%3asrlui%3ac3%3a19112&amp;S=1&amp;C=26452\">ESRA ratsastuskouluoppilaiden 1-tason esteratsastuskilpailut alkaen klo 9.00<\/a><\/li>\n<\/ul>\n<div>KES\u00c4KUU<\/div>\n<ul>\n<li>3.6. 1-tason esteratsastuskilpailut, Dumipotti (TKR)<\/li>\n<\/ul>\n<\/div>\n<div>\n<div>HEIN\u00c4KUU<\/div>\n<ul>\n<li>5.7. Kouluratsastuksen rataharjoitukset<\/li>\n<li>26.7. Kouluratsastuksen rataharjoitukset<\/li>\n<\/ul>\n<div>ELOKUU<\/div>\n<ul>\n<li>19.8. 2-3-tason esteratsastuskilpailut<\/li>\n<li>20.8. 2-tason kouluratsastuskilpailut<\/li>\n<\/ul>\n<div>SYYSKUU<\/div>\n<ul>\n<li>2-3.9. Markku S\u00f6derbergin esteratsastusvalmennus<\/li>\n<li>30.9-1.10. Kimmo Sulkalan kouluratsastusvalmennus<\/li>\n<li>30.9. Kaluston siirto ulkokentilt\u00e4 maneeseihin<\/li>\n<\/ul>\n<div>LOKAKUU<\/div>\n<\/div>\n<div>\n<ul>\n<li>7.10. Kouluratsastuskilpailut, seuramestaruudet<\/li>\n<li>14-15.10 Kari Nevalan esteratsastusvalmennus<\/li>\n<li>14.10. Krista Mutasen CR-kurssi<\/li>\n<\/ul>\n<div>MARRASKUU<\/div>\n<ul>\n<li>4-5.11. Markku S\u00f6derbergin esteratsastusvalmennus<\/li>\n<li>11.11. Mini- ja Maximestaruudet<\/li>\n<li>18.11. Dumipotti esteratsastuskilpailut, seuramestaruudet<\/li>\n<\/ul>\n<div>JOULUKUU<\/div>\n<ul>\n<li>02.12. <a href=\"https:\/\/www.tuomarinkylanratsastajat.fi\/tkr\/uutiset\/koko-maen-pikkujoulut-2-12-2017\/\">Koko m\u00e4en pikkujoulujuhla.<\/a><\/li>\n<li>16.12. Krista Mutasen CR-kurssi<\/li>\n<\/ul>\n<\/div>\n","protected":false},"excerpt":{"rendered":"<p>VUOSI 2017 KOKO VUODEN TAPAHTUMAKALENTERI: TAMMIKUU \u00a028.1. Krista Mutasen CR-kurssi HELMIKUU \u00a04.2. S\u00e4\u00e4nt\u00f6koulutus, Vinttikoirakeskus klo 15-17.30 11.2. Ville Vaurion kouluratsastusvalmennus klo 14-20 MAALISKUU 4.-5.3. Kari Nevalan esteratsastusvalmennus 18.-19.3. Markku S\u00f6derbergin esteratsastusvalmennus 25.3. Dumipotti, 1-tason esteratsastuskilpailut (TKR) HUHTIKUU 8.4. Dumipotti, 1-tason<span class=\"ellipsis\">&hellip;<\/span><\/p>\n<div class=\"read-more\"><a href=\"https:\/\/www.tuomarinkylanratsastajat.fi\/tkr\/arkisto\/kalenteri-2017\/\">Read more <span class=\"screen-reader-text\">Kalenteri 2017<\/span><span class=\"meta-nav\"> &#8250;<\/span><\/a><\/div>\n<p><!-- end of .read-more --><\/p>\n","protected":false},"author":3,"featured_media":0,"parent":74,"menu_order":0,"comment_status":"closed","ping_status":"closed","template":"","meta":{"footnotes":""},"class_list":["post-386","page","type-page","status-publish","hentry"],"_links":{"self":[{"href":"https:\/\/www.tuomarinkylanratsastajat.fi\/tkr\/wp-json\/wp\/v2\/pages\/386","targetHints":{"allow":["GET"]}}],"collection":[{"href":"https:\/\/www.tuomarinkylanratsastajat.fi\/tkr\/wp-json\/wp\/v2\/pages"}],"about":[{"href":"https:\/\/www.tuomarinkylanratsastajat.fi\/tkr\/wp-json\/wp\/v2\/types\/page"}],"author":[{"embeddable":true,"href":"https:\/\/www.tuomarinkylanratsastajat.fi\/tkr\/wp-json\/wp\/v2\/users\/3"}],"replies":[{"embeddable":true,"href":"https:\/\/www.tuomarinkylanratsastajat.fi\/tkr\/wp-json\/wp\/v2\/comments?post=386"}],"version-history":[{"count":30,"href":"https:\/\/www.tuomarinkylanratsastajat.fi\/tkr\/wp-json\/wp\/v2\/pages\/386\/revisions"}],"predecessor-version":[{"id":1058,"href":"https:\/\/www.tuomarinkylanratsastajat.fi\/tkr\/wp-json\/wp\/v2\/pages\/386\/revisions\/1058"}],"up":[{"embeddable":true,"href":"https:\/\/www.tuomarinkylanratsastajat.fi\/tkr\/wp-json\/wp\/v2\/pages\/74"}],"wp:attachment":[{"href":"https:\/\/www.tuomarinkylanratsastajat.fi\/tkr\/wp-json\/wp\/v2\/media?parent=386"}],"curies":[{"name":"wp","href":"https:\/\/api.w.org\/{rel}","templated":true}]}}