{"id":3812,"date":"2024-05-16T14:28:46","date_gmt":"2024-05-16T12:28:46","guid":{"rendered":"https:\/\/www.tuomarinkylanratsastajat.fi\/tkr\/?page_id=3812"},"modified":"2024-05-16T14:30:33","modified_gmt":"2024-05-16T12:30:33","slug":"tyotehtavien-ohjeet-tkr-kilpailuihin","status":"publish","type":"page","link":"https:\/\/www.tuomarinkylanratsastajat.fi\/tkr\/jasenasiat\/tyotehtavien-ohjeet-tkr-kilpailuihin\/","title":{"rendered":"Ty\u00f6teht\u00e4vien ohjeet TKR-kilpailuihin"},"content":{"rendered":"<p><strong>TY\u00d6TEHT\u00c4VIEN OHJEET<\/strong><\/p>\n<p>Alta l\u00f6yd\u00e4t toimihenkil\u00f6teht\u00e4vien ohjeet koulukilpailuihin halli- ja ulkokaudella.<\/p>\n<p><a href=\"https:\/\/www.tuomarinkylanratsastajat.fi\/tkr\/wp-content\/uploads\/2024\/05\/Tyovuoro-ohje-TKR-Koulu-Ulkokausi.pdf\">Tyo\u0308vuoro-ohje TKR Koulu Ulkokausi<\/a><\/p>\n<p><a href=\"https:\/\/www.tuomarinkylanratsastajat.fi\/tkr\/wp-content\/uploads\/2024\/05\/Tyovuoro-ohje-TKR-Koulu-Hallikausi.pdf\">Tyo\u0308vuoro- ohje TKR Koulu Hallikausi<\/a><\/p>\n<p>&nbsp;<\/p>\n<p>&nbsp;<\/p>\n","protected":false},"excerpt":{"rendered":"<p>TY\u00d6TEHT\u00c4VIEN OHJEET Alta l\u00f6yd\u00e4t toimihenkil\u00f6teht\u00e4vien ohjeet koulukilpailuihin halli- ja ulkokaudella. Tyo\u0308vuoro-ohje TKR Koulu Ulkokausi Tyo\u0308vuoro- ohje TKR Koulu Hallikausi &nbsp; &nbsp;<\/p>\n","protected":false},"author":1,"featured_media":0,"parent":20,"menu_order":0,"comment_status":"closed","ping_status":"closed","template":"","meta":{"footnotes":""},"class_list":["post-3812","page","type-page","status-publish","hentry"],"_links":{"self":[{"href":"https:\/\/www.tuomarinkylanratsastajat.fi\/tkr\/wp-json\/wp\/v2\/pages\/3812","targetHints":{"allow":["GET"]}}],"collection":[{"href":"https:\/\/www.tuomarinkylanratsastajat.fi\/tkr\/wp-json\/wp\/v2\/pages"}],"about":[{"href":"https:\/\/www.tuomarinkylanratsastajat.fi\/tkr\/wp-json\/wp\/v2\/types\/page"}],"author":[{"embeddable":true,"href":"https:\/\/www.tuomarinkylanratsastajat.fi\/tkr\/wp-json\/wp\/v2\/users\/1"}],"replies":[{"embeddable":true,"href":"https:\/\/www.tuomarinkylanratsastajat.fi\/tkr\/wp-json\/wp\/v2\/comments?post=3812"}],"version-history":[{"count":2,"href":"https:\/\/www.tuomarinkylanratsastajat.fi\/tkr\/wp-json\/wp\/v2\/pages\/3812\/revisions"}],"predecessor-version":[{"id":3817,"href":"https:\/\/www.tuomarinkylanratsastajat.fi\/tkr\/wp-json\/wp\/v2\/pages\/3812\/revisions\/3817"}],"up":[{"embeddable":true,"href":"https:\/\/www.tuomarinkylanratsastajat.fi\/tkr\/wp-json\/wp\/v2\/pages\/20"}],"wp:attachment":[{"href":"https:\/\/www.tuomarinkylanratsastajat.fi\/tkr\/wp-json\/wp\/v2\/media?parent=3812"}],"curies":[{"name":"wp","href":"https:\/\/api.w.org\/{rel}","templated":true}]}}