{"id":3781,"date":"2024-04-21T21:09:01","date_gmt":"2024-04-21T19:09:01","guid":{"rendered":"https:\/\/www.tuomarinkylanratsastajat.fi\/tkr\/?page_id=3781"},"modified":"2024-04-21T21:15:46","modified_gmt":"2024-04-21T19:15:46","slug":"tkrn-sosiaalisen-median-ohjeistus","status":"publish","type":"page","link":"https:\/\/www.tuomarinkylanratsastajat.fi\/tkr\/tkrn-sosiaalisen-median-ohjeistus\/","title":{"rendered":"TKR:n sosiaalisen median ohjeistus"},"content":{"rendered":"<h3>Sosiaalisen median s\u00e4\u00e4nn\u00f6t<\/h3>\n<p>TKR:n sosiaalisen median kanavat ovat Facebook, Instagram sek\u00e4 TikTok. Kotisivuilla ja sosiaalisen median kanavissa julkaistaan seuran uutisia, tapahtumailmoituksia, kisakutsuja, yleist\u00e4 tietoa ja kerrotaan j\u00e4senist\u00f6lle ja sidosryhmille seuran toiminnasta.<\/p>\n<p>Julkaisemme j\u00e4senten p\u00e4ivityksi\u00e4 ja kuulumisia, jotka t\u00e4ytt\u00e4v\u00e4t hyv\u00e4n ja laadukkaan somesis\u00e4ll\u00f6n kriteerit. N\u00e4iss\u00e4 huomioidaan erityisesti hevosten hyvinvointi, ratsukon turvallisuus ja s\u00e4\u00e4nt\u00f6jenmukainen varustus, p\u00e4ivityksen asiallisuus ja hevosyst\u00e4v\u00e4llisyys, kuvattavien hyv\u00e4ksynt\u00e4 julkaisuun sek\u00e4 se, ett\u00e4 oikeudet kuvien\/videoiden k\u00e4ytt\u00f6\u00f6n ovat kunnossa.<\/p>\n<p>TKR:n somekanavissa on avoin kommentointi k\u00e4yt\u00f6ss\u00e4, ja kaikkien tulee huomioida hyvien tapojen mukaiset somes\u00e4\u00e4nn\u00f6t.<\/p>\n<p>Somessa huomioidaan seuraavat asiat:<\/p>\n<ul>\n<li>kunnioitamme muiden mielipiteit\u00e4<\/li>\n<li>omaa mielipidett\u00e4 puolustetaan asiallisesti ja rakentavasti<\/li>\n<li>pysyt\u00e4\u00e4n faktoissa<\/li>\n<li>arvostelemista, nimittely\u00e4 tai haukkumista ei hyv\u00e4ksyt\u00e4<\/li>\n<li>kommentoinnin tulee liitty\u00e4 julkaisun aiheeseen<\/li>\n<li>keskityt\u00e4\u00e4n asialliseen ja rakentavaan keskusteluun<\/li>\n<li>kielenk\u00e4ytt\u00f6 on asiallista.<\/li>\n<\/ul>\n<p>TKR pid\u00e4tt\u00e4\u00e4 oikeuden poistaa seuraavanlaiset viestit tai kommentit:<\/p>\n<ul>\n<li>rikokseen yllytt\u00e4minen tai muu lainvastainen sis\u00e4lt\u00f6<\/li>\n<li>asiaton kommentointi tai asiaton viestittely<\/li>\n<li>toisia ihmisi\u00e4 tai toimijoita loukkaava kielenk\u00e4ytt\u00f6 ja asiasis\u00e4lt\u00f6<\/li>\n<li>v\u00e4\u00e4r\u00e4 tai tarkoituksellisesti harhaanjohtava tieto.<\/li>\n<\/ul>\n<p>Mik\u00e4li on tarpeen, est\u00e4mme yhteisi\u00e4 pelis\u00e4\u00e4nt\u00f6j\u00e4 rikkovien henkil\u00f6iden p\u00e4\u00e4syn sosiaalisen median kanaviimme. Sitoudut noudattamaan n\u00e4it\u00e4 yhteisi\u00e4 s\u00e4\u00e4nt\u00f6j\u00e4 kun osallistut keskusteluun tai viestienvaihtoon TKR:n sosiaalisessa mediassa.<\/p>\n<p>Lis\u00e4tietoja aiheesta antaa seuran viestint\u00e4vastaava.<\/p>\n","protected":false},"excerpt":{"rendered":"<p>Sosiaalisen median s\u00e4\u00e4nn\u00f6t TKR:n sosiaalisen median kanavat ovat Facebook, Instagram sek\u00e4 TikTok. Kotisivuilla ja sosiaalisen median kanavissa julkaistaan seuran uutisia, tapahtumailmoituksia, kisakutsuja, yleist\u00e4 tietoa ja kerrotaan j\u00e4senist\u00f6lle ja sidosryhmille seuran toiminnasta. Julkaisemme j\u00e4senten p\u00e4ivityksi\u00e4 ja kuulumisia, jotka t\u00e4ytt\u00e4v\u00e4t hyv\u00e4n ja<span class=\"ellipsis\">&hellip;<\/span><\/p>\n<div class=\"read-more\"><a href=\"https:\/\/www.tuomarinkylanratsastajat.fi\/tkr\/tkrn-sosiaalisen-median-ohjeistus\/\">Read more <span class=\"screen-reader-text\">TKR:n sosiaalisen median ohjeistus<\/span><span class=\"meta-nav\"> &#8250;<\/span><\/a><\/div>\n<p><!-- end of .read-more --><\/p>\n","protected":false},"author":1,"featured_media":0,"parent":0,"menu_order":0,"comment_status":"closed","ping_status":"closed","template":"","meta":{"footnotes":""},"class_list":["post-3781","page","type-page","status-publish","hentry"],"_links":{"self":[{"href":"https:\/\/www.tuomarinkylanratsastajat.fi\/tkr\/wp-json\/wp\/v2\/pages\/3781","targetHints":{"allow":["GET"]}}],"collection":[{"href":"https:\/\/www.tuomarinkylanratsastajat.fi\/tkr\/wp-json\/wp\/v2\/pages"}],"about":[{"href":"https:\/\/www.tuomarinkylanratsastajat.fi\/tkr\/wp-json\/wp\/v2\/types\/page"}],"author":[{"embeddable":true,"href":"https:\/\/www.tuomarinkylanratsastajat.fi\/tkr\/wp-json\/wp\/v2\/users\/1"}],"replies":[{"embeddable":true,"href":"https:\/\/www.tuomarinkylanratsastajat.fi\/tkr\/wp-json\/wp\/v2\/comments?post=3781"}],"version-history":[{"count":4,"href":"https:\/\/www.tuomarinkylanratsastajat.fi\/tkr\/wp-json\/wp\/v2\/pages\/3781\/revisions"}],"predecessor-version":[{"id":3787,"href":"https:\/\/www.tuomarinkylanratsastajat.fi\/tkr\/wp-json\/wp\/v2\/pages\/3781\/revisions\/3787"}],"wp:attachment":[{"href":"https:\/\/www.tuomarinkylanratsastajat.fi\/tkr\/wp-json\/wp\/v2\/media?parent=3781"}],"curies":[{"name":"wp","href":"https:\/\/api.w.org\/{rel}","templated":true}]}}