{"id":3773,"date":"2024-04-18T14:11:05","date_gmt":"2024-04-18T12:11:05","guid":{"rendered":"https:\/\/www.tuomarinkylanratsastajat.fi\/tkr\/?page_id=3773"},"modified":"2024-04-18T14:11:56","modified_gmt":"2024-04-18T12:11:56","slug":"visio-missio-ja-arvot","status":"publish","type":"page","link":"https:\/\/www.tuomarinkylanratsastajat.fi\/tkr\/jasenasiat\/visio-missio-ja-arvot\/","title":{"rendered":"Visio, missio ja arvot"},"content":{"rendered":"<p><strong>VISIO<\/strong><\/p>\n<p>TKR on arvostettu ja houkutteleva ratsastusseura, joka toimii aktiivisesti lajin kehitt\u00e4miseksi sek\u00e4 tarjoaa j\u00e4senilleen erinomaiset mahdollisuudet kehitty\u00e4 hevosharrastuksen parissa.<\/p>\n<p><strong>MISSIO<\/strong><\/p>\n<p>Tuomarinkyl\u00e4n Ratsastajat ry:n tarkoituksena on edist\u00e4\u00e4 ratsastusta lajina sek\u00e4 tarjota j\u00e4senille mahdollisuus laadukkaaseen ja monipuoliseen harrastamiseen ja kilpailemiseen. Haluamme kehitt\u00e4\u00e4 aktiivisia seuratoimijoita ja vastuullisia hevosharrastajia. Olemme aktiivinen toimija lajin kehitt\u00e4misess\u00e4 kokonaisuutena, tehden yhteisty\u00f6t\u00e4 eri sidosryhmien kanssa. Toimintamme tukee liikunnallisuutta ja lis\u00e4\u00e4 hyvinvointia hevosten, yhteis\u00f6llisyyden ja kannustavan ilmapiirin kautta.<\/p>\n<p><strong>ARVOT<\/strong><\/p>\n<p class=\"p1\">Ydinarvojamme ovat yhdess\u00e4 tekeminen, vastuullisuus ja aktiivisuus. Noudatamme Reilun Pelin periaatteita: hyv\u00e4 hallinto, turvallinen toimintaymp\u00e4rist\u00f6, yhdenvertaisuus ja tasa-arvo, ymp\u00e4rist\u00f6 ja ilmasto sek\u00e4 anti-doping. Sitoudumme noudattamaan Suomen Ratsastajainliiton arvoja: yhteisty\u00f6, vastuullisuus ja edell\u00e4k\u00e4vijyys.<\/p>\n<p><a href=\"https:\/\/www.tuomarinkylanratsastajat.fi\/tkr\/wp-content\/uploads\/2024\/04\/Nayttokuva-2024-4-18-kello-15.08.05.png\"><img loading=\"lazy\" decoding=\"async\" class=\"alignnone size-large wp-image-3774\" src=\"https:\/\/www.tuomarinkylanratsastajat.fi\/tkr\/wp-content\/uploads\/2024\/04\/Nayttokuva-2024-4-18-kello-15.08.05-1024x568.png\" alt=\"\" width=\"750\" height=\"416\" srcset=\"https:\/\/www.tuomarinkylanratsastajat.fi\/tkr\/wp-content\/uploads\/2024\/04\/Nayttokuva-2024-4-18-kello-15.08.05-1024x568.png 1024w, https:\/\/www.tuomarinkylanratsastajat.fi\/tkr\/wp-content\/uploads\/2024\/04\/Nayttokuva-2024-4-18-kello-15.08.05-300x166.png 300w, https:\/\/www.tuomarinkylanratsastajat.fi\/tkr\/wp-content\/uploads\/2024\/04\/Nayttokuva-2024-4-18-kello-15.08.05-768x426.png 768w, https:\/\/www.tuomarinkylanratsastajat.fi\/tkr\/wp-content\/uploads\/2024\/04\/Nayttokuva-2024-4-18-kello-15.08.05-100x55.png 100w, https:\/\/www.tuomarinkylanratsastajat.fi\/tkr\/wp-content\/uploads\/2024\/04\/Nayttokuva-2024-4-18-kello-15.08.05-150x83.png 150w, https:\/\/www.tuomarinkylanratsastajat.fi\/tkr\/wp-content\/uploads\/2024\/04\/Nayttokuva-2024-4-18-kello-15.08.05-200x111.png 200w, https:\/\/www.tuomarinkylanratsastajat.fi\/tkr\/wp-content\/uploads\/2024\/04\/Nayttokuva-2024-4-18-kello-15.08.05-450x250.png 450w, https:\/\/www.tuomarinkylanratsastajat.fi\/tkr\/wp-content\/uploads\/2024\/04\/Nayttokuva-2024-4-18-kello-15.08.05-600x333.png 600w, https:\/\/www.tuomarinkylanratsastajat.fi\/tkr\/wp-content\/uploads\/2024\/04\/Nayttokuva-2024-4-18-kello-15.08.05-900x499.png 900w, https:\/\/www.tuomarinkylanratsastajat.fi\/tkr\/wp-content\/uploads\/2024\/04\/Nayttokuva-2024-4-18-kello-15.08.05.png 1042w\" sizes=\"auto, (max-width: 750px) 100vw, 750px\" \/><\/a><\/p>\n","protected":false},"excerpt":{"rendered":"<p>VISIO TKR on arvostettu ja houkutteleva ratsastusseura, joka toimii aktiivisesti lajin kehitt\u00e4miseksi sek\u00e4 tarjoaa j\u00e4senilleen erinomaiset mahdollisuudet kehitty\u00e4 hevosharrastuksen parissa. MISSIO Tuomarinkyl\u00e4n Ratsastajat ry:n tarkoituksena on edist\u00e4\u00e4 ratsastusta lajina sek\u00e4 tarjota j\u00e4senille mahdollisuus laadukkaaseen ja monipuoliseen harrastamiseen ja kilpailemiseen. Haluamme<span class=\"ellipsis\">&hellip;<\/span><\/p>\n<div class=\"read-more\"><a href=\"https:\/\/www.tuomarinkylanratsastajat.fi\/tkr\/jasenasiat\/visio-missio-ja-arvot\/\">Read more <span class=\"screen-reader-text\">Visio, missio ja arvot<\/span><span class=\"meta-nav\"> &#8250;<\/span><\/a><\/div>\n<p><!-- end of .read-more --><\/p>\n","protected":false},"author":1,"featured_media":0,"parent":20,"menu_order":0,"comment_status":"closed","ping_status":"closed","template":"","meta":{"footnotes":""},"class_list":["post-3773","page","type-page","status-publish","hentry"],"_links":{"self":[{"href":"https:\/\/www.tuomarinkylanratsastajat.fi\/tkr\/wp-json\/wp\/v2\/pages\/3773","targetHints":{"allow":["GET"]}}],"collection":[{"href":"https:\/\/www.tuomarinkylanratsastajat.fi\/tkr\/wp-json\/wp\/v2\/pages"}],"about":[{"href":"https:\/\/www.tuomarinkylanratsastajat.fi\/tkr\/wp-json\/wp\/v2\/types\/page"}],"author":[{"embeddable":true,"href":"https:\/\/www.tuomarinkylanratsastajat.fi\/tkr\/wp-json\/wp\/v2\/users\/1"}],"replies":[{"embeddable":true,"href":"https:\/\/www.tuomarinkylanratsastajat.fi\/tkr\/wp-json\/wp\/v2\/comments?post=3773"}],"version-history":[{"count":1,"href":"https:\/\/www.tuomarinkylanratsastajat.fi\/tkr\/wp-json\/wp\/v2\/pages\/3773\/revisions"}],"predecessor-version":[{"id":3775,"href":"https:\/\/www.tuomarinkylanratsastajat.fi\/tkr\/wp-json\/wp\/v2\/pages\/3773\/revisions\/3775"}],"up":[{"embeddable":true,"href":"https:\/\/www.tuomarinkylanratsastajat.fi\/tkr\/wp-json\/wp\/v2\/pages\/20"}],"wp:attachment":[{"href":"https:\/\/www.tuomarinkylanratsastajat.fi\/tkr\/wp-json\/wp\/v2\/media?parent=3773"}],"curies":[{"name":"wp","href":"https:\/\/api.w.org\/{rel}","templated":true}]}}