{"id":3586,"date":"2023-12-21T10:32:11","date_gmt":"2023-12-21T08:32:11","guid":{"rendered":"https:\/\/www.tuomarinkylanratsastajat.fi\/tkr\/?page_id=3586"},"modified":"2024-12-09T16:15:15","modified_gmt":"2024-12-09T14:15:15","slug":"kalenteri-2024","status":"publish","type":"page","link":"https:\/\/www.tuomarinkylanratsastajat.fi\/tkr\/etusivu\/kalenteri-2024\/","title":{"rendered":"Kalenteri 2024"},"content":{"rendered":"<p><strong>Tammikuu 2024<\/strong><\/p>\n<p>20.1.2024 Domi Jumping &#8211; peruttu<\/p>\n<p><strong><br \/>\nHelmikuu 2024<\/strong><\/p>\n<p>6.2.2024 Eevamaria Porthan-Broddellin kouluvalmennus<\/p>\n<p>13.2.2024 Eevamaria Porthan-Broddellin kouluvalmennus<\/p>\n<p>17.2.2024 S\u00e4\u00e4nt\u00f6koulutus klo 15.00, Zoom<\/p>\n<p>24.2.2024 Esterataharjoitus (vanha maneesi)<\/p>\n<p><strong><br \/>\nMaaliskuu 2024<\/strong><\/p>\n<p>19.3.2024 Eevamaria Porthan-Broddellin kouluvalmennus<\/p>\n<p>23.3.2024 Domi Jumping Estekilpailut (molemmat maneesit), <a href=\"https:\/\/kipa.ratsastus.fi\/events\/c578649d-2875-49b8-8a2b-38ec866db0c4\/results\/\" target=\"_blank\" rel=\"noopener\">KIPA<\/a>, <a href=\"https:\/\/online.equipe.com\/shows\/61191\" target=\"_blank\" rel=\"noopener\">Equipe Online<\/a><\/p>\n<p><strong><br \/>\nHuhtikuu 2024<\/strong><\/p>\n<p>9.4.2024 Eevamaria Porthan-Broddellin kouluvalmennus<\/p>\n<p>23.4.2024 Eevamaria Porthan-Broddellin kouluvalmennus<\/p>\n<p>26.4.2024 Eevamaria Porthan-Broddellin kouluvalmennus<\/p>\n<p>27.4.2024 Domi Dressage Koulukilpailut (molemmat maneesit), <a href=\"https:\/\/kipa.ratsastus.fi\/events\/7496a969-8e89-4856-9443-9e210530ea73\/results\/\" target=\"_blank\" rel=\"noopener\">KIPA<\/a>, <a href=\"https:\/\/online.equipe.com\/shows\/62057\" target=\"_blank\" rel=\"noopener\">Equipe Online<\/a><\/p>\n<p><strong><br \/>\nToukokuu 2024<\/strong><\/p>\n<p>11.5.2024 <a href=\"https:\/\/www.tuomarinkylanratsastajat.fi\/tkr\/valmennukset\/ville-vaurion-la-11-5-2024-valmennusten-aikataulu\/\">Ville Vaurion kouluvalmennus (iso kentt\u00e4 ja Uusi Maneesi)<\/a><\/p>\n<p>15.5.2024 <a href=\"https:\/\/www.tuomarinkylanratsastajat.fi\/tkr\/tapahtumat\/tkrn-vuosikokous-2024\/\">TKR Vuosikokous klo 19.00 (teltassa ison kent\u00e4n reunalla)<\/a><\/p>\n<p>18.5.2024 Domi Dressage Koulukilpailut (iso ja pieni kentt\u00e4), <a href=\"https:\/\/kipa.ratsastus.fi\/events\/2b674dcd-a546-4981-a17a-4863c10e25b8\/results\/\" target=\"_blank\" rel=\"noopener\">KIPA<\/a>, <a href=\"https:\/\/online.equipe.com\/shows\/62815\" target=\"_blank\" rel=\"noopener\">Equipe Online<\/a><\/p>\n<p>25.5.2024 Alue- ja seurakilpailut, esteet, <a href=\"https:\/\/kipa.ratsastus.fi\/events\/35850b67-d6ea-456e-a9eb-871f109fad5d\/results\/\" target=\"_blank\" rel=\"noopener\">KIPA<\/a>, <a href=\"https:\/\/online.equipe.com\/shows\/63030\" target=\"_blank\" rel=\"noopener\">Equipe Online<\/a><\/p>\n<p>29.5.2024 <a href=\"https:\/\/www.tuomarinkylanratsastajat.fi\/tkr\/tapahtumat\/tkr-retki-vermo-areenalle-ajokokeilu-ja-keskiviikkoravit-29-5-2024\/\">Retki Vermo Areenalle, ajokokeilu ja keskiviikkoravit<\/a><\/p>\n<p><strong><br \/>\nKes\u00e4kuu 2024<\/strong><\/p>\n<p>4.6.2024 <a href=\"https:\/\/www.tuomarinkylanratsastajat.fi\/tkr\/uutiset-2\/3806\/\">Eevamaria Porthan-Broddellin kouluvalmennus<\/a><\/p>\n<p>8.6.2024 Suski Fagerstr\u00f6min \u00a0Mind Riders estekurssi (estekentt\u00e4 klo 14-20) Peruttu<\/p>\n<p>18.6.2024 <a href=\"https:\/\/www.tuomarinkylanratsastajat.fi\/tkr\/uutiset-2\/3806\/\">Eevamaria Porthan-Broddellin kouluvalmennus<\/a><\/p>\n<p><strong><br \/>\nHein\u00e4kuu 2024<\/strong><\/p>\n<p><strong>Elokuu 2024<\/strong><\/p>\n<p>10.8.2024 Valmennusvaraus \u00a0Juho Norilo (estekentt\u00e4 klo 13-18)<\/p>\n<p>17.8.2024 EsRa:n henkil\u00f6kohtaiset aluemestaruudet 2024 kouluratsastus<\/p>\n<p>20.08.2024 Eevamaria Porthan-Broddellin kouluvalmennus<\/p>\n<p>24.8.2024 EsRa:n henkil\u00f6kohtaiset aluemestaruudet 2024 esteratsastus<\/p>\n<p><strong><br \/>\nSyyskuu 2024<\/strong><\/p>\n<p>03.09.2024 Eevamaria Porthan-Broddellin kouluvalmennus<\/p>\n<p>7.9.2024 Koulumestaruudet, TKR ja HeWi iso ja pieni kentt\u00e4<\/p>\n<p>14.9.2024 Minit ja Maxit, \u00a0iso kentt\u00e4<\/p>\n<p><strong><br \/>\nLokakuu 2024<\/strong><\/p>\n<p>1.10.2024 Eevamaria Porthan-Broddellin kouluvalmennus<\/p>\n<p>5.10.2024 Koulukilpailut maneesit<\/p>\n<p>22.10.2024 Eevamaria Porthan-Broddellin kouluvalmennus<\/p>\n<p><strong><br \/>\nMarraskuu 2024<\/strong><\/p>\n<p>2.11.2024 Estemestaruudet TKR ja HeWi<\/p>\n<p>5.11.2024 \u00a0Eevamaria Porthan-Broddellin kouluvalmennus<\/p>\n<p>30.11.2024 TKR joulujuhla<\/p>\n<p><strong><br \/>\nJoulukuu 2024<\/strong><\/p>\n<p>3,12.2024 Eevamaria Porthan-Broddelin kouluvalmennus<\/p>\n<p>28.12.2024 Kirsi Degerth-Moldova&#8217;nin estevalmennus<\/p>\n<p>&nbsp;<\/p>\n<p>&nbsp;<\/p>\n<p>&nbsp;<\/p>\n","protected":false},"excerpt":{"rendered":"<p>Tammikuu 2024 20.1.2024 Domi Jumping &#8211; peruttu Helmikuu 2024 6.2.2024 Eevamaria Porthan-Broddellin kouluvalmennus 13.2.2024 Eevamaria Porthan-Broddellin kouluvalmennus 17.2.2024 S\u00e4\u00e4nt\u00f6koulutus klo 15.00, Zoom 24.2.2024 Esterataharjoitus (vanha maneesi) Maaliskuu 2024 19.3.2024 Eevamaria Porthan-Broddellin kouluvalmennus 23.3.2024 Domi Jumping Estekilpailut (molemmat maneesit), KIPA, Equipe<span class=\"ellipsis\">&hellip;<\/span><\/p>\n<div class=\"read-more\"><a href=\"https:\/\/www.tuomarinkylanratsastajat.fi\/tkr\/etusivu\/kalenteri-2024\/\">Read more <span class=\"screen-reader-text\">Kalenteri 2024<\/span><span class=\"meta-nav\"> &#8250;<\/span><\/a><\/div>\n<p><!-- end of .read-more --><\/p>\n","protected":false},"author":3,"featured_media":0,"parent":29,"menu_order":0,"comment_status":"closed","ping_status":"closed","template":"","meta":{"footnotes":""},"class_list":["post-3586","page","type-page","status-publish","hentry"],"_links":{"self":[{"href":"https:\/\/www.tuomarinkylanratsastajat.fi\/tkr\/wp-json\/wp\/v2\/pages\/3586","targetHints":{"allow":["GET"]}}],"collection":[{"href":"https:\/\/www.tuomarinkylanratsastajat.fi\/tkr\/wp-json\/wp\/v2\/pages"}],"about":[{"href":"https:\/\/www.tuomarinkylanratsastajat.fi\/tkr\/wp-json\/wp\/v2\/types\/page"}],"author":[{"embeddable":true,"href":"https:\/\/www.tuomarinkylanratsastajat.fi\/tkr\/wp-json\/wp\/v2\/users\/3"}],"replies":[{"embeddable":true,"href":"https:\/\/www.tuomarinkylanratsastajat.fi\/tkr\/wp-json\/wp\/v2\/comments?post=3586"}],"version-history":[{"count":56,"href":"https:\/\/www.tuomarinkylanratsastajat.fi\/tkr\/wp-json\/wp\/v2\/pages\/3586\/revisions"}],"predecessor-version":[{"id":4056,"href":"https:\/\/www.tuomarinkylanratsastajat.fi\/tkr\/wp-json\/wp\/v2\/pages\/3586\/revisions\/4056"}],"up":[{"embeddable":true,"href":"https:\/\/www.tuomarinkylanratsastajat.fi\/tkr\/wp-json\/wp\/v2\/pages\/29"}],"wp:attachment":[{"href":"https:\/\/www.tuomarinkylanratsastajat.fi\/tkr\/wp-json\/wp\/v2\/media?parent=3586"}],"curies":[{"name":"wp","href":"https:\/\/api.w.org\/{rel}","templated":true}]}}