{"id":3237,"date":"2023-01-07T15:02:32","date_gmt":"2023-01-07T13:02:32","guid":{"rendered":"https:\/\/www.tuomarinkylanratsastajat.fi\/tkr\/?page_id=3237"},"modified":"2023-12-21T10:32:34","modified_gmt":"2023-12-21T08:32:34","slug":"kalenteri-2023","status":"publish","type":"page","link":"https:\/\/www.tuomarinkylanratsastajat.fi\/tkr\/arkisto\/kalenteri-2023\/","title":{"rendered":"Kalenteri 2023"},"content":{"rendered":"<p><strong>Tammikuu 2023<\/strong><\/p>\n<p>5.1.2023 Eevamaria Porthan-Broddellin kouluvalmennus<\/p>\n<p>14-15.1.2023 Emilia V\u00e4t\u00f6n estevalmennus<\/p>\n<p><strong>Helmikuu 2023<\/strong><\/p>\n<p>9.2.2023 Eevamaria Porthan-Broddellin kouluvalmennus<\/p>\n<p>11.2.2023 Seurakoulukilpailut Tuomarinkyl\u00e4n Ratsastuskeskuksen ratsukoille<\/p>\n<p><strong>Maaliskuu 2023<\/strong><\/p>\n<p>2.3.2023 S\u00e4\u00e4nt\u00f6koulutus Vinttikoirakeskuksella klo 17-21<\/p>\n<p>4.3.2023 Domi-Potti este 1\/4 sarjakilpailu<\/p>\n<p>30.3.2023 Eevamaria Porthan-Broddellin kouluvalmennus<\/p>\n<p><strong>Huhtikuu 2023<\/strong><\/p>\n<p>15.4.2023 Esterataharjoitus Tuomarinkyl\u00e4n Ratsastuskeskuksen ratsukoille<\/p>\n<p>20.4.2023 Eevamaria Porthan-Broddellin kouluvalmennus<\/p>\n<p><strong>Toukokuu 2023<\/strong><\/p>\n<p>6.5.2023 Domi-Potti este 2\/4 sarjakilpailu<\/p>\n<p>10.5.2023 klo 16 alkaen Vaunuvajalla puomien maalaustalkoot<\/p>\n<p>10.5.2023 klo 19 Vuosikokous Vaunuvajalla<\/p>\n<p>13.5.2023 Emilia V\u00e4t\u00f6n estevalmennus<\/p>\n<p>14.5.2023 Emilia Kaikkosen kouluvalmennus, peruttu<\/p>\n<p>20.5.2023 EsRan alueen Ratsastuskouluoppilaiden koulumestaruudet 2023<\/p>\n<p>23.5.2023 Eevamaria Porthan-Broddellin kouluvalmennus<\/p>\n<p>27.5.2023 EsRan alueen Ratsastuskouluoppilaiden estemestaruudet 2023<\/p>\n<p>30.5.2023 Eevamaria Porthan-Broddellin kouluvalmennus<\/p>\n<p><strong>Kes\u00e4kuu 2023<\/strong><\/p>\n<p>10.6.2023 Matka Hamina Bastioneen klo 8.00 bussikuljetus Dumista.<\/p>\n<p>13.6.2023 Eevamaria Porthan-Broddellin kouluvalmennus<\/p>\n<p><strong>Hein\u00e4kuu 2023<\/strong><\/p>\n<p>12.7.2023 Eevamaria Porthan-Broddellin kouluvalmennus<\/p>\n<p>22.-23.7.2023 Kouluratsastuksen seura- ja aluekilpailut<\/p>\n<p><strong>Elokuu 2023<\/strong><\/p>\n<p>19.8.2023 Domi-Potti este 3\/4, sarjakilpailu sek\u00e4 TKR:n seuraestemestaruudet 2023<\/p>\n<p>20.8.2023 EsRan alueen seurojen estealuejoukkuemestaruudet 2023<\/p>\n<p>29.8.2023 Eevamaria Porthan-Broddellin kouluvalmennus<\/p>\n<p><strong>Syyskuu 2023<\/strong><\/p>\n<p>2.9.2023 Emilia V\u00e4t\u00f6n estevalmennus klo 14-19 Uusi Maneesi<\/p>\n<p>9.9.2023 Minit ja Maxit seuramestaruus 2023 sek\u00e4 C-merkin ratsastus Iso Kentt\u00e4<\/p>\n<p>26.9.2023 Eevamaria Porthan-Broddellin kouluvalmennus<\/p>\n<p>30.9.2023 Markku S\u00f6derbergin valmennus klo 18-22 Uusi Maneesi<\/p>\n<p><strong>Lokakuu 2023<\/strong><\/p>\n<p>1.10.2023 Markku S\u00f6derbergin valmennus klo 8-10 muiden joukossa Vanha Maneesi<\/p>\n<p>7.10.2023 Domi-Potti 4\/4 estekilpailut Uusi ja Vanha Maneesi<\/p>\n<p>24.10.2023 Eevamaria Porthan-Broddellin kouluvalmennus<\/p>\n<p>28.10.2023 Kouluratsastuskilpailut Uusi ja Vanha Maneesi<\/p>\n<p><strong>Marraskuu 2023<\/strong><\/p>\n<p>11.11.2023 Mascha Collianderin kouluvalmennus klo 18-22 Uusi Maneesi<\/p>\n<p>14.11.2023 Eevamaria Porthan-Broddellin kouluvalmennus<\/p>\n<p>18.11.2023 Estekilpailut Uusi ja Vanha Maneesi<\/p>\n<p>21.11.2023 Eevamaria Porthan-Broddellin kouluvalmennus<\/p>\n<p><strong>Joulukuu<\/strong><\/p>\n<p>2.12.2023 Koko m\u00e4en joulujuhla Ravintola Annan Kartanolla klo 18.00 alkaen. T\u00e4ss\u00e4 juhlassa jaetaan \u00a0TKR:n kouluratsastuksen, esteratsastuksen- sek\u00e4 Minien ett\u00e4 Maxien mitalit 2023.<\/p>\n<p>9.12.2023 Emilia V\u00e4t\u00f6n estevalmennus Uusi Maneesi<\/p>\n<p>&nbsp;<\/p>\n<p>&nbsp;<\/p>\n","protected":false},"excerpt":{"rendered":"<p>Tammikuu 2023 5.1.2023 Eevamaria Porthan-Broddellin kouluvalmennus 14-15.1.2023 Emilia V\u00e4t\u00f6n estevalmennus Helmikuu 2023 9.2.2023 Eevamaria Porthan-Broddellin kouluvalmennus 11.2.2023 Seurakoulukilpailut Tuomarinkyl\u00e4n Ratsastuskeskuksen ratsukoille Maaliskuu 2023 2.3.2023 S\u00e4\u00e4nt\u00f6koulutus Vinttikoirakeskuksella klo 17-21 4.3.2023 Domi-Potti este 1\/4 sarjakilpailu 30.3.2023 Eevamaria Porthan-Broddellin kouluvalmennus Huhtikuu 2023 15.4.2023<span class=\"ellipsis\">&hellip;<\/span><\/p>\n<div class=\"read-more\"><a href=\"https:\/\/www.tuomarinkylanratsastajat.fi\/tkr\/arkisto\/kalenteri-2023\/\">Read more <span class=\"screen-reader-text\">Kalenteri 2023<\/span><span class=\"meta-nav\"> &#8250;<\/span><\/a><\/div>\n<p><!-- end of .read-more --><\/p>\n","protected":false},"author":3,"featured_media":0,"parent":74,"menu_order":0,"comment_status":"closed","ping_status":"closed","template":"","meta":{"footnotes":""},"class_list":["post-3237","page","type-page","status-publish","hentry"],"_links":{"self":[{"href":"https:\/\/www.tuomarinkylanratsastajat.fi\/tkr\/wp-json\/wp\/v2\/pages\/3237","targetHints":{"allow":["GET"]}}],"collection":[{"href":"https:\/\/www.tuomarinkylanratsastajat.fi\/tkr\/wp-json\/wp\/v2\/pages"}],"about":[{"href":"https:\/\/www.tuomarinkylanratsastajat.fi\/tkr\/wp-json\/wp\/v2\/types\/page"}],"author":[{"embeddable":true,"href":"https:\/\/www.tuomarinkylanratsastajat.fi\/tkr\/wp-json\/wp\/v2\/users\/3"}],"replies":[{"embeddable":true,"href":"https:\/\/www.tuomarinkylanratsastajat.fi\/tkr\/wp-json\/wp\/v2\/comments?post=3237"}],"version-history":[{"count":40,"href":"https:\/\/www.tuomarinkylanratsastajat.fi\/tkr\/wp-json\/wp\/v2\/pages\/3237\/revisions"}],"predecessor-version":[{"id":3576,"href":"https:\/\/www.tuomarinkylanratsastajat.fi\/tkr\/wp-json\/wp\/v2\/pages\/3237\/revisions\/3576"}],"up":[{"embeddable":true,"href":"https:\/\/www.tuomarinkylanratsastajat.fi\/tkr\/wp-json\/wp\/v2\/pages\/74"}],"wp:attachment":[{"href":"https:\/\/www.tuomarinkylanratsastajat.fi\/tkr\/wp-json\/wp\/v2\/media?parent=3237"}],"curies":[{"name":"wp","href":"https:\/\/api.w.org\/{rel}","templated":true}]}}