{"id":2880,"date":"2021-11-07T13:15:46","date_gmt":"2021-11-07T11:15:46","guid":{"rendered":"https:\/\/www.tuomarinkylanratsastajat.fi\/tkr\/?page_id=2880"},"modified":"2022-10-23T20:27:35","modified_gmt":"2022-10-23T18:27:35","slug":"kalenteri-2022","status":"publish","type":"page","link":"https:\/\/www.tuomarinkylanratsastajat.fi\/tkr\/kalenteri-2022\/","title":{"rendered":"Kalenteri 2022"},"content":{"rendered":"<p><strong>Tammikuu 2022<\/strong><\/p>\n<p>3-4.1.2022 Markku S\u00f6derbergin estevalmennus<\/p>\n<p><strong>Helmikuu<\/strong><\/p>\n<p>19.2.2022 Esterataharjoitus<\/p>\n<p>28.2.2022 S\u00e4\u00e4nt\u00f6koulutus Piude Myrskog klo 18.00 Teams, ilmainen TKR:n j\u00e4senille, <strong>peruttu<\/strong> kouluttajan sairastumisen vuoksi.<\/p>\n<p><strong>Maaliskuu<\/strong><\/p>\n<p>7.3.2022\u00a0S\u00e4\u00e4nt\u00f6koulutus Piude Myrskog klo 18.00 Teams, ilmainen TKR:n j\u00e4senille<\/p>\n<p>19.3.2022 Dumi-Potti<\/p>\n<p>26.3.2022 Kuntotestaus Liikuntamylly, Myllypuro<\/p>\n<p><strong>Huhtikuu<\/strong><\/p>\n<p>9.4.2022 Dumi-Potti<\/p>\n<p><strong>Toukokuu<\/strong><\/p>\n<p>14.5.2022 Kouluratsastuskilpailut ( maneesit)<\/p>\n<p>28.5.2022 Esterataharjoitus taitoarvostelu, molemmat kent\u00e4t ( mik\u00e4li valmiit) sek\u00e4 Vanha Maneesi klo 14-22 varattu<\/p>\n<p><strong>Kes\u00e4kuu<\/strong><\/p>\n<p><strong>Hein\u00e4kuu<\/strong><\/p>\n<p><strong>Elokuu<\/strong><\/p>\n<p><strong>Syyskuu<\/strong><\/p>\n<p>3.9.2022 EsRan alueen henk.koht. Aluemestaruus henk.koht. kouluratsastus<\/p>\n<p>10-11.9.2022 EsRan alueen Aluemestaruus henk.koht. esteratsastus<\/p>\n<p>17.9-18.9.2022 Emilia V\u00e4t\u00f6n valmennus la Uusi Maneesi ja su Vanha Maneesi<\/p>\n<p><strong>Lokakuu<\/strong><\/p>\n<p>1.10.2022 TKR Syyskilpailu 2022 (kouluratsastus)<\/p>\n<p>4.10.2022 Nipsu Porthan-Broddelin kouluvalmennus<\/p>\n<p>29.10.2022 Estemestaruudet klo 14-21 molemmat maneesit<\/p>\n<p><strong>Marraskuu<\/strong><\/p>\n<p><a href=\"https:\/\/www.tuomarinkylanratsastajat.fi\/tkr\/tapahtumat\/mini-ja-maximestaruuskilpailut-2022-seka-c-merkin-kilpailu\/\" target=\"_blank\" rel=\"noopener\"><span style=\"color: #000000;\">19.11.2022 Mini- ja Maximestaruudet 2022<\/span><\/a><\/p>\n<p>22.11.2022 Nipsu Porthan Broddel kouluvalmennus<\/p>\n<p>26.11.2022 Koulumestaruudet \u00a0klo 14-21 molemmat maneesit<\/p>\n<p><strong>Joulukuu<\/strong><\/p>\n<p>3.12.2022 Ravintola Annan Kartano, Koko m\u00e4en joulujuhla klo 18.00 alkaen<\/p>\n","protected":false},"excerpt":{"rendered":"<p>Tammikuu 2022 3-4.1.2022 Markku S\u00f6derbergin estevalmennus Helmikuu 19.2.2022 Esterataharjoitus 28.2.2022 S\u00e4\u00e4nt\u00f6koulutus Piude Myrskog klo 18.00 Teams, ilmainen TKR:n j\u00e4senille, peruttu kouluttajan sairastumisen vuoksi. Maaliskuu 7.3.2022\u00a0S\u00e4\u00e4nt\u00f6koulutus Piude Myrskog klo 18.00 Teams, ilmainen TKR:n j\u00e4senille 19.3.2022 Dumi-Potti 26.3.2022 Kuntotestaus Liikuntamylly, Myllypuro Huhtikuu<span class=\"ellipsis\">&hellip;<\/span><\/p>\n<div class=\"read-more\"><a href=\"https:\/\/www.tuomarinkylanratsastajat.fi\/tkr\/kalenteri-2022\/\">Read more <span class=\"screen-reader-text\">Kalenteri 2022<\/span><span class=\"meta-nav\"> &#8250;<\/span><\/a><\/div>\n<p><!-- end of .read-more --><\/p>\n","protected":false},"author":4,"featured_media":0,"parent":0,"menu_order":0,"comment_status":"closed","ping_status":"closed","template":"","meta":{"footnotes":""},"class_list":["post-2880","page","type-page","status-publish","hentry"],"_links":{"self":[{"href":"https:\/\/www.tuomarinkylanratsastajat.fi\/tkr\/wp-json\/wp\/v2\/pages\/2880","targetHints":{"allow":["GET"]}}],"collection":[{"href":"https:\/\/www.tuomarinkylanratsastajat.fi\/tkr\/wp-json\/wp\/v2\/pages"}],"about":[{"href":"https:\/\/www.tuomarinkylanratsastajat.fi\/tkr\/wp-json\/wp\/v2\/types\/page"}],"author":[{"embeddable":true,"href":"https:\/\/www.tuomarinkylanratsastajat.fi\/tkr\/wp-json\/wp\/v2\/users\/4"}],"replies":[{"embeddable":true,"href":"https:\/\/www.tuomarinkylanratsastajat.fi\/tkr\/wp-json\/wp\/v2\/comments?post=2880"}],"version-history":[{"count":30,"href":"https:\/\/www.tuomarinkylanratsastajat.fi\/tkr\/wp-json\/wp\/v2\/pages\/2880\/revisions"}],"predecessor-version":[{"id":3133,"href":"https:\/\/www.tuomarinkylanratsastajat.fi\/tkr\/wp-json\/wp\/v2\/pages\/2880\/revisions\/3133"}],"wp:attachment":[{"href":"https:\/\/www.tuomarinkylanratsastajat.fi\/tkr\/wp-json\/wp\/v2\/media?parent=2880"}],"curies":[{"name":"wp","href":"https:\/\/api.w.org\/{rel}","templated":true}]}}