{"id":2591,"date":"2020-12-20T21:15:21","date_gmt":"2020-12-20T19:15:21","guid":{"rendered":"https:\/\/www.tuomarinkylanratsastajat.fi\/tkr\/?page_id=2591"},"modified":"2021-11-15T01:03:19","modified_gmt":"2021-11-14T23:03:19","slug":"kalenteri-2021","status":"publish","type":"page","link":"https:\/\/www.tuomarinkylanratsastajat.fi\/tkr\/kalenteri-2021\/","title":{"rendered":"Kalenteri 2021"},"content":{"rendered":"\r\n<p><strong>Tammikuu<\/strong><\/p>\r\n\r\n\r\n\r\n<p>16.1. Rataharjoitus Tomas Kiviranta klo 14-20, Vanha Maneesi<\/p>\r\n<p>\r\n\r\n<\/p>\r\n<p>29.1. Markku Nyman ohjasajo\/maastak\u00e4sittely klo 9-11, ura 1<\/p>\r\n<p>\r\n\r\n<\/p>\r\n<p><strong>Helmikuu<\/strong><\/p>\r\n<p>\r\n\r\n<\/p>\r\n<p>13.2. Kouluvalmennus Tiina Tarkkala, Uusi Maneesi klo 15-20<\/p>\r\n<p>\r\n\r\n<\/p>\r\n<p>19.2. Markku Nyman ohjasajo\/maastak\u00e4sittely klo 9-11, ura 1<\/p>\r\n<p>\r\n\r\n<\/p>\r\n<p><strong>Maaliskuu<\/strong><\/p>\r\n<p>\r\n\r\n<\/p>\r\n<p>13.3. Koulurataharjoitus, Vanha Maneesi, <strong>PERUTTU!<\/strong><\/p>\r\n<p>\r\n\r\n<\/p>\r\n<p>12.3. Markku Nyman ohjasajo\/maastak\u00e4sittely klo 9-11, ura 1, <strong>PERUTTU!<\/strong><\/p>\r\n<p><strong>Huhtikuu<\/strong><\/p>\r\n<p>\r\n\r\n<\/p>\r\n<p>10.4. Kouluvalmennus Ville Vaurio klo 14-21, <strong>PERUTTU<\/strong><\/p>\r\n<p>\r\n\r\n<\/p>\r\n<p>16.4. Markku Nyman ohjasajo\/maastak\u00e4sittely klo 9-11, ura 1<\/p>\r\n<p>\r\n\r\n<\/p>\r\n<p>17.4. Markku Nyman ohjasajo\/maastak\u00e4sittely klo 16-20, isolla kent\u00e4ll\u00e4<\/p>\r\n<p>\r\n\r\n<\/p>\r\n<p>24.4. Kirsi Degerth- Moldova&#8217;nin estevalmennus, klo 15-19, ura 3.<\/p>\r\n<p>\r\n\r\n<\/p>\r\n<p><strong>Toukokuu<\/strong><\/p>\r\n<p>\r\n\r\n<\/p>\r\n<p>5.5. Dumipotti 5\/6 klo 15.00<\/p>\r\n<p>\r\n\r\n<\/p>\r\n<p>8.5. Markku Nyman ohjasajo<\/p>\r\n<p>\r\n\r\n<\/p>\r\n<p>29.5. Heidi Svanborg-Lodman kouluratsastus valmennus isolla kent\u00e4ll\u00e4\u00a0<\/p>\r\n<p>\r\n\r\n<\/p>\r\n<p><strong>Kes\u00e4kuu<\/strong><\/p>\r\n<p>\r\n\r\n<\/p>\r\n<p>5.6. Tomas Kivirannan valmennus klo 16-21<\/p>\r\n<p>\r\n\r\n<\/p>\r\n<p>6.6. Make Nymanin ohjasajo\/maastak\u00e4sittely klo 8-11<\/p>\r\n<p>\r\n\r\n<\/p>\r\n<p>12.6. Dumipotti 6\/6 \u00a0klo 15.00<\/p>\r\n<p>\r\n\r\n<\/p>\r\n<p><strong>Hein\u00e4kuu<\/strong><\/p>\r\n<p>\r\n\r\n<\/p>\r\n<p>25.7.2021 Kouluratsastuksen rataharjoitus klo 12.00\u00a0<\/p>\r\n<p>\r\n\r\n<\/p>\r\n<p><strong>Elokuu<\/strong><\/p>\r\n<p>\r\n\r\n<\/p>\r\n<p>7.8. Estevalmennus Emilia V\u00e4tt\u00f6 klo 15-21<\/p>\r\n<p>\r\n\r\n<\/p>\r\n<p>8.8. Estevalmennus Emilia V\u00e4tt\u00f6 klo 9-14<\/p>\r\n<p>21.8. EsRa ratsastuskouluoppilaiden kuolumestaruudet 2021, <b>Peruttu<\/b><\/p>\r\n<p>\r\n\r\n<\/p>\r\n<p>\r\n\r\n<\/p>\r\n<p>28.8. EsRan alueen Ratsastuskouluoppilaiden mestaruuskilpailut, esteratsastus<\/p>\r\n<p>\r\n\r\n<\/p>\r\n<p><strong>Syyskuu\u00a0<\/strong><\/p>\r\n<p>\r\n\r\n<\/p>\r\n<p>11.9. EsRa Ratsastuskouluoppilaiden kouluratsast. mestaruudet 2021<\/p>\r\n<p>\r\n\r\n<\/p>\r\n<p><strong>Lokakuu<\/strong><\/p>\r\n<p>23.10. Koulukisat ja seuramestaruudet<\/p>\r\n<p>\r\n\r\n<\/p>\r\n<p><strong>Marraskuu<\/strong><\/p>\r\n<p>27.11. Dumipotti ja seuramestaruudet<\/p>\r\n<p><strong>Joulukuu<\/strong><\/p>\r\n<p>4.12. Joulujuhla Annan Kartanolla<\/p>\r\n<p>11-12.12.2021 Mikaela Soratien valmennus<\/p>\r\n<p>&nbsp;<\/p>\r\n<p><\/p>","protected":false},"excerpt":{"rendered":"<p>Tammikuu 16.1. Rataharjoitus Tomas Kiviranta klo 14-20, Vanha Maneesi 29.1. Markku Nyman ohjasajo\/maastak\u00e4sittely klo 9-11, ura 1 Helmikuu 13.2. Kouluvalmennus Tiina Tarkkala, Uusi Maneesi klo 15-20 19.2. Markku Nyman ohjasajo\/maastak\u00e4sittely klo 9-11, ura 1 Maaliskuu 13.3. Koulurataharjoitus, Vanha Maneesi, PERUTTU!<span class=\"ellipsis\">&hellip;<\/span><\/p>\n<div class=\"read-more\"><a href=\"https:\/\/www.tuomarinkylanratsastajat.fi\/tkr\/kalenteri-2021\/\">Read more <span class=\"screen-reader-text\">Kalenteri 2021<\/span><span class=\"meta-nav\"> &#8250;<\/span><\/a><\/div>\n<p><!-- end of .read-more --><\/p>\n","protected":false},"author":4,"featured_media":0,"parent":0,"menu_order":0,"comment_status":"closed","ping_status":"closed","template":"","meta":{"footnotes":""},"class_list":["post-2591","page","type-page","status-publish","hentry"],"_links":{"self":[{"href":"https:\/\/www.tuomarinkylanratsastajat.fi\/tkr\/wp-json\/wp\/v2\/pages\/2591","targetHints":{"allow":["GET"]}}],"collection":[{"href":"https:\/\/www.tuomarinkylanratsastajat.fi\/tkr\/wp-json\/wp\/v2\/pages"}],"about":[{"href":"https:\/\/www.tuomarinkylanratsastajat.fi\/tkr\/wp-json\/wp\/v2\/types\/page"}],"author":[{"embeddable":true,"href":"https:\/\/www.tuomarinkylanratsastajat.fi\/tkr\/wp-json\/wp\/v2\/users\/4"}],"replies":[{"embeddable":true,"href":"https:\/\/www.tuomarinkylanratsastajat.fi\/tkr\/wp-json\/wp\/v2\/comments?post=2591"}],"version-history":[{"count":33,"href":"https:\/\/www.tuomarinkylanratsastajat.fi\/tkr\/wp-json\/wp\/v2\/pages\/2591\/revisions"}],"predecessor-version":[{"id":2878,"href":"https:\/\/www.tuomarinkylanratsastajat.fi\/tkr\/wp-json\/wp\/v2\/pages\/2591\/revisions\/2878"}],"wp:attachment":[{"href":"https:\/\/www.tuomarinkylanratsastajat.fi\/tkr\/wp-json\/wp\/v2\/media?parent=2591"}],"curies":[{"name":"wp","href":"https:\/\/api.w.org\/{rel}","templated":true}]}}