{"id":24,"date":"2024-07-24T17:40:53","date_gmt":"2024-07-24T15:40:53","guid":{"rendered":"https:\/\/www.tuomarinkylanratsastajat.fi\/tkr\/?page_id=24"},"modified":"2025-06-28T21:16:07","modified_gmt":"2025-06-28T19:16:07","slug":"yhteystiedot","status":"publish","type":"page","link":"https:\/\/www.tuomarinkylanratsastajat.fi\/tkr\/yhteystiedot\/","title":{"rendered":"Yhteystiedot"},"content":{"rendered":"<h3>Tuomarinkyl\u00e4n Ratsastajat ry.<\/h3>\n<p><strong>OSOITE<\/strong><br \/>\n<a href=\"https:\/\/www.google.com\/maps\/@60.257516,24.9686864,17.76z\" target=\"_blank\" rel=\"noopener\">Kavaleffintie 3, 00690 Helsinki<\/a><\/p>\n<p><strong><br \/>\nJ\u00c4SENASIAT<\/strong><br \/>\nKilpailuluvat, j\u00e4senasiat (mm. Sense j\u00e4senrekisteri ja Kipa j\u00e4sentiedot)<br \/>\nJ\u00e4sensihteeri Anne Virkkunen anne.m.virkkunen(at)gmail.com<\/p>\n<p><strong><br \/>\nKILPAILUKANSLIA<\/strong><br \/>\nkanslia(at)tuomarinkylanratsastajat.fi<br \/>\nKilpailujen aikana puhelin: 0400527888<\/p>\n<p><strong>SOSIAALINEN MEDIA<\/strong><br \/>\ntuomarinkylanratsastajat <a href=\"https:\/\/www.instagram.com\/tuomarinkylanratsastajat\/\" target=\"_blank\" rel=\"noopener\">Instagram<\/a> \u00a0ja <a href=\"https:\/\/www.facebook.com\/TuomarinkylanRatsastajat\" target=\"_blank\" rel=\"noopener\">Facebook<\/a><\/p>\n<p><strong>Y-TUNNUS<\/strong><br \/>\n2995674-3<\/p>\n<h4><strong>HALLITUS 2025<\/strong><br \/>\n(valittu Vuosikokouksessa 7.5.2025)<\/h4>\n<p>Vastaamme viesteihin my\u00f6s osoitteessa: kanslia(at)tuomarinkylanratsastajat.fi<\/p>\n<h5><strong>Puheenjohtaja sek\u00e4\u00a0 este<\/strong><strong>ratsastusvastaava<\/strong><\/h5>\n<p><a href=\"https:\/\/www.tuomarinkylanratsastajat.fi\/tkr\/hallitus\/arja-liisa\/\">Arja-Liisa V\u00e4tt\u00f6<\/a><\/p>\n<p>+358505250063<br \/>\narjaliisa.vatto(at)outlook.com<\/p>\n<h5><strong>Varapuheenjohtaja\u00a0<\/strong><\/h5>\n<p><a href=\"https:\/\/www.tuomarinkylanratsastajat.fi\/tkr\/hallitus\/kirsi\/\">Kirsi Degerth-Moldovani<\/a><br \/>\nkirsi.degerth(at)ratsastusopisto.fi<\/p>\n<h5><strong>Hallituksen sihteeri<br \/>\n(ei j\u00e4sensihteeri, j\u00e4senasioissa Anne Virkkunen, ks. yll\u00e4)<\/strong><\/h5>\n<div><span style=\"color: #0000ff;\">Sari Liewendahl<\/span><\/div>\n<div>sari.liewendahl@hotmail.com<\/div>\n<h5><strong>J\u00e4sen ja kouluratsastusvastaava<\/strong><\/h5>\n<p><a href=\"https:\/\/www.tuomarinkylanratsastajat.fi\/tkr\/hallitus\/nina\/\">Nina Strang-Heeffer<\/a><br \/>\nnina.strang(at)gmail.com<\/p>\n<h5><strong>J\u00e4sen<\/strong><\/h5>\n<h5><a href=\"https:\/\/www.tuomarinkylanratsastajat.fi\/tkr\/hallitus\/reija\/\">Reija Salminen<\/a><br \/>\nreija.salminen(at)elisanet.fi<\/h5>\n<h5><strong>J\u00e4sen ja avustushakemukset sek\u00e4 oheisliikunta\u00a0<\/strong><\/h5>\n<p><span style=\"color: #0000ff;\">Kaisa Kaseva<\/span><\/p>\n<h5><strong>J\u00e4sen ja nuorisovastaava,\u00a0<\/strong><strong>mediavastaava (kotisivut)\u00a0<\/strong><strong>sek\u00e4 tiedotus (FB ja IG)<\/strong><\/h5>\n<p><span style=\"color: #0000ff;\">Maiju Jokitalo<\/span><\/p>\n<p>maiju.hannula@gmail.com<\/p>\n<h5><strong>J\u00e4sen <\/strong><strong>ja h\u00e4irint\u00e4yhteyshenkil\u00f6<\/strong><\/h5>\n<div><span style=\"color: #0000ff;\">Kaisa Ketolainen<\/span><\/div>\n<div>kaisa.ketolainen@gmail.com<\/div>\n<h5><strong>J\u00e4sen ja avustushakemukset sek\u00e4 oheisliikunta<\/strong><\/h5>\n<p><span style=\"color: #0000ff;\">Pia V\u00e4kiparta-Lehtonen<\/span><\/p>\n<p>vakiparta.lehtonen.pia@gmail.com<\/p>\n<h5><strong>Hallituksen varaj\u00e4senet:<\/strong><\/h5>\n<div>ei ole valittu vuodeksi 2025<\/div>\n<h5><strong>Nuorisojaosto<\/strong><\/h5>\n<div>\n<p><span style=\"color: #0000ff;\">Lilli Kovanen<\/span><br \/>\n<span style=\"color: #0000ff;\">Annina Moldov\u00e1ni<\/span><br \/>\n<span style=\"color: #0000ff;\">Siiri Toivola<\/span><\/p>\n<\/div>\n<h5><strong>Hallituksen ulkopuolelta<\/strong><\/h5>\n<h5><strong>Rahastonhoitaja<\/strong><\/h5>\n<p><a href=\"https:\/\/www.tuomarinkylanratsastajat.fi\/tkr\/hallitus\/mari\/\">Mari Iivarinen<\/a><br \/>\nmari.iivarinen(at)gmail.com<\/p>\n<h5><strong>J\u00e4sensihteeri (j\u00e4senasiat, kilpailuluvat ja Sense\/Kipa-asiat)<\/strong><\/h5>\n<div><a href=\"https:\/\/www.tuomarinkylanratsastajat.fi\/tkr\/hallitus\/anne-virkkunen\/\">Anne Virkkunen<\/a><br \/>\nanne.m.virkkunen(at)gmail.com<\/div>\n<p>&nbsp;<\/p>\n<div><\/div>\n","protected":false},"excerpt":{"rendered":"<p>Tuomarinkyl\u00e4n Ratsastajat ry. OSOITE Kavaleffintie 3, 00690 Helsinki J\u00c4SENASIAT Kilpailuluvat, j\u00e4senasiat (mm. Sense j\u00e4senrekisteri ja Kipa j\u00e4sentiedot) J\u00e4sensihteeri Anne Virkkunen anne.m.virkkunen(at)gmail.com KILPAILUKANSLIA kanslia(at)tuomarinkylanratsastajat.fi Kilpailujen aikana puhelin: 0400527888 SOSIAALINEN MEDIA tuomarinkylanratsastajat Instagram \u00a0ja Facebook Y-TUNNUS 2995674-3 HALLITUS 2025 (valittu Vuosikokouksessa 7.5.2025)<span class=\"ellipsis\">&hellip;<\/span><\/p>\n<div class=\"read-more\"><a href=\"https:\/\/www.tuomarinkylanratsastajat.fi\/tkr\/yhteystiedot\/\">Read more <span class=\"screen-reader-text\">Yhteystiedot<\/span><span class=\"meta-nav\"> &#8250;<\/span><\/a><\/div>\n<p><!-- end of .read-more --><\/p>\n","protected":false},"author":1,"featured_media":0,"parent":0,"menu_order":0,"comment_status":"closed","ping_status":"closed","template":"","meta":{"footnotes":""},"class_list":["post-24","page","type-page","status-publish","hentry"],"_links":{"self":[{"href":"https:\/\/www.tuomarinkylanratsastajat.fi\/tkr\/wp-json\/wp\/v2\/pages\/24","targetHints":{"allow":["GET"]}}],"collection":[{"href":"https:\/\/www.tuomarinkylanratsastajat.fi\/tkr\/wp-json\/wp\/v2\/pages"}],"about":[{"href":"https:\/\/www.tuomarinkylanratsastajat.fi\/tkr\/wp-json\/wp\/v2\/types\/page"}],"author":[{"embeddable":true,"href":"https:\/\/www.tuomarinkylanratsastajat.fi\/tkr\/wp-json\/wp\/v2\/users\/1"}],"replies":[{"embeddable":true,"href":"https:\/\/www.tuomarinkylanratsastajat.fi\/tkr\/wp-json\/wp\/v2\/comments?post=24"}],"version-history":[{"count":95,"href":"https:\/\/www.tuomarinkylanratsastajat.fi\/tkr\/wp-json\/wp\/v2\/pages\/24\/revisions"}],"predecessor-version":[{"id":4185,"href":"https:\/\/www.tuomarinkylanratsastajat.fi\/tkr\/wp-json\/wp\/v2\/pages\/24\/revisions\/4185"}],"wp:attachment":[{"href":"https:\/\/www.tuomarinkylanratsastajat.fi\/tkr\/wp-json\/wp\/v2\/media?parent=24"}],"curies":[{"name":"wp","href":"https:\/\/api.w.org\/{rel}","templated":true}]}}