{"id":20,"date":"2016-11-10T21:10:36","date_gmt":"2016-11-10T21:10:36","guid":{"rendered":"https:\/\/www.tuomarinkylanratsastajat.fi\/tkr\/?page_id=20"},"modified":"2025-04-27T09:59:22","modified_gmt":"2025-04-27T07:59:22","slug":"jasenasiat","status":"publish","type":"page","link":"https:\/\/www.tuomarinkylanratsastajat.fi\/tkr\/jasenasiat\/","title":{"rendered":"J\u00e4senasiat"},"content":{"rendered":"<p><a href=\"https:\/\/www.tuomarinkylanratsastajat.fi\/tkr\/jasenasiat\/jasenedut-2025\/\">J\u00e4senedut 2025<\/a><\/p>\n<p><a href=\"https:\/\/www.tuomarinkylanratsastajat.fi\/tkr\/jasenasiat\/miten-jaseneksi\/\">Miten j\u00e4seneksi ?<\/a><\/p>\n<p><a href=\"https:\/\/www.tuomarinkylanratsastajat.fi\/tkr\/jasenasiat\/jasentietojen-kasittely-tuomarinkylan-ratsastajat-ry-domarby-ryttare-ry-ja-suomen-ratsastajainliitossa\/\">J\u00e4sentietojen k\u00e4sittely Tuomarinkyl\u00e4n ratsastajat ry \u2013 Domarby Ryttare ry ja Suomen Ratsastajainliitossa<\/a><\/p>\n<p><strong>KILPAILUT<\/strong><\/p>\n<p><a href=\"https:\/\/www.tuomarinkylanratsastajat.fi\/tkr\/jasenasiat\/kilpailuluvat\/\">Kilpailuluvat<\/a><\/p>\n<p><a href=\"https:\/\/www.tuomarinkylanratsastajat.fi\/tkr\/kilpailut\/kilpailuun-osallistuvien-henkilotietojen-kasittely-tuomarinkylan-ratsastajat-ry-domarby-ryttare-ry-jarjestamissa-kilpailuissa\/\">Kilpailuun osallistuvien henkil\u00f6tietojen k\u00e4sittely Tuomarinkyl\u00e4n ratsastajat ry \u2013 Domarby Ryttare ry j\u00e4rjest\u00e4miss\u00e4 kilpailuissa<\/a><\/p>\n<p><strong>TKR:N SEURAMATERIAALIT<\/strong><\/p>\n<p><a href=\"https:\/\/www.tuomarinkylanratsastajat.fi\/tkr\/wp-content\/uploads\/2025\/04\/TKR_TOIMINTAKERTOMUS_2024.pdf\">TKR_TOIMINTAKERTOMUS_2024<\/a><\/p>\n<p><a href=\"https:\/\/www.tuomarinkylanratsastajat.fi\/tkr\/wp-content\/uploads\/2025\/04\/TKR-TOIMINTASUUNNITELMA-2025.pdf\">TKR TOIMINTASUUNNITELMA 2025<\/a><\/p>\n<p><a href=\"https:\/\/www.tuomarinkylanratsastajat.fi\/tkr\/jasenasiat\/visio-missio-ja-arvot\/\">Visio, missio ja arvot<\/a><\/p>\n<p><a href=\"https:\/\/www.tuomarinkylanratsastajat.fi\/tkr\/vuosikello\/\">Vuosikello<\/a><\/p>\n<p><a href=\"https:\/\/www.tuomarinkylanratsastajat.fi\/tkr\/jasenasiat\/tuomarinkylan-ratsastajat-domarby-ryttare-ryn-saannot\/\">Tuomarinkyl\u00e4n Ratsastajat &#8211; Domarby Ryttare ry:n s\u00e4\u00e4nn\u00f6t<\/a><\/p>\n<p><a href=\"https:\/\/www.tuomarinkylanratsastajat.fi\/tkr\/tkrn-sosiaalisen-median-ohjeistus\/\">Sosiaalisen median ohjeistus<\/a><\/p>\n<p><a href=\"https:\/\/www.tuomarinkylanratsastajat.fi\/tkr\/yhteystiedot\/seuratoiminta-ja-paihteettomyys\/\">Seuratoiminta ja p\u00e4ihteett\u00f6myys<\/a><\/p>\n<p><a href=\"https:\/\/www.tuomarinkylanratsastajat.fi\/tkr\/wp-content\/uploads\/2024\/11\/Tuomarinkylan-Ratsastajat-Viestintasuunnitelma.pdf\">Tuomarinkyl\u00e4n Ratsastajat &#8211; Viestint\u00e4suunnitelma<\/a><\/p>\n<p><a href=\"https:\/\/www.tuomarinkylanratsastajat.fi\/tkr\/wp-content\/uploads\/2024\/11\/Tuomarinkylan-Ratsastajat-Toimintakasikirja.pdf\">Tuomarinkyl\u00e4n Ratsastajat &#8211; Toimintak\u00e4sikirja<\/a><\/p>\n<p><strong>ESTEKALUSTO<\/strong><\/p>\n<p><a href=\"https:\/\/www.tuomarinkylanratsastajat.fi\/tkr\/jasenasiat\/estekaluston-kayttomaksu\/\">Estekaluston k\u00e4ytt\u00f6maksu<\/a><\/p>\n<p><strong>OHJEET KILPAILUIHIN<\/strong><\/p>\n<p><a href=\"https:\/\/www.tuomarinkylanratsastajat.fi\/tkr\/jasenasiat\/tyotehtavien-ohjeet-tkr-kilpailuihin\/\">Toimihenkil\u00f6iden ty\u00f6vuoro-ohjeet<\/a><\/p>\n<p><strong>JOS KOHTAAT EP\u00c4ASIALLISTA K\u00c4YT\u00d6ST\u00c4 SEURAMME TOIMINNASSA,<\/strong><\/p>\n<p><strong> LUE OHJEET ALLA OLEVAN LINKIN TAKAA<\/strong><\/p>\n<h4><a href=\"https:\/\/www.tuomarinkylanratsastajat.fi\/tkr\/jasenasiat\/epaasiallisen-kaytoksen-hairinnan-ja-kiusaamisen-ehkaisy\/\" target=\"_blank\" rel=\"noopener\">Ep\u00e4asiallisen k\u00e4yt\u00f6ksen, h\u00e4irinn\u00e4n ja kiusaamisen ehk\u00e4isy<\/a><\/h4>\n<p>&nbsp;<\/p>\n","protected":false},"excerpt":{"rendered":"<p>J\u00e4senedut 2025 Miten j\u00e4seneksi ? J\u00e4sentietojen k\u00e4sittely Tuomarinkyl\u00e4n ratsastajat ry \u2013 Domarby Ryttare ry ja Suomen Ratsastajainliitossa KILPAILUT Kilpailuluvat Kilpailuun osallistuvien henkil\u00f6tietojen k\u00e4sittely Tuomarinkyl\u00e4n ratsastajat ry \u2013 Domarby Ryttare ry j\u00e4rjest\u00e4miss\u00e4 kilpailuissa TKR:N SEURAMATERIAALIT TKR_TOIMINTAKERTOMUS_2024 TKR TOIMINTASUUNNITELMA 2025 Visio, missio<span class=\"ellipsis\">&hellip;<\/span><\/p>\n<div class=\"read-more\"><a href=\"https:\/\/www.tuomarinkylanratsastajat.fi\/tkr\/jasenasiat\/\">Read more <span class=\"screen-reader-text\">J\u00e4senasiat<\/span><span class=\"meta-nav\"> &#8250;<\/span><\/a><\/div>\n<p><!-- end of .read-more --><\/p>\n","protected":false},"author":1,"featured_media":0,"parent":0,"menu_order":0,"comment_status":"closed","ping_status":"closed","template":"","meta":{"footnotes":""},"class_list":["post-20","page","type-page","status-publish","hentry"],"_links":{"self":[{"href":"https:\/\/www.tuomarinkylanratsastajat.fi\/tkr\/wp-json\/wp\/v2\/pages\/20","targetHints":{"allow":["GET"]}}],"collection":[{"href":"https:\/\/www.tuomarinkylanratsastajat.fi\/tkr\/wp-json\/wp\/v2\/pages"}],"about":[{"href":"https:\/\/www.tuomarinkylanratsastajat.fi\/tkr\/wp-json\/wp\/v2\/types\/page"}],"author":[{"embeddable":true,"href":"https:\/\/www.tuomarinkylanratsastajat.fi\/tkr\/wp-json\/wp\/v2\/users\/1"}],"replies":[{"embeddable":true,"href":"https:\/\/www.tuomarinkylanratsastajat.fi\/tkr\/wp-json\/wp\/v2\/comments?post=20"}],"version-history":[{"count":53,"href":"https:\/\/www.tuomarinkylanratsastajat.fi\/tkr\/wp-json\/wp\/v2\/pages\/20\/revisions"}],"predecessor-version":[{"id":4510,"href":"https:\/\/www.tuomarinkylanratsastajat.fi\/tkr\/wp-json\/wp\/v2\/pages\/20\/revisions\/4510"}],"wp:attachment":[{"href":"https:\/\/www.tuomarinkylanratsastajat.fi\/tkr\/wp-json\/wp\/v2\/media?parent=20"}],"curies":[{"name":"wp","href":"https:\/\/api.w.org\/{rel}","templated":true}]}}