{"id":180,"date":"2016-11-12T20:44:26","date_gmt":"2016-11-12T18:44:26","guid":{"rendered":"https:\/\/www.tuomarinkylanratsastajat.fi\/tkr\/?page_id=180"},"modified":"2016-11-12T20:44:26","modified_gmt":"2016-11-12T18:44:26","slug":"kalenteri-2012","status":"publish","type":"page","link":"https:\/\/www.tuomarinkylanratsastajat.fi\/tkr\/arkisto\/kalenteri-2012\/","title":{"rendered":"Kalenteri 2012"},"content":{"rendered":"<div>TAMMIKUU<\/div>\n<div>\n<ul>\n<li><span style=\"font-size: small;\">Ke-to 25.-26.1. Nipsu Porthan-Broddellin\u00a0kouluvalmennus<\/span>\n<div><\/div>\n<\/li>\n<li><span style=\"font-size: small;\">La-su 28.-29.1. Nevalan estevalmennus<\/span><\/li>\n<\/ul>\n<\/div>\n<div><\/div>\n<div><\/div>\n<div>HELMIKUU<\/div>\n<div>\n<ul>\n<li>Torstai 2.2. S\u00e4\u00e4nt\u00f6koulutus ja -koe<\/li>\n<li>La-su 11.-12.2. Kari Nevalan <a title=\"\" href=\"http:\/\/tuomarinkylanratsastajat.fi\/documents\/TKR_Kari_valm_kevat2012finalversion.pdf\" target=\"_blank\">estevalmennus<\/a><\/li>\n<li>Ke-to 22.-23.2. Nipsu Porthan-Broddellin kouluvalmennus<\/li>\n<li><span style=\"color: #ff0000;\"><span style=\"color: #000000;\">La 25.2. Janna Huhtasen<\/span> <a title=\"\" href=\"http:\/\/tuomarinkylanratsastajat.fi\/documents\/TKRJannanvalmennuskev\u00e4t2012.doc\" target=\"_blank\">estevalmennus<\/a><\/span><\/li>\n<\/ul>\n<\/div>\n<div><\/div>\n<div>MAALISKUU<\/div>\n<div>\n<ul>\n<li>Keskiviikko 7.3. TKR vuosikokous klo 18:30,\u00a0<a title=\"\" href=\"http:\/\/tuomarinkylanratsastajat.fi\/documents\/TKRvuosikokouskutsu2012.pdf\">kokouskutsu<\/a><\/li>\n<li>Ke-to 28.-29.3. Nipsu\u00a0Porthan-Broddellin\u00a0<a title=\"\" href=\"http:\/\/tuomarinkylanratsastajat.fi\/documents\/Nipsunvalkkakev\u00e4t2012.pdf\" target=\"_blank\">kouluvalmennus<\/a> (HUOM uudet p\u00e4iv\u00e4m\u00e4\u00e4r\u00e4t)<\/li>\n<li>Lauantai 24.3. <a title=\"\" href=\"http:\/\/tuomarinkylanratsastajat.fi\/documents\/Dumipottikutsu1.2012.pdf\" target=\"_blank\">Esteseurakisat<\/a>, Dumipotti Sponsored by HippoSport osakilpailu 4\/6<\/li>\n<li>Lauantai 31.3.\u00a0Janna Huhtasen <a title=\"\" href=\"http:\/\/tuomarinkylanratsastajat.fi\/documents\/TKRJannanvalmennuskev\u00e4t2012.doc\" target=\"_blank\">estevalmennus<\/a><\/li>\n<\/ul>\n<\/div>\n<div><\/div>\n<div>HUHTIKUU<\/div>\n<ul>\n<li><span style=\"font-size: small;\">Perjantai 6.4.\u00a0<\/span>Janna Huhtasen <a title=\"\" href=\"http:\/\/tuomarinkylanratsastajat.fi\/documents\/TKRJannanvalmennuskev\u00e4t2012.doc\" target=\"_blank\">estevalmennus<\/a><\/li>\n<li><span style=\"font-size: small;\">Ke-to 18.-19.4. Nipsu\u00a0Porthan-Broddellin\u00a0kouluvalmennus<\/span><\/li>\n<li><span style=\"font-size: small;\">Lauantai 14.4. (HeWin esteseurakisat Dp by HS osakilpailu 5\/6)<\/span><\/li>\n<li><span style=\"font-size: small;\">Sunnuntai 15.4. Kari Nevalan estevalmennus<\/span><\/li>\n<li><span style=\"font-size: small;\">Lauantai 21.4. TKR <a title=\"\" href=\"http:\/\/tuomarinkylanratsastajat.fi\/documents\/TKRkilpailukutsuseurakisat210412.pdf\" target=\"_blank\">kouluseurakisa<\/a> ja Tuomarinkyl\u00e4ss\u00e4 toimivien ratsastuskoulujen oppilaiden mestaruuskilpailu<\/span><\/li>\n<\/ul>\n<p>&nbsp;<\/p>\n<div><\/div>\n<div><\/div>\n<div><\/div>\n<div>TOUKOKUU<\/div>\n<div>\n<ul>\n<li><span style=\"font-size: small;\">Lauantai 5.5. <a title=\"\" href=\"http:\/\/tuomarinkylanratsastajat.fi\/documents\/Dumipottikutsu1.2012.pdf\" target=\"_blank\">Esteseurakisat<\/a>,<\/span>\u00a0Dumipotti Sponsored by HippoSport osakilpailu 6\/6<\/li>\n<li>Lauantai 12.5.\u00a0Janna Huhtasen <a title=\"\" href=\"http:\/\/tuomarinkylanratsastajat.fi\/documents\/TKRJannanvalmennuskev\u00e4t2012.doc\" target=\"_blank\">estevalmennus<\/a>\u00a0&#8211; peruttu<\/li>\n<li>Lauantai 19.5. TKR <a title=\"\" href=\"http:\/\/tuomarinkylanratsastajat.fi\/documents\/TKRkilpailukutsuseurakisat190512.pdf\" target=\"_blank\">kouluseurakisa<\/a><\/li>\n<li>Sunnuntai 20.5. TKR kansalliset koulukilpailut,\u00a0<a title=\"\" href=\"http:\/\/tuomarinkylanratsastajat.fi\/documents\/tkr_koulukutsu200512v5.pdf\">kilpailukutsu<\/a><\/li>\n<li>Ke-to 23.-24.5. Nipsu\u00a0Porthan-Broddellin\u00a0kouluvalmennus<\/li>\n<li>Lauantai 26.5. TKR este drive-in\u00a0<a title=\"\" href=\"http:\/\/tuomarinkylanratsastajat.fi\/documents\/TKR_Drive-inkutsu26.5.2012.pdf\" target=\"_blank\">kutsu<\/a><\/li>\n<li>Sunnuntai 27.5. TKR kansalliset estekisat, Dumi Jumping 2012 \/ kutsu julkaistu KIPAssa<\/li>\n<\/ul>\n<\/div>\n<div><\/div>\n<div><\/div>\n<div>KES\u00c4KUU<\/div>\n<div>\n<ul>\n<li>Tiistai 12.6. Koulurataharjoitus, <a title=\"\" href=\"http:\/\/tuomarinkylanratsastajat.fi\/documents\/TKRrataharjoitus120612.pdf\" target=\"_blank\">tiedote ja l\u00e4ht\u00f6lista<\/a><\/li>\n<li>Lauantai-sunnuntai 16.-17.6. Maria Burczykin\u00a0<a title=\"\" href=\"http:\/\/tuomarinkylanratsastajat.fi\/documents\/Mariareklam2012.pdf\" target=\"_blank\">kouluvalmennus<\/a>\u00a0\/\u00a0\u00a0<a title=\"\" href=\"http:\/\/tuomarinkylanratsastajat.fi\/documents\/TKR_AikatauluMariaBurzcykinkurssiavarten.pdf\" target=\"_blank\">aikataulu<\/a><\/li>\n<li>Tiistai 19.6. Esteratsastuksen drive-in rataharjoitus,\u00a0<a title=\"\" href=\"http:\/\/tuomarinkylanratsastajat.fi\/documents\/Drive-inkutsu19.6.2012.pdf\" target=\"_blank\">kutsu<\/a><\/li>\n<li>Tiistai-keskiviikko 19.-20.6. Nipsu\u00a0Porthan-Broddellin\u00a0kouluvalmennus<\/li>\n<\/ul>\n<\/div>\n<div><\/div>\n<div>HEIN\u00c4KUU<\/div>\n<ul>\n<li>Tiistai 3.7. Koulurataharjoitus, <a title=\"\" href=\"http:\/\/tuomarinkylanratsastajat.fi\/documents\/TKRrataharjoitus030712.pdf\" target=\"_blank\">tiedote ja l\u00e4ht\u00f6lista<\/a><\/li>\n<li>Lauantai 21.7. Esteseurakisat,\u00a0<a title=\"\" href=\"http:\/\/tuomarinkylanratsastajat.fi\/documents\/TKRseuraestekutsu21.7.2012.pdf\" target=\"_blank\">kutsu<\/a><\/li>\n<li>Tiistai 31.7. Nipsu\u00a0Porthan-Broddellin kouluvalmennus<\/li>\n<\/ul>\n<div><\/div>\n<div>ELOKUU<\/div>\n<div>\n<ul>\n<li>Keskiviikko 1.8. Nipsu\u00a0Porthan-Broddellin kouluvalmennus<\/li>\n<li><em><span style=\"color: #636363;\">TAHKO\/NILSI\u00c4: su 5.8. Joukkue-SM, rataesteet\u00a0<\/span><\/em><\/li>\n<li>Ma-ti 6.-7.8. Nina Fagerstr\u00f6min\u00a0\u00a0<a title=\"\" href=\"http:\/\/tuomarinkylanratsastajat.fi\/documents\/TKR_Ninavalmennuselo2012.pdf\" target=\"_blank\">estevalmennus<\/a><\/li>\n<li>Tiistai 14.8. Koulurataharjoitus, <a title=\"\" href=\"http:\/\/tuomarinkylanratsastajat.fi\/documents\/TKRrataharjoitus140812.pdf\" target=\"_blank\">tiedote ja l\u00e4ht\u00f6lista<\/a><\/li>\n<li>Lauantai 18.8 Kari Nevalan estevalmennus, <a title=\"\" href=\"http:\/\/tuomarinkylanratsastajat.fi\/documents\/TKR_Kari_valm_syksy2012finalversion.pdf\">ilmoitus<\/a><\/li>\n<li>Perjantai 24.8. Elonkorjuutalkoot, <a title=\"\" href=\"http:\/\/tuomarinkylanratsastajat.fi\/documents\/talkootjaelonkorjuujuhlatkutsu.pdf\" target=\"_blank\">kutsu<\/a><\/li>\n<li>Lauantai 25.8. T\u00e4ti-, set\u00e4- &amp; hoitsumestaruudet, <a title=\"\" href=\"http:\/\/tuomarinkylanratsastajat.fi\/documents\/l\u00e4ht\u00f6lista_lk1_250812.pdf\" target=\"_blank\">kutsu, tiedote ja l\u00e4ht\u00f6lista<\/a><\/li>\n<li>Lauantai 25.8. Elonkorjuujuhlat, <a title=\"\" href=\"http:\/\/tuomarinkylanratsastajat.fi\/documents\/talkootjaelonkorjuujuhlatkutsu.pdf\" target=\"_blank\">kutsu<\/a><\/li>\n<\/ul>\n<\/div>\n<div><\/div>\n<div>SYYSKUU<\/div>\n<div>\n<ul>\n<li>Ti-ke 4.-5.9. Nipsu\u00a0Porthan-Broddellin kouluvalmennus, <a title=\"\" href=\"http:\/\/tuomarinkylanratsastajat.fi\/documents\/Nipsunvalkkasyksy2012.pdf\">ilmoitus<\/a><\/li>\n<li><span style=\"font-size: small;\">Lauantai 9.9. (HeWin esteseurakisat Dp by HS osakilpailu 1\/6), <a title=\"\" href=\"http:\/\/tuomarinkylanratsastajat.fi\/documents\/estesyksy2012kisat.pdf\">kutsu<\/a> <\/span><\/li>\n<li><em><span style=\"color: #636363;\">KERAVA: su 9.9. aluejoukkuemestaruus, rataesteet<\/span><\/em><\/li>\n<li><em><span style=\"color: #636363; font-size: medium;\">PORVOO: la 15.9. henkil\u00f6kohtainen aluemestaruus, kouluratsastus<\/span><\/em><\/li>\n<li><em><span style=\"color: #636363; font-size: medium;\">LAAKSO\/HELSINKI: su 16.9. henkil\u00f6kohtainen aluemestaruus, rataesteet<\/span><\/em><\/li>\n<li><em><span style=\"color: #636363; font-size: medium;\">PORVOO: su 16.9. aluejoukkuemestaruus, kouluratsastus<\/span><\/em><\/li>\n<li><em><span style=\"color: #636363; font-size: medium;\">YP\u00c4J\u00c4: 21.-22.9. hallijoukkuemestaruus, rataesteet<\/span><\/em><\/li>\n<li>Lauantai 22.9. Aluekoulukisa, <a title=\"\" href=\"https:\/\/kipa.ratsastus.fi\/modules\/system\/stdreq.aspx?P=2&amp;VID=default&amp;SID=220918921531530&amp;A=open%3asrlui%3ac3%3a8291&amp;S=3&amp;C=31038\">kutsu Kipassa<\/a><\/li>\n<li>Sunnuntai 23.9. Kouluseurakisa, <a title=\"\" href=\"http:\/\/tuomarinkylanratsastajat.fi\/documents\/TKRkilpailukutsuseurakisat230912.pdf\" target=\"_blank\">kutsu<\/a><\/li>\n<li>La-su 22.-23.9. <a title=\"\" href=\"http:\/\/tuomarinkylanratsastajat.fi\/documents\/TKRKirppis.pdf\" target=\"_blank\">hevos- ja ratsastustarvikekirppis<\/a><\/li>\n<li>Ke-to 26.-27.9. Nipsu\u00a0Porthan-Broddellin kouluvalmennus, <a title=\"\" href=\"http:\/\/tuomarinkylanratsastajat.fi\/documents\/Nipsunvalkkasyksy2012.pdf\">ilmoitus<\/a><\/li>\n<\/ul>\n<\/div>\n<div><\/div>\n<div><\/div>\n<div>LOKAKUU<\/div>\n<div><\/div>\n<div>\n<ul>\n<li><span style=\"font-size: small;\">La-su 6.-7.10. Kari Nevalan estevalmennus, <a title=\"\" href=\"http:\/\/tuomarinkylanratsastajat.fi\/documents\/TKR_Kari_valm_syksy2012finalversion.pdf\">ilmoitus<\/a><\/span><\/li>\n<li><span style=\"font-size: small;\">Hubertus-ratsastus, <a title=\"\" href=\"http:\/\/tuomarinkylanratsastajat.fi\/documents\/HUBERTUSRATSASTUS_07102012.pdf\">ilmoitus<\/a> <\/span><\/li>\n<li><span style=\"font-size: small;\">Lauantai 27.10. Dumipotti esteseurakisa (<\/span><span style=\"font-size: small;\">HS osakilpailu 2\/6)<\/span><span style=\"font-size: small;\">, <a title=\"\" href=\"http:\/\/tuomarinkylanratsastajat.fi\/documents\/estesyksy2012kisat.pdf\">kutsu<\/a> TKR esteseuramestaruus 2012 <\/span><\/li>\n<\/ul>\n<\/div>\n<div><\/div>\n<div><\/div>\n<div>MARRASKUU<\/div>\n<div>\n<ul>\n<li>La-su 3.-4.11. Maria Burczykin kouluvalmennus, <a title=\"\" href=\"http:\/\/tuomarinkylanratsastajat.fi\/documents\/Mariareklamnov2012-1.pdf\">ilmoitus<\/a><\/li>\n<li>Ke-to 14.-15.11. Nipsu\u00a0Porthan-Broddellin kouluvalmennus, <a title=\"\" href=\"http:\/\/tuomarinkylanratsastajat.fi\/documents\/Nipsunvalkkasyksy2012II.pdf\">ilmoitus<\/a><\/li>\n<li>Lauantai 17.11. Kouluseurakisa, TKR kouluseuramestaruus 2012, <a title=\"\" href=\"http:\/\/tuomarinkylanratsastajat.fi\/documents\/TKRkilpailukutsuseuramestaruus171112.pdf\" target=\"_blank\">kutsu<\/a><\/li>\n<li>La-su 24.-25.11. Kari Nevalan estevalmennus, <a title=\"\" href=\"http:\/\/tuomarinkylanratsastajat.fi\/documents\/TKR_Kari_valm_syksy2012finalversion.pdf\">ilmoitus<\/a><\/li>\n<\/ul>\n<\/div>\n<div><\/div>\n<div><\/div>\n<div>JOULUKUU<\/div>\n<div>\n<ul>\n<li>Lauantai 1.12. Koko m\u00e4en pikkujoulut,\u00a0<a title=\"\" href=\"http:\/\/tuomarinkylanratsastajat.fi\/documents\/Pikkujoulut_20121.pdf\" target=\"_blank\">kutsu<\/a><\/li>\n<li>Lauantai 1.12. TKR:n esteseminaari, <a title=\"\" href=\"http:\/\/tuomarinkylanratsastajat.fi\/documents\/TKResteseminaari2012.pdf\" target=\"_blank\">kutsu<\/a><\/li>\n<li>La-su 1.-2.12. Nina Fagerstr\u00f6min <a title=\"\" href=\"http:\/\/tuomarinkylanratsastajat.fi\/documents\/fagerstrom0102122012_final_version.pdf\">estevalmennus<\/a>, <a title=\"\" href=\"http:\/\/tuomarinkylanratsastajat.fi\/documents\/Nina_Fagerstr\u00f6min_estevalmennus_12_2012_aikataulut.pdf\" target=\"_blank\">aikataulu<\/a><\/li>\n<li><span style=\"font-size: small;\">Lauantai 8.12. (HeWin esteseurakisat Dp by HS osakilpailu 3\/6), <a title=\"\" href=\"http:\/\/tuomarinkylanratsastajat.fi\/documents\/estesyksy2012kisat.pdf\">kutsu<\/a><\/span><\/li>\n<li>Ke-to 12.-13.12. Nipsu\u00a0Porthan-Broddellin kouluvalmennus, <a title=\"\" href=\"http:\/\/tuomarinkylanratsastajat.fi\/documents\/Nipsunvalkkasyksy2012II.pdf\">ilmoitus<\/a><\/li>\n<\/ul>\n<\/div>\n","protected":false},"excerpt":{"rendered":"<p>TAMMIKUU Ke-to 25.-26.1. Nipsu Porthan-Broddellin\u00a0kouluvalmennus La-su 28.-29.1. Nevalan estevalmennus HELMIKUU Torstai 2.2. S\u00e4\u00e4nt\u00f6koulutus ja -koe La-su 11.-12.2. Kari Nevalan estevalmennus Ke-to 22.-23.2. Nipsu Porthan-Broddellin kouluvalmennus La 25.2. Janna Huhtasen estevalmennus MAALISKUU Keskiviikko 7.3. TKR vuosikokous klo 18:30,\u00a0kokouskutsu Ke-to 28.-29.3. Nipsu\u00a0Porthan-Broddellin\u00a0kouluvalmennus<span class=\"ellipsis\">&hellip;<\/span><\/p>\n<div class=\"read-more\"><a href=\"https:\/\/www.tuomarinkylanratsastajat.fi\/tkr\/arkisto\/kalenteri-2012\/\">Read more <span class=\"screen-reader-text\">Kalenteri 2012<\/span><span class=\"meta-nav\"> &#8250;<\/span><\/a><\/div>\n<p><!-- end of .read-more --><\/p>\n","protected":false},"author":3,"featured_media":0,"parent":74,"menu_order":7,"comment_status":"closed","ping_status":"closed","template":"","meta":{"footnotes":""},"class_list":["post-180","page","type-page","status-publish","hentry"],"_links":{"self":[{"href":"https:\/\/www.tuomarinkylanratsastajat.fi\/tkr\/wp-json\/wp\/v2\/pages\/180","targetHints":{"allow":["GET"]}}],"collection":[{"href":"https:\/\/www.tuomarinkylanratsastajat.fi\/tkr\/wp-json\/wp\/v2\/pages"}],"about":[{"href":"https:\/\/www.tuomarinkylanratsastajat.fi\/tkr\/wp-json\/wp\/v2\/types\/page"}],"author":[{"embeddable":true,"href":"https:\/\/www.tuomarinkylanratsastajat.fi\/tkr\/wp-json\/wp\/v2\/users\/3"}],"replies":[{"embeddable":true,"href":"https:\/\/www.tuomarinkylanratsastajat.fi\/tkr\/wp-json\/wp\/v2\/comments?post=180"}],"version-history":[{"count":1,"href":"https:\/\/www.tuomarinkylanratsastajat.fi\/tkr\/wp-json\/wp\/v2\/pages\/180\/revisions"}],"predecessor-version":[{"id":181,"href":"https:\/\/www.tuomarinkylanratsastajat.fi\/tkr\/wp-json\/wp\/v2\/pages\/180\/revisions\/181"}],"up":[{"embeddable":true,"href":"https:\/\/www.tuomarinkylanratsastajat.fi\/tkr\/wp-json\/wp\/v2\/pages\/74"}],"wp:attachment":[{"href":"https:\/\/www.tuomarinkylanratsastajat.fi\/tkr\/wp-json\/wp\/v2\/media?parent=180"}],"curies":[{"name":"wp","href":"https:\/\/api.w.org\/{rel}","templated":true}]}}