{"id":178,"date":"2016-11-12T20:43:18","date_gmt":"2016-11-12T18:43:18","guid":{"rendered":"https:\/\/www.tuomarinkylanratsastajat.fi\/tkr\/?page_id=178"},"modified":"2016-11-12T20:43:18","modified_gmt":"2016-11-12T18:43:18","slug":"kalenteri-2013","status":"publish","type":"page","link":"https:\/\/www.tuomarinkylanratsastajat.fi\/tkr\/arkisto\/kalenteri-2013\/","title":{"rendered":"Kalenteri 2013"},"content":{"rendered":"<div>TAMMIKUU<\/div>\n<ul>\n<li>La-su 12.-13.1. Kari Nevalan estekurssi, <a title=\"\" href=\"http:\/\/tuomarinkylanratsastajat.fi\/documents\/Kari.pdf\" target=\"_blank\">ilmoitus<\/a><\/li>\n<li>Ke-to 23.-24.1. <span style=\"font-size: small;\">Nipsu Porthan-Broddellin\u00a0<a title=\"\" href=\"http:\/\/tuomarinkylanratsastajat.fi\/documents\/Nipsunvalkkatammikuu2013.pdf\" target=\"_blank\">kouluvalmennus<\/a><\/span><\/li>\n<\/ul>\n<div><\/div>\n<div>HELMIKUU<\/div>\n<div>\n<ul>\n<li>Lauantai 2.2. S\u00e4\u00e4nt\u00f6koulutus ja muuta mukavaa, <a title=\"\" href=\"http:\/\/tuomarinkylanratsastajat.fi\/documents\/S\u00e4\u00e4nt\u00f6koulutus.pdf\" target=\"_blank\">ilmoitus<\/a>\u00a0\/ <a title=\"\" href=\"http:\/\/tuomarinkylanratsastajat.fi\/documents\/TKRkoulutusp\u00e4iv\u00e4KiraKanerva.pdf\" target=\"_blank\">materiaali<\/a><\/li>\n<li>La-su 9.-10.2 Kari Nevalan estekurssi, <a title=\"\" href=\"http:\/\/tuomarinkylanratsastajat.fi\/documents\/Kari.pdf\" target=\"_blank\">ilmoitus<\/a><\/li>\n<\/ul>\n<\/div>\n<div>\n<div><\/div>\n<\/div>\n<div>\n<div>MAALISKUU<\/div>\n<div>\n<ul>\n<li>Ke-to 6.-7.3. Nipsu Porthan-Broddellin <a title=\"\" href=\"http:\/\/tuomarinkylanratsastajat.fi\/documents\/Nipsu0313.pdf\">kouluvalmennus<\/a><\/li>\n<li>Lauantai 9.3. Kari Nevalan estekurssi, <a title=\"\" href=\"http:\/\/tuomarinkylanratsastajat.fi\/documents\/Kari.pdf\" target=\"_blank\">ilmoitus<\/a><\/li>\n<\/ul>\n<ul>\n<li>Lauantai 16.3. <span style=\"font-size: small;\">TKR Dumipotti esteseurakisa (HS osakilpailu 4\/6), <a title=\"\" href=\"http:\/\/tuomarinkylanratsastajat.fi\/documents\/estekevat2013kisat.pdf\">kutsu<\/a><\/span><\/li>\n<li><span style=\"font-size: small;\">Lauantai 23.3. <\/span>TKR kouluseurakisa, <a title=\"\" href=\"http:\/\/tuomarinkylanratsastajat.fi\/documents\/TKRkilpailukutsukouluseurakisat230313.pdf\" target=\"_blank\">kutsu<\/a><\/li>\n<\/ul>\n<\/div>\n<div><\/div>\n<\/div>\n<div>\n<div>HUHTIKUU<\/div>\n<div>\n<ul>\n<li><span style=\"font-size: small;\">La-su 6.-7.4. Markku S\u00f6derbergin estevalmennus, <a title=\"\" href=\"http:\/\/tuomarinkylanratsastajat.fi\/documents\/Markunvalmennus.pdf\" target=\"_blank\">ilmoitus<\/a><\/span><\/li>\n<li>Ke-to 10.-11.4. Nipsu Porthan-Broddellin\u00a0<a title=\"\" href=\"http:\/\/tuomarinkylanratsastajat.fi\/documents\/Nipsu04-052013.pdf\">kouluvalmennus<\/a><\/li>\n<li>Sunnuntai 14.4.\u00a0Kari Nevalan estekurssi,\u00a0<a title=\"\" href=\"http:\/\/tuomarinkylanratsastajat.fi\/documents\/TKR_Kari_valm_kevat2013versio04.pdf\" target=\"_blank\">ilmoitus<\/a><\/li>\n<li><span style=\"font-size: small;\">Sunnuntai 21.4.\u00a0Kari Nevalan estekurssi,\u00a0<a title=\"\" href=\"http:\/\/tuomarinkylanratsastajat.fi\/documents\/TKR_Kari_valm_kevat2013versio04.pdf\" target=\"_blank\">ilmoitus<\/a><br \/>\n<\/span><\/li>\n<li><span style=\"font-size: small;\">Tiistai 23.4. TKR:n s\u00e4\u00e4nt\u00f6m\u00e4\u00e4r\u00e4inen vuosikokous, <a title=\"\" href=\"http:\/\/tuomarinkylanratsastajat.fi\/documents\/vuosikokouskutsu2013.pdf\">kutsu<\/a><\/span><\/li>\n<\/ul>\n<ul>\n<li><span style=\"font-size: small;\">Lauantai 27.4. <\/span><span style=\"font-size: small;\">Hewi Dumipotti esteseurakisa (HS osakilpailu 5\/6), <a title=\"\" href=\"http:\/\/tuomarinkylanratsastajat.fi\/documents\/estekevat2013kisat.pdf\">kutsu<\/a><\/span><\/li>\n<\/ul>\n<\/div>\n<div><\/div>\n<div>TOUKOKUU<\/div>\n<ul>\n<li><span style=\"font-size: small;\">Ma-ti 20.-21.5. Nipsu Porthan-Broddellin\u00a0<a title=\"\" href=\"http:\/\/tuomarinkylanratsastajat.fi\/documents\/Nipsu05-052013TKR.pdf\">kouluvalmennus<\/a><br \/>\n<\/span><\/li>\n<li><span style=\"font-size: small;\">Lauantai 25.5. <\/span><span style=\"font-size: small;\">TKR Dumipotti esteseurakisa (HS osakilpailu 6\/6), <a title=\"\" href=\"http:\/\/tuomarinkylanratsastajat.fi\/documents\/estekevat2013kisat.pdf\">kutsu<\/a><\/span><\/li>\n<\/ul>\n<div>\n<div><\/div>\n<div>KES\u00c4KUU<\/div>\n<ul>\n<li><span style=\"font-size: small;\">Ti-ke 25.-26.6. Nipsu Porthan-Broddellin\u00a0<a title=\"\" href=\"http:\/\/tuomarinkylanratsastajat.fi\/documents\/Nipsu_06_2013_TKR.pdf\">kouluvalmennus<\/a><\/span><\/li>\n<\/ul>\n<div>\n<div><\/div>\n<div>HEIN\u00c4KUU<\/div>\n<ul>\n<li><span style=\"font-size: small;\">Keskiviikko 17.7. alues\u00e4\u00e4nt\u00f6koe Kilpatallin kerhohuoneella klo 18 kts. tarkemmin ajankohtaista-sivulta<\/span><\/li>\n<li><span style=\"font-size: small;\">Lauantai 20.7. Stable Fellows seuraestekilpailut presented by Helsinki International UB Horse Show<\/span><span style=\"font-size: small;\">,\u00a0<a title=\"\" href=\"http:\/\/tuomarinkylanratsastajat.fi\/documents\/KILPAILUKUTSU_20072013.pdf\">kutsu<\/a><\/span><\/li>\n<\/ul>\n<div><\/div>\n<div>ELOKUU<\/div>\n<div><\/div>\n<ul>\n<li>Ma-ti 5.-6.8 Nipsu Porthan-Broddellin <a title=\"\" href=\"http:\/\/tuomarinkylanratsastajat.fi\/documents\/Nipsuelokuu.pdf\" target=\"_blank\">kouluvalmennus<\/a><\/li>\n<li><span style=\"font-size: small;\">La 17.8. TKR koulurataharjoitus, <a title=\"\" href=\"http:\/\/tuomarinkylanratsastajat.fi\/documents\/TKR_koulurataharjoitus_17082013.pdf\">kutsu<\/a><\/span><\/li>\n<\/ul>\n<ul>\n<li><span style=\"font-size: small;\">Lauantai 31.8.\u00a0<\/span><span style=\"font-size: small;\">Hewi\u00a0Dumipotti esteseurakisa (HS\u00a0osakilpailu\u00a01\/6),\u00a0<a title=\"\" href=\"http:\/\/tuomarinkylanratsastajat.fi\/documents\/estesyksy2013seurakisat.pdf\">kutsu<\/a><\/span><\/li>\n<\/ul>\n<div>SYYSKUU<\/div>\n<div><\/div>\n<ul>\n<li>Ke-to 25.-26.8. Nipsu Porthan-Broddellin <a title=\"\" href=\"http:\/\/tuomarinkylanratsastajat.fi\/documents\/Nipsu_TKR_09_2013.pdf\">kouluvalmennus<\/a><\/li>\n<li>To-pe 26.-27.9. Mikko M\u00e4entaustan estevalmennus, <a title=\"\" href=\"http:\/\/tuomarinkylanratsastajat.fi\/documents\/Mikonvalmennus.pdf\">ilmoitus<\/a><\/li>\n<li><span style=\"font-size: small;\">Lauantai 28.9.\u00a0TKR<\/span><span style=\"font-size: small;\">\u00a0Dumipotti esteseurakisa (HS\u00a0osakilpailu\u00a02\/6),\u00a0<a title=\"\" href=\"http:\/\/tuomarinkylanratsastajat.fi\/documents\/estesyksy2013seurakisat.pdf\">kutsu<\/a><\/span><\/li>\n<\/ul>\n<div>LOKAKUU<\/div>\n<ul>\n<li>\n<div>La-su 5.-6.10. Kari Nevalan estevalmennus, <a title=\"\" href=\"http:\/\/tuomarinkylanratsastajat.fi\/documents\/TKR_Kari_valm_syksy2013-1.pdf\">ilmoitus<\/a><\/div>\n<\/li>\n<li>\n<div>La-su 12.-13.10. Markku S\u00f6derbergin estevalmennus, PERUTTU<\/div>\n<\/li>\n<li>\n<div>Ke-to 23.-24.10. Nipsu Porthan-Broddellin kouluvalmennus, <a title=\"\" href=\"http:\/\/tuomarinkylanratsastajat.fi\/documents\/Nipsu_TKR_10_2013.pdf\">ilmoitus<\/a><\/div>\n<\/li>\n<\/ul>\n<div>MARRASKUU<\/div>\n<div>\n<div><\/div>\n<div>\n<ul>\n<li>La 9.11. kouluseurakisat, <a title=\"\" href=\"http:\/\/tuomarinkylanratsastajat.fi\/documents\/TKRkilpailukutsuseuramestaruus091113.pdf\" target=\"_blank\">kutsu<\/a><\/li>\n<li>La-su 16-17.11. Kari Nevalan estevalmennus, <a title=\"\" href=\"http:\/\/tuomarinkylanratsastajat.fi\/documents\/TKR_Kari_valm_syksy2013-1.pdf\">ilmoitus<\/a><\/li>\n<li>La 23.11. esteseurakisat, <a title=\"\" href=\"http:\/\/tuomarinkylanratsastajat.fi\/documents\/esteseura_231113.pdf\" target=\"_blank\">kutsu<\/a><\/li>\n<li>Ke-to 27.-28.11. Nipsu Porthan-Broddellin kouluvalmennus, <a title=\"\" href=\"http:\/\/tuomarinkylanratsastajat.fi\/documents\/Nipsu_11_2013_TKR.pdf\">ilmoitus<\/a><\/li>\n<li>La 30.11. Koko M\u00e4en Pikkujoulut, <a title=\"\" href=\"http:\/\/tuomarinkylanratsastajat.fi\/documents\/Pikkujoulut_2013.pdf\" target=\"_blank\">kutsu<\/a><\/li>\n<\/ul>\n<div>\n<div>JOULUKUU<\/div>\n<div>\n<ul>\n<li><span style=\"font-size: small;\">Lauantai 7.12.\u00a0<\/span><span style=\"font-size: small;\">Hewi\u00a0Dumipotti esteseurakisa (HS\u00a0osakilpailu 3\/6),\u00a0<a title=\"\" href=\"http:\/\/tuomarinkylanratsastajat.fi\/documents\/estesyksy2013seurakisat.pdf\">kutsu<\/a><\/span><\/li>\n<li><span style=\"font-size: small;\">La-su 14-15.12. Kari Nevalan estevalmennus, <a title=\"\" href=\"http:\/\/tuomarinkylanratsastajat.fi\/documents\/TKR_Kari_valm_syksy2013-1.pdf\">ilmoitus<\/a><\/span><\/li>\n<\/ul>\n<\/div>\n<\/div>\n<\/div>\n<\/div>\n<\/div>\n<\/div>\n<\/div>\n","protected":false},"excerpt":{"rendered":"<p>TAMMIKUU La-su 12.-13.1. Kari Nevalan estekurssi, ilmoitus Ke-to 23.-24.1. Nipsu Porthan-Broddellin\u00a0kouluvalmennus HELMIKUU Lauantai 2.2. S\u00e4\u00e4nt\u00f6koulutus ja muuta mukavaa, ilmoitus\u00a0\/ materiaali La-su 9.-10.2 Kari Nevalan estekurssi, ilmoitus MAALISKUU Ke-to 6.-7.3. Nipsu Porthan-Broddellin kouluvalmennus Lauantai 9.3. Kari Nevalan estekurssi, ilmoitus Lauantai 16.3.<span class=\"ellipsis\">&hellip;<\/span><\/p>\n<div class=\"read-more\"><a href=\"https:\/\/www.tuomarinkylanratsastajat.fi\/tkr\/arkisto\/kalenteri-2013\/\">Read more <span class=\"screen-reader-text\">Kalenteri 2013<\/span><span class=\"meta-nav\"> &#8250;<\/span><\/a><\/div>\n<p><!-- end of .read-more --><\/p>\n","protected":false},"author":3,"featured_media":0,"parent":74,"menu_order":6,"comment_status":"closed","ping_status":"closed","template":"","meta":{"footnotes":""},"class_list":["post-178","page","type-page","status-publish","hentry"],"_links":{"self":[{"href":"https:\/\/www.tuomarinkylanratsastajat.fi\/tkr\/wp-json\/wp\/v2\/pages\/178","targetHints":{"allow":["GET"]}}],"collection":[{"href":"https:\/\/www.tuomarinkylanratsastajat.fi\/tkr\/wp-json\/wp\/v2\/pages"}],"about":[{"href":"https:\/\/www.tuomarinkylanratsastajat.fi\/tkr\/wp-json\/wp\/v2\/types\/page"}],"author":[{"embeddable":true,"href":"https:\/\/www.tuomarinkylanratsastajat.fi\/tkr\/wp-json\/wp\/v2\/users\/3"}],"replies":[{"embeddable":true,"href":"https:\/\/www.tuomarinkylanratsastajat.fi\/tkr\/wp-json\/wp\/v2\/comments?post=178"}],"version-history":[{"count":1,"href":"https:\/\/www.tuomarinkylanratsastajat.fi\/tkr\/wp-json\/wp\/v2\/pages\/178\/revisions"}],"predecessor-version":[{"id":179,"href":"https:\/\/www.tuomarinkylanratsastajat.fi\/tkr\/wp-json\/wp\/v2\/pages\/178\/revisions\/179"}],"up":[{"embeddable":true,"href":"https:\/\/www.tuomarinkylanratsastajat.fi\/tkr\/wp-json\/wp\/v2\/pages\/74"}],"wp:attachment":[{"href":"https:\/\/www.tuomarinkylanratsastajat.fi\/tkr\/wp-json\/wp\/v2\/media?parent=178"}],"curies":[{"name":"wp","href":"https:\/\/api.w.org\/{rel}","templated":true}]}}