{"id":176,"date":"2016-11-12T20:41:46","date_gmt":"2016-11-12T18:41:46","guid":{"rendered":"https:\/\/www.tuomarinkylanratsastajat.fi\/tkr\/?page_id=176"},"modified":"2016-11-12T20:41:46","modified_gmt":"2016-11-12T18:41:46","slug":"kalenteri-2014","status":"publish","type":"page","link":"https:\/\/www.tuomarinkylanratsastajat.fi\/tkr\/arkisto\/kalenteri-2014\/","title":{"rendered":"Kalenteri 2014"},"content":{"rendered":"<p>TAMMIKUU<\/p>\n<p>&nbsp;<\/p>\n<ul>\n<li>To 9.1. Vierailu Viikin el\u00e4insairaalaan, lis\u00e4tietoja etusivulla<\/li>\n<li>11.-12.1. Kari Nevalan estevalmennus, <a href=\"http:\/\/tuomarinkylanratsastajat.fi\/documents\/KariNevala_kev\u00e4t_2014.pdf\">ilmoitus<\/a><\/li>\n<li>18-19.1.\u00a0II-tason Centered Riding -ohjaaja Krista Mutasen <a href=\"http:\/\/tuomarinkylanratsastajat.fi\/documents\/Kristanvalmennus.pdf\">istunta- ja kehonhallintakurssi<\/a><\/li>\n<\/ul>\n<p>&nbsp;<\/p>\n<p>HELMIKUU<\/p>\n<p>&nbsp;<\/p>\n<ul>\n<li>La 1.2. S\u00e4\u00e4nt\u00f6koulutus ja -koe, <a href=\"http:\/\/tuomarinkylanratsastajat.fi\/documents\/TKR_Hewis\u00e4\u00e4nt\u00f6koulutus2014.pdf\">ilmoitus<\/a><\/li>\n<li>Ke-to 5.-6.2. Nipsu Porthan-Broddellin kouluvalmennus, <a href=\"http:\/\/tuomarinkylanratsastajat.fi\/documents\/NipsuTKR022014.pdf\">ilmoitus<\/a>\u00a0KURSSI T\u00c4YNN\u00c4<\/li>\n<li>8.-9.2. Kari Nevalan estevalmennus, <a href=\"http:\/\/tuomarinkylanratsastajat.fi\/documents\/KariNevala_kev\u00e4t_2014.pdf\">ilmoitus<\/a><\/li>\n<\/ul>\n<p>&nbsp;<\/p>\n<p>MAALISKUU<\/p>\n<p>&nbsp;<\/p>\n<ul>\n<li>1.-2.3. Ville Vaurion kouluvalmennuskurssi, <a href=\"http:\/\/tuomarinkylanratsastajat.fi\/documents\/Villenvalmennus.pdf\">ilmoitus<\/a><\/li>\n<li>La &#8211; su 8.-9.3. Kari Nevalan estevalmennus, <a href=\"http:\/\/tuomarinkylanratsastajat.fi\/documents\/KariNevalamaaliskuu2.pdf\">ilmoitus<\/a><\/li>\n<li>La 15.3. TKR Dumipotti esteseurakisa (HS osakilpailu 4\/6), <a href=\"http:\/\/tuomarinkylanratsastajat.fi\/documents\/estekevat2014kisat.pdf\">kutsu<\/a><\/li>\n<li>Ke-to 19.-20.3. Nipsu Porthan-Broddellin kouluvalmennus,\u00a0<a href=\"http:\/\/tuomarinkylanratsastajat.fi\/documents\/NipsuTKR032014_kutsu.pdf\">ilmoitus<\/a>, <a href=\"http:\/\/tuomarinkylanratsastajat.fi\/documents\/Nipsun_korjattu_aikataulu_19-20.3.2014_2.pdf\">aikataulu<\/a> ja <a href=\"http:\/\/tuomarinkylanratsastajat.fi\/documents\/Nipsu_TKR_03_2014_Ohjeet-1.pdf\">ohjeet<\/a><\/li>\n<li>La 22.3. II-tason Centered Riding-ohjaaja Krista Mutasen\u00a0<a href=\"http:\/\/tuomarinkylanratsastajat.fi\/documents\/Kristanvalmennusmaaliskuuv2.pdf\">istunta- ja kehonhallintakurssi<\/a>.<\/li>\n<\/ul>\n<p>&nbsp;<\/p>\n<p>HUHTIKUU<\/p>\n<p>&nbsp;<\/p>\n<ul>\n<li>La 5.4. TKR kilpailuharjoitukset kouluratsastuksessa, <a href=\"http:\/\/tuomarinkylanratsastajat.fi\/documents\/TKRkilpailukutsuharjoituskisat050414.pdf\">kutsu<\/a><\/li>\n<li>La 12.4. HeWi Dumipotti esteseurakisa (HS osakilpailu 5\/6), <a href=\"http:\/\/tuomarinkylanratsastajat.fi\/documents\/estekevat2014kisat.pdf\">kutsu<\/a><\/li>\n<li>Su 13.4. Krista Mutasen istunta- ja kehonhallintatunteja, <a href=\"http:\/\/tuomarinkylanratsastajat.fi\/documents\/Kristanvalmennushuhtikuu2.pdf\">ilmoitus<\/a><\/li>\n<li>Ti 15.4. TKR:n s\u00e4\u00e4nt\u00f6m\u00e4\u00e4r\u00e4inen vuosikokous, <a href=\"http:\/\/tuomarinkylanratsastajat.fi\/documents\/vuosikokouskutsu2014.pdf\">kutsu<\/a><\/li>\n<li>La 19.4.\u00a0Hyv\u00e4ntekev\u00e4isyysestekilpailu Uusi Lastensairaala 2017, <a href=\"http:\/\/tuomarinkylanratsastajat.fi\/documents\/KILPAILUKUTSUUusiLastensairaala2014.pdf\">kutsu<\/a>,\u00a0<a href=\"http:\/\/www.hewi.fi\/listat\/domi1904b.htm\">l\u00e4ht\u00f6listat<\/a>,\u00a0<a href=\"http:\/\/www.hewi.fi\/listat\/domi1904kep.htm\">keppihevosluokka<\/a>\u00a0ja\u00a0<a href=\"http:\/\/www.hewi.fi\/listat\/toim1904b.htm\">toimihenkil\u00f6t<\/a><\/li>\n<li>Ma-ti 28.-29.4. Nipsu Porthan-Broddellin kouluvalmennus,\u00a0<a href=\"http:\/\/tuomarinkylanratsastajat.fi\/documents\/NipsuTKR042014.pdf\">ilmoitus<\/a>\u00a0ja\u00a0<a href=\"http:\/\/tuomarinkylanratsastajat.fi\/documents\/Nipsunvalmennus29.4.2014aikataulu.pdf\">aikataulu<\/a><\/li>\n<\/ul>\n<p>TOUKOKUU<\/p>\n<p>&nbsp;<\/p>\n<ul>\n<li>La 3.5. Krista Mutasen istunta- ja kehonhallintatunteja, <a href=\"http:\/\/tuomarinkylanratsastajat.fi\/documents\/Kristanvalmennushuhtikuu2.pdf\">Uusi ilmoitus<\/a><\/li>\n<li>La 10.5. TKR seurakoulukisat,<a href=\"http:\/\/tuomarinkylanratsastajat.fi\/documents\/TKR_kouluseura_10052014.pdf\"> kutsu<\/a><\/li>\n<li>Ti-ke 13.-14.5. Nipsu Porthan-Broddellin kouluvalmennus,\u00a0<a href=\"http:\/\/tuomarinkylanratsastajat.fi\/documents\/NipsuTKR052014.pdf\">ilmoitus<\/a>,\u00a0<a href=\"http:\/\/tuomarinkylanratsastajat.fi\/documents\/Nipsunvalmennus13-1452014aikataulukorjaukset1.pdf\">aikataulu<\/a>\u00a0ja\u00a0<a href=\"http:\/\/tuomarinkylanratsastajat.fi\/documents\/NipsuTKR052014Ohjeet.pdf\">ohjeet<\/a><\/li>\n<li>La 17.5. TKR Dumipotti esteseurakisa (HS osakilpailu 6\/6), <a href=\"http:\/\/tuomarinkylanratsastajat.fi\/documents\/estekevat2014kisat.pdf\">kutsu<\/a>,\u00a0<a href=\"http:\/\/tuomarinkylanratsastajat.fi\/documents\/L\u00e4ht\u00f6listat170520142.pdf\">l\u00e4ht\u00f6listat<\/a>\u00a0ja\u00a0<a href=\"http:\/\/tuomarinkylanratsastajat.fi\/documents\/Ty\u00f6teht\u00e4v\u00e4t17.5.14.pdf\">ty\u00f6teht\u00e4v\u00e4t<\/a><\/li>\n<li>La-su 24.-25.5. Ville Vaurion kouluvalmennuskurssi, <a href=\"http:\/\/tuomarinkylanratsastajat.fi\/documents\/Villenkurssitoukokuu2014.pdf\">ilmoitus<\/a><\/li>\n<li>La 31.5 Kari Nevalan estevalmennus,\u00a0<a href=\"http:\/\/tuomarinkylanratsastajat.fi\/documents\/KariNevalatoukokuu.pdf\">ilmoitus<\/a><\/li>\n<\/ul>\n<p>&nbsp;<\/p>\n<p>KES\u00c4KUU<\/p>\n<p>&nbsp;<\/p>\n<ul>\n<li>Su 1.6. Kari Nevalan estevalmennus,\u00a0<a href=\"http:\/\/tuomarinkylanratsastajat.fi\/documents\/KariNevalatoukokuu.pdf\">ilmoitus<\/a><\/li>\n<li>Ke 25.6\u00a0Krista Mutasen istunta- ja kehonhallintatunteja. Seuraavat valmennukset peruttu sairasloman vuoksi. Jo maksettujen valmennusten osalta pyyd\u00e4mme\u00a0ottamaan yhteytt\u00e4 TKR:n rahastonhoitajaan.<\/li>\n<\/ul>\n<p>HEIN\u00c4KUU<\/p>\n<p>&nbsp;<\/p>\n<ul>\n<li>La-su\u00a05.-6.7.\u00a0Kari Nevalan estevalmennus,\u00a0<a href=\"http:\/\/tuomarinkylanratsastajat.fi\/documents\/KariNevalahein\u00e4kuu2.pdf\">ilmoitus<\/a><\/li>\n<li>La 12.7.\u00a0Kansalliset estekilpailut, kutsu ja ilmoittautuminen Kipassa<\/li>\n<li>Su 13.7. Seuraestekilpailut &#8221;Kansallisten jatkot&#8221;, <a href=\"http:\/\/tuomarinkylanratsastajat.fi\/documents\/Kansallistenjatkot.pdf\">kutsu<\/a>, <a href=\"http:\/\/tuomarinkylanratsastajat.fi\/documents\/L\u00e4ht\u00f6listat12.7.14_p\u00e4ivitetty_klo_2113.pdf\">l\u00e4ht\u00f6listat<\/a>, <a href=\"http:\/\/tuomarinkylanratsastajat.fi\/documents\/Ty\u00f6teht\u00e4v\u00e4t_12.7.14_p\u00e4ivitetty.pdf\">ty\u00f6teht\u00e4v\u00e4t<\/a><\/li>\n<\/ul>\n<p>&nbsp;<\/p>\n<p>ELOKUU<\/p>\n<p>&nbsp;<\/p>\n<ul>\n<li>La 2.8.\u00a0Kansalliset koulukilpailut<\/li>\n<li>Ke-to 13.-14.8.\u00a0Nipsu Porthan-Broddellin kouluvalmennus, <a href=\"http:\/\/tuomarinkylanratsastajat.fi\/documents\/NipsuTKR08-092014-1.pdf\">ilmoitus<\/a><\/li>\n<li>La 16.8. Koko m\u00e4en yhteiset sadonkorjuujuhlat Vaunuvajalla Tuomarinkyl\u00e4ss\u00e4 (<a href=\"http:\/\/tuomarinkylanratsastajat.fi\/documents\/Sadonkorjuujuhlat2014.pdf\">kutsu<\/a>)<\/li>\n<li>La 30.8. Esterataharjoitus, <a href=\"http:\/\/tuomarinkylanratsastajat.fi\/documents\/L\u00e4ht\u00f6listat30.8.14.pdf\">l\u00e4ht\u00f6listat, <\/a>ty\u00f6teht\u00e4v\u00e4t ja <a href=\"http:\/\/tuomarinkylanratsastajat.fi\/documents\/TuloksetEstekisat30.8.14.pdf\">tulokset<\/a><\/li>\n<li>Su 31.8. Koulurataharjoitus, <a href=\"http:\/\/tuomarinkylanratsastajat.fi\/documents\/Koulukisakutsu310814.pdf\">kutsu<\/a>,\u00a0<a href=\"http:\/\/tuomarinkylanratsastajat.fi\/documents\/L\u00e4ht\u00f6listat31082014_2.pdf\">l\u00e4ht\u00f6listat<\/a>\u00a0ja <a href=\"http:\/\/tuomarinkylanratsastajat.fi\/documents\/Ty\u00f6teht\u00e4v\u00e4t31082014.pdf\">ty\u00f6teht\u00e4v\u00e4t<\/a>, <a href=\"http:\/\/tuomarinkylanratsastajat.fi\/documents\/TuloksetKoulukilpailut31.8.2014.pdf\">tulokset<\/a><\/li>\n<\/ul>\n<p>SYYSKUU<\/p>\n<p>&nbsp;<\/p>\n<ul>\n<li>Ke-to 3.-4.9.\u00a0Nipsu Porthan-Broddellin kouluvalmennus,\u00a0<a href=\"http:\/\/tuomarinkylanratsastajat.fi\/documents\/NipsuTKR08-092014-1.pdf\">ilmoitus<\/a>\u00a0ja\u00a0<a href=\"http:\/\/tuomarinkylanratsastajat.fi\/documents\/Nipsunvalmennus3-4.9.2014aikataulu2.pdf\">aikataulu<\/a><\/li>\n<li>La 6.9. Kirsi Degerth-Moldovanin estevalmennus, <a href=\"http:\/\/tuomarinkylanratsastajat.fi\/documents\/Kikinvalmennus.pdf\">ilmoitus<\/a><\/li>\n<li>La-su 13. &#8211; 14.9. Ville Vaurion kouluvalmennuskurssi, <a href=\"http:\/\/tuomarinkylanratsastajat.fi\/documents\/Villenvalmennussyyskuu.pdf\">ilmoitus<\/a><\/li>\n<li>La 20.9. HeWi Domipotti esteseurakisa (SF osakilpailu 1\/6), <a href=\"http:\/\/www.hewi.fi\/tekstit\/estesyksy2014kisat.pdf\">kutsu<\/a><\/li>\n<\/ul>\n<p>LOKAKUU<\/p>\n<p>&nbsp;<\/p>\n<ul>\n<li>La-su 4.-5.10. Kari Nevalan estevalmennus,\u00a0<a href=\"http:\/\/tuomarinkylanratsastajat.fi\/documents\/KariNevalalokakuu2014.pdf\">ilmoitus<\/a><\/li>\n<li>Ti 7. ja to 9.10.\u00a0Nipsu Porthan-Broddellin kouluvalmennus,\u00a0<a href=\"http:\/\/tuomarinkylanratsastajat.fi\/documents\/NipsuTKR102014-1.pdf\">ilmoitus<\/a><\/li>\n<li>La 11.10. TKR Domipotti esteseurakisa (SF osakilpailu 2\/6), <a href=\"http:\/\/www.hewi.fi\/tekstit\/estesyksy2014kisat.pdf\">kutsu, <\/a>l<a href=\"http:\/\/tuomarinkylanratsastajat.fi\/documents\/L\u00e4ht\u00f6listat11.10.14.pdf\">\u00e4ht\u00f6listat<\/a>, <a href=\"http:\/\/tuomarinkylanratsastajat.fi\/documents\/Ty\u00f6teht\u00e4v\u00e4t11.10.14.pdf\">ty\u00f6teht\u00e4v\u00e4t<\/a>, <a href=\"http:\/\/tuomarinkylanratsastajat.fi\/documents\/TuloksetDomipotti11.10.2014.pdf\">tulokset<\/a><\/li>\n<\/ul>\n<p>&nbsp;<\/p>\n<p>MARRASKUU<\/p>\n<p>&nbsp;<\/p>\n<ul>\n<li>Ti 4. ja to 6.11.\u00a0Nipsu Porthan-Broddellin kouluvalmennus,\u00a0<a href=\"http:\/\/tuomarinkylanratsastajat.fi\/documents\/NipsuTKR112014.pdf\">ilmoitus<\/a>, valmennus on t\u00e4ynn\u00e4<\/li>\n<li>La-su 8.-9.11 Markku S\u00f6derbergin estevalmennus, <a href=\"http:\/\/tuomarinkylanratsastajat.fi\/documents\/Markunvalmennus2014.pdf\">ilmoitus<\/a>, kurssin <a href=\"http:\/\/tuomarinkylanratsastajat.fi\/documents\/Markku_Soderbergin_kurssin_ryhmajaot_11_2014.pdf\">ryhm\u00e4jaot<\/a><\/li>\n<li>La 15.11. C-merkin kilpailut,\u00a0<a href=\"http:\/\/tuomarinkylanratsastajat.fi\/documents\/Cmerkkikilpailukutsu112014.pdf\">kutsu<\/a>,\u00a0<a href=\"http:\/\/tuomarinkylanratsastajat.fi\/documents\/15112014Cmerkkil\u00e4ht\u00f6lista.pdf\">l\u00e4ht\u00f6listat<\/a>\u00a0ja\u00a0<a href=\"http:\/\/tuomarinkylanratsastajat.fi\/documents\/15112014Cmerkkity\u00f6lista.pdf\">ty\u00f6teht\u00e4v\u00e4t<\/a><\/li>\n<li>La 22.11. Kouluseurakilpailut. Huom. kilpailuissa ratkotaan samalla seurojen koulumestaruudet,\u00a0<a href=\"http:\/\/tuomarinkylanratsastajat.fi\/documents\/TKRkilpailukutsu22112014.pdf\">kutsu<\/a>, <a href=\"http:\/\/tuomarinkylanratsastajat.fi\/documents\/TKRkoulukisat22.11.2014-4.pdf\">l\u00e4ht\u00f6listat<\/a>\u00a0ja\u00a0<a href=\"http:\/\/tuomarinkylanratsastajat.fi\/documents\/toimihenkil\u00f6t.pdf\">ty\u00f6teht\u00e4v\u00e4t<\/a><\/li>\n<li>La 29.11. HeWi Domipotti esteseurakisa (SF osakilpailu 3\/6), <a href=\"http:\/\/www.hewi.fi\/tekstit\/estesyksy2014kisat.pdf\">kutsu<\/a>. Huom! Kilpailuissa ratkotaan samalla seurojen estemestaruudet.<\/li>\n<\/ul>\n<p>JOULUKUU<\/p>\n<p>&nbsp;<\/p>\n<ul>\n<li>Ti 9. ja to 11.12.\u00a0Nipsu Porthan-Broddellin kouluvalmennus, <a href=\"http:\/\/tuomarinkylanratsastajat.fi\/documents\/NipsuTKR122014-2.pdf\">ilmoitus<\/a><\/li>\n<li>La 13.12. Koko m\u00e4en yhteiset pikkujoulut,\u00a0<a href=\"http:\/\/tuomarinkylanratsastajat.fi\/documents\/Pikkujoulut_2014_2.pdf\">kutsu<\/a><\/li>\n<\/ul>\n","protected":false},"excerpt":{"rendered":"<p>TAMMIKUU &nbsp; To 9.1. Vierailu Viikin el\u00e4insairaalaan, lis\u00e4tietoja etusivulla 11.-12.1. Kari Nevalan estevalmennus, ilmoitus 18-19.1.\u00a0II-tason Centered Riding -ohjaaja Krista Mutasen istunta- ja kehonhallintakurssi &nbsp; HELMIKUU &nbsp; La 1.2. S\u00e4\u00e4nt\u00f6koulutus ja -koe, ilmoitus Ke-to 5.-6.2. Nipsu Porthan-Broddellin kouluvalmennus, ilmoitus\u00a0KURSSI T\u00c4YNN\u00c4 8.-9.2.<span class=\"ellipsis\">&hellip;<\/span><\/p>\n<div class=\"read-more\"><a href=\"https:\/\/www.tuomarinkylanratsastajat.fi\/tkr\/arkisto\/kalenteri-2014\/\">Read more <span class=\"screen-reader-text\">Kalenteri 2014<\/span><span class=\"meta-nav\"> &#8250;<\/span><\/a><\/div>\n<p><!-- end of .read-more --><\/p>\n","protected":false},"author":3,"featured_media":0,"parent":74,"menu_order":5,"comment_status":"closed","ping_status":"closed","template":"","meta":{"footnotes":""},"class_list":["post-176","page","type-page","status-publish","hentry"],"_links":{"self":[{"href":"https:\/\/www.tuomarinkylanratsastajat.fi\/tkr\/wp-json\/wp\/v2\/pages\/176","targetHints":{"allow":["GET"]}}],"collection":[{"href":"https:\/\/www.tuomarinkylanratsastajat.fi\/tkr\/wp-json\/wp\/v2\/pages"}],"about":[{"href":"https:\/\/www.tuomarinkylanratsastajat.fi\/tkr\/wp-json\/wp\/v2\/types\/page"}],"author":[{"embeddable":true,"href":"https:\/\/www.tuomarinkylanratsastajat.fi\/tkr\/wp-json\/wp\/v2\/users\/3"}],"replies":[{"embeddable":true,"href":"https:\/\/www.tuomarinkylanratsastajat.fi\/tkr\/wp-json\/wp\/v2\/comments?post=176"}],"version-history":[{"count":1,"href":"https:\/\/www.tuomarinkylanratsastajat.fi\/tkr\/wp-json\/wp\/v2\/pages\/176\/revisions"}],"predecessor-version":[{"id":177,"href":"https:\/\/www.tuomarinkylanratsastajat.fi\/tkr\/wp-json\/wp\/v2\/pages\/176\/revisions\/177"}],"up":[{"embeddable":true,"href":"https:\/\/www.tuomarinkylanratsastajat.fi\/tkr\/wp-json\/wp\/v2\/pages\/74"}],"wp:attachment":[{"href":"https:\/\/www.tuomarinkylanratsastajat.fi\/tkr\/wp-json\/wp\/v2\/media?parent=176"}],"curies":[{"name":"wp","href":"https:\/\/api.w.org\/{rel}","templated":true}]}}