{"id":1499,"date":"2018-12-01T16:17:01","date_gmt":"2018-12-01T14:17:01","guid":{"rendered":"https:\/\/www.tuomarinkylanratsastajat.fi\/tkr\/?page_id=1499"},"modified":"2019-12-03T22:41:41","modified_gmt":"2019-12-03T20:41:41","slug":"kalenteri-2019-2","status":"publish","type":"page","link":"https:\/\/www.tuomarinkylanratsastajat.fi\/tkr\/arkisto\/kalenteri-2019-2\/","title":{"rendered":"Kalenteri 2019"},"content":{"rendered":"<p>Tammikuu<\/p>\r\n<ul>\r\n<li>5.1.2019Sirpa Degerth-K\u00e1ldin kouluratsastusvalmennus. T\u00c4YNN\u00c4<\/li>\r\n<li>\u00a05.1.2019 Markku Nymanin ohjasajo\/ maastak\u00e4sittely teoria. T\u00c4YNN\u00c4<\/li>\r\n<li>12-13.1.2019 Elmo Jankarin estevalmennus T\u00c4YNN\u00c4<\/li>\r\n<li>19.1.2019 Markku Nymanin ohjasajo \/maastak\u00e4sittely. T\u00c4YNN\u00c4<\/li>\r\n<\/ul>\r\n<p>Helmikuu<\/p>\r\n<ul>\r\n<li>2.2.2019 Sirpa Degerth-K\u00e1ldin kouluratsastusvalmennus. T\u00c4YNN\u00c4<\/li>\r\n<li>9-10.2.2019 Elmo Jankarin estevalmennus. T\u00c4YNN\u00c4<\/li>\r\n<li>16.2.2019 Markku Nymanin ohjasajo\/ maastak\u00e4sittely. T\u00c4YNN\u00c4<\/li>\r\n<li>16.2.2019 Ville Vaurion kouluratsastusvalmennus. T\u00c4YNN\u00c4<\/li>\r\n<\/ul>\r\n<p>Maaliskuu<\/p>\r\n<ul>\r\n<li>2.3.2019 Sirpa Degerth-K\u00e1ldin kouluratsastusvalmennus. T\u00c4YNN\u00c4<\/li>\r\n<li>9-10.3.2019 Markku S\u00f6derbergin estevalmennus<\/li>\r\n<li>9.3.2019 Markku Nymanin ohjasajo\/ maastak\u00e4sittely. T\u00c4YNN\u00c4<\/li>\r\n<li>23-24.3.2019 EA1-kurssi ja EA1 sek\u00e4 EA2 p\u00e4ivitykset<\/li>\r\n<li>23.3.2019 Kouluratsastuksen harjoituskilpailut<\/li>\r\n<li>31.3.2019 Kari Nevalan estevalmennus<\/li>\r\n<\/ul>\r\n<p>Huhtikuu<\/p>\r\n<ul>\r\n<li>6.4.2019 Dumi-Potti nro 5\/6<\/li>\r\n<li>13.4.2019 Sirpa Degerth-K\u00e1ldin kouluratsastusvalmennus. T\u00c4YNN\u00c4<\/li>\r\n<li>20.4.2019 Markku Nymanin maastak\u00e4sittely\/ ohjasajo, t\u00e4ynn\u00e4<\/li>\r\n<li>27.4.2019 kouluratsastuksen harjoituskilpailut, verryttely Pieni kentt\u00e4 kilpailut Iso kentt\u00e4<\/li>\r\n<li>28.4.2019 Nina Fagerstr\u00f6min esteratsastusvalmennus PERUTTU<\/li>\r\n<\/ul>\r\n<p>Toukokuu<\/p>\r\n<ul>\r\n<li>4.5.2019 Dumi-Potti nro 6\/6<\/li>\r\n<li>11.5.2019 Markku Nymanin maastak\u00e4sittely\/ ohjasajo, ulkona<\/li>\r\n<li>18.5.2019 Esran Ratsastuskoulujen oppilaiden kouluratsastuksen Championaatti<\/li>\r\n<li>25.5.2019 Esran Ratsastuskoulujen oppilaiden esteratsastuksen Championaatti<\/li>\r\n<\/ul>\r\n<p>Kes\u00e4kuu<\/p>\r\n<ul>\r\n<li>9.6.2019 Markku Nymanin maastak\u00e4sittely\/ ohjasajo klo 10-14 Iso kentt\u00e4, Tuusulantien p\u00e4\u00e4ty.<\/li>\r\n<li>8-9.6.2019 Markku S\u00f6derbergin estevalmennus<\/li>\r\n<\/ul>\r\n<p>Hein\u00e4kuu<\/p>\r\n<ul>\r\n<li>20.7.2019 Markku Nymanin maastak\u00e4sittely\/ ohjasajo, iso kentt\u00e4 Tuusulantien p\u00e4\u00e4ty, T\u00c4YNN\u00c4<\/li>\r\n<\/ul>\r\n<p>Elokuu<\/p>\r\n<ul>\r\n<li>3.8.2019 Ville Vaurion \u00a0kouluratsastusvalmennus<\/li>\r\n<li>3-4.8.2019 Markku S\u00f6derbergin estevalmennus<\/li>\r\n<li>10.8.2019 Valtakunnalliset Veteraanien Mestaruuskilpailut este- sek\u00e4 kouluratsastuksessa. My\u00f6s avoimia luokkia 1- tasolla esteratsastuksessa<\/li>\r\n<li>17.8.2019 Markku Nymanin ohjasajo\/ maastak\u00e4sittely, ulkona<\/li>\r\n<li>24.8.2019 Dumi-Potti ja 1-tason estekilpailut<\/li>\r\n<li>31.8.2019 kouluratsastuskilpailut 2-taso<\/li>\r\n<\/ul>\r\n<p>Syyskuu<\/p>\r\n<ul>\r\n<li>\u00a07.9.2019 Sirpa Degerth-Ka&#8217;ldin kouluvalmennus, t\u00e4ynn\u00e4. Voit ilmoittautua viel\u00e4\u00a0mahdolliselle peruutuspaikalle \u00a0 \u00a0\u00a0<\/li>\r\n<li>7.9.2019 Markku Nymanin ohjasajo\/maastak\u00e4sittely, ulkona<\/li>\r\n<li>14.9.2019 Kouluratsastuskilpailut 1-taso ja seuramestaruudet, ulkona<\/li>\r\n<li>28.09.2019 Kirsi Degerth-Moldova&#8217;nin estevalmennus<\/li>\r\n<\/ul>\r\n<p>Lokakuu\u00a0 \u00a0 \u00a0 \u00a0<\/p>\r\n<ul>\r\n<li>12.10.2019 Sirpa Degerth-Ka&#8217;ldin kouluvalmennus, t\u00e4ynn\u00e4. Voit ilmoittautua viel\u00e4 mahdolliselle peruutuspaikalle<\/li>\r\n<li>12.10.2019 Markku Nymanin ohjasajo\/ maastak\u00e4sittely<\/li>\r\n<li>13.10.2019 2-tason \u00a0SENIOREIDEN henkil\u00f6kohtaiset Aluemestaruudet 2019<\/li>\r\n<li>19.10.2019 HeWin Dumi-Potti<\/li>\r\n<\/ul>\r\n<p>Marraskuu<\/p>\r\n<ul>\r\n<li>2.11.2019 Markku Nymanin ohjasajo\/ maastak\u00e4sittely<\/li>\r\n<li>3.11.2019 Sirpa Degerth-Ka&#8217;ldin kouluratsastusvalmennus, t\u00e4ynn\u00e4. Voit ilmoittautua viel\u00e4 mahdolliselle peruutuspaikalle<\/li>\r\n<li>9-10.11.2019 Markku S\u00f6derbergin estevalmennus<\/li>\r\n<li>16.11.2019 HeWin Dumi-Potti, TKR\/ Seuramestaruudet 2019, ratsastetaan t\u00e4ss\u00e4 kilpailussa.<\/li>\r\n<li>23.11.2019 Koko m\u00e4en joulujuhla, Ravintola Annan Kartano<\/li>\r\n<\/ul>\r\n<p>Joulukuu<\/p>\r\n<ul>\r\n<li>7.12.2019 Sirpa Degerth-Ka&#8217;ldin kouluvalmennus, t\u00e4ynn\u00e4. Voit ilmoittautua viel\u00e4 mahdolliselle peruutuspaikalle \u00a0 \u00a0\u00a0<\/li>\r\n<li>\u00a07.12.2019 Markku Nymanin ohjasajo\/ maastak\u00e4sittely<\/li>\r\n<li>14.12.2019 Mini- \u00a0ja Maxi mestaruudet 2019 \u00a0 \u00a0 \u00a0 \u00a0\u00a0<\/li>\r\n<\/ul>\r\n\r\n<p>&nbsp;<\/p>\r\n\r\n\r\n\r\n<p>Tammikuu 2020<\/p>\r\n<ul>\r\n<li>11.1.2020 klo 17-18 keilausta Tapanilan Er\u00e4n radoilla, kutsu tulossa.<\/li>\r\n<\/ul>\r\n","protected":false},"excerpt":{"rendered":"<p>Tammikuu 5.1.2019Sirpa Degerth-K\u00e1ldin kouluratsastusvalmennus. T\u00c4YNN\u00c4 \u00a05.1.2019 Markku Nymanin ohjasajo\/ maastak\u00e4sittely teoria. T\u00c4YNN\u00c4 12-13.1.2019 Elmo Jankarin estevalmennus T\u00c4YNN\u00c4 19.1.2019 Markku Nymanin ohjasajo \/maastak\u00e4sittely. T\u00c4YNN\u00c4 Helmikuu 2.2.2019 Sirpa Degerth-K\u00e1ldin kouluratsastusvalmennus. T\u00c4YNN\u00c4 9-10.2.2019 Elmo Jankarin estevalmennus. T\u00c4YNN\u00c4 16.2.2019 Markku Nymanin ohjasajo\/ maastak\u00e4sittely. T\u00c4YNN\u00c4<span class=\"ellipsis\">&hellip;<\/span><\/p>\n<div class=\"read-more\"><a href=\"https:\/\/www.tuomarinkylanratsastajat.fi\/tkr\/arkisto\/kalenteri-2019-2\/\">Read more <span class=\"screen-reader-text\">Kalenteri 2019<\/span><span class=\"meta-nav\"> &#8250;<\/span><\/a><\/div>\n<p><!-- end of .read-more --><\/p>\n","protected":false},"author":4,"featured_media":0,"parent":74,"menu_order":0,"comment_status":"closed","ping_status":"closed","template":"","meta":{"footnotes":""},"class_list":["post-1499","page","type-page","status-publish","hentry"],"_links":{"self":[{"href":"https:\/\/www.tuomarinkylanratsastajat.fi\/tkr\/wp-json\/wp\/v2\/pages\/1499","targetHints":{"allow":["GET"]}}],"collection":[{"href":"https:\/\/www.tuomarinkylanratsastajat.fi\/tkr\/wp-json\/wp\/v2\/pages"}],"about":[{"href":"https:\/\/www.tuomarinkylanratsastajat.fi\/tkr\/wp-json\/wp\/v2\/types\/page"}],"author":[{"embeddable":true,"href":"https:\/\/www.tuomarinkylanratsastajat.fi\/tkr\/wp-json\/wp\/v2\/users\/4"}],"replies":[{"embeddable":true,"href":"https:\/\/www.tuomarinkylanratsastajat.fi\/tkr\/wp-json\/wp\/v2\/comments?post=1499"}],"version-history":[{"count":52,"href":"https:\/\/www.tuomarinkylanratsastajat.fi\/tkr\/wp-json\/wp\/v2\/pages\/1499\/revisions"}],"predecessor-version":[{"id":2115,"href":"https:\/\/www.tuomarinkylanratsastajat.fi\/tkr\/wp-json\/wp\/v2\/pages\/1499\/revisions\/2115"}],"up":[{"embeddable":true,"href":"https:\/\/www.tuomarinkylanratsastajat.fi\/tkr\/wp-json\/wp\/v2\/pages\/74"}],"wp:attachment":[{"href":"https:\/\/www.tuomarinkylanratsastajat.fi\/tkr\/wp-json\/wp\/v2\/media?parent=1499"}],"curies":[{"name":"wp","href":"https:\/\/api.w.org\/{rel}","templated":true}]}}