{"id":1260,"date":"2018-05-21T00:10:30","date_gmt":"2018-05-20T22:10:30","guid":{"rendered":"https:\/\/www.tuomarinkylanratsastajat.fi\/tkr\/?page_id=1260"},"modified":"2020-12-21T10:37:16","modified_gmt":"2020-12-21T08:37:16","slug":"jasentietojen-kasittely-tuomarinkylan-ratsastajat-ry-domarby-ryttare-ry-ja-suomen-ratsastajainliitossa","status":"publish","type":"page","link":"https:\/\/www.tuomarinkylanratsastajat.fi\/tkr\/jasenasiat\/jasentietojen-kasittely-tuomarinkylan-ratsastajat-ry-domarby-ryttare-ry-ja-suomen-ratsastajainliitossa\/","title":{"rendered":"J\u00e4sentietojen k\u00e4sittely Tuomarinkyl\u00e4n ratsastajat ry \u2013 Domarby Ryttare ry ja Suomen Ratsastajainliitossa"},"content":{"rendered":"<p><strong>J\u00e4sentietojen k\u00e4sittely Tuomarinkyl\u00e4n ratsastajat ry \u2013 Domarby Ryttare ry ja Suomen Ratsastajainliitossa<\/strong><\/p>\n<p>Tuomarinkyl\u00e4n ratsastajat ry \u2013 Domarby Ryttare ry on Suomen Ratsastajainliiton (SRL) j\u00e4sen. SRL on ratsastusurheilun katto-organisaatio Suomessa.<\/p>\n<p>Tuomarinkyl\u00e4n ratsastajat ry \u2013 Domarby Ryttare ry ker\u00e4\u00e4 j\u00e4senist\u00e4\u00e4n henkil\u00f6tietoja ja k\u00e4sittelee niit\u00e4 yhdess\u00e4 SRL:n kanssa.<\/p>\n<p>Tuomarinkyl\u00e4n ratsastajat ry \u2013 Domarby Ryttare ry k\u00e4sittelyst\u00e4 vastaa: Anne Virkkunen, <a>anne.m.virkkunen@gmail.com<\/a><\/p>\n<p>SRL:ssa k\u00e4sittelyst\u00e4 vastaa: Sari Siltala, <a>sari.siltala@ratsastus.fi<\/a>, Valimotie 10, 00380 Helsinki<\/p>\n<p>Tuomarinkyl\u00e4n ratsastajat ry \u2013 Domarby Ryttare ry ker\u00e4\u00e4 j\u00e4seneksi liitytt\u00e4ess\u00e4 seuraavat tiedot: t\u00e4ydellinen nimi (sukunimi ja etunimet), kotipaikka, kotiosoite, henkil\u00f6llisyystunnus. SRL luo uudelle j\u00e4senelle j\u00e4sennumeron. Tuomarinkyl\u00e4n ratsastajat ry \u2013 Domarby Ryttare ry on lakis\u00e4\u00e4teisesti velvoitettu pit\u00e4m\u00e4\u00e4n j\u00e4senrekisteri\u00e4, josta tulee ilmet\u00e4 j\u00e4senen nimi ja kotipaikka.<\/p>\n<p>Tuomarinkyl\u00e4n ratsastajat ry \u2013 Domarby Ryttare ry luovuttaa SRL:n k\u00e4ytt\u00f6\u00f6n SRL:lle henkil\u00f6j\u00e4senist\u00e4\u00e4n seuraavat tiedot: nimi, osoite, syntym\u00e4aika\/henkil\u00f6tunnus. Seuran j\u00e4senmaksuun sis\u00e4ltyy SRL:n osuus. SRL:n osuuteen sis\u00e4ltyy Hippos-lehden vuosikerran tilaus ja urheiluvakuutus. J\u00e4senyyteen sis\u00e4ltyv\u00e4 Hippos-lehden tilaus on sopimus, jonka t\u00e4ytt\u00e4miseksi SRL k\u00e4sittelee nime\u00e4 ja osoitetta. Urheiluvakuutuksen osalta vakuutusyhti\u00f6 tarkastaa j\u00e4senyyden voimassaolon SRL:sta korvausvaatimuksen yhteydess\u00e4. Seuraj\u00e4senyys on edellytys osallistumiselle SRL:n alaisiin kilpailuihin. SRL k\u00e4ytt\u00e4\u00e4 seurojen j\u00e4senist\u00e4 muodostuvaa rekisteri\u00e4\u00e4n osallistumisoikeuden varmistamiseen; t\u00e4ss\u00e4 on kyseess\u00e4 SRL:n kilpailutoiminnan j\u00e4rjest\u00e4miseen liittyv\u00e4 oikeutettu etu.<\/p>\n<p>SRL luovuttaa Hippos-lehden postituksesta vastaavalle yritykselle nimi- ja osoitetiedot. SRL:lla on sopimus lehden kustantajan kanssa, joka vastaa lehden postituksesta. Kustantaja k\u00e4sittelee henkil\u00f6tietoja SRL:n lukuun eik\u00e4 ole oikeutettu k\u00e4ytt\u00e4m\u00e4\u00e4n tietoja omiin tarkoituksiinsa. Vakuutusyhti\u00f6 k\u00e4sittelee henkil\u00f6tietoja korvausvaatimusten yhteydess\u00e4 eik\u00e4 ole oikeutettu k\u00e4ytt\u00e4m\u00e4\u00e4n tietoja omiin tarkoituksiinsa. SRL:n j\u00e4senseurat ker\u00e4\u00e4v\u00e4t henkil\u00f6tietoja j\u00e4senist\u00e4\u00e4n ja yll\u00e4pit\u00e4v\u00e4t j\u00e4senrekisteri\u00e4. SRL hallinnoi rekisteri\u00e4 ja k\u00e4ytt\u00e4\u00e4 rekisterin tietoja itsen\u00e4isesti. SRL ja sen j\u00e4senseurat ovat yhteisrekisterinpit\u00e4ji\u00e4. Koska j\u00e4senseurat vastaavat tietojen ker\u00e4\u00e4misest\u00e4, niill\u00e4 on ilmoitusvelvollisuus omille j\u00e4senilleen. J\u00e4senrekisteriss\u00e4 tiedot s\u00e4ilytet\u00e4\u00e4n niin kauan kuin rekister\u00f6ity on seuran j\u00e4sen.<\/p>\n<p>Henkil\u00f6ll\u00e4 on seuraavat oikeudet henkil\u00f6tietojen k\u00e4sittelyn osalta:<\/p>\n<p>1) Henkil\u00f6ll\u00e4 on oikeus pyyt\u00e4\u00e4 n\u00e4ht\u00e4v\u00e4kseen itse\u00e4\u00e4n koskevat tiedot. N\u00e4m\u00e4 on toimitettava 30 p\u00e4iv\u00e4n sis\u00e4ll\u00e4 pyynn\u00f6st\u00e4.<\/p>\n<p>2) Henkil\u00f6ll\u00e4 on oikeus pyyt\u00e4\u00e4 virheellisten tietojen p\u00e4ivitt\u00e4mist\u00e4.<\/p>\n<p>3) Henkil\u00f6ll\u00e4 on oikeus vaatia tietojensa poistamista, jos henkil\u00f6 ei ole seuran j\u00e4sen<\/p>\n<p>4) Henkil\u00f6ll\u00e4 on oikeus tehd\u00e4 valitus valvontaviranomaiselle, jos h\u00e4n kokee, ett\u00e4 h\u00e4nen oikeuksiaan on loukattu<\/p>\n<p>&nbsp;<\/p>\n<p>SRL ottaa k\u00e4ytt\u00f6\u00f6n <a href=\"https:\/\/www.ratsastus.fi\/jasenelle\/jasenhuone\/seuroille-jasenhuoneesta\/\" target=\"_blank\" rel=\"noopener\">J\u00e4senhuoneen<\/a> vuoden 2021. J\u00e4senhuoneen k\u00e4ytt\u00f6 edellytt\u00e4\u00e4, ett\u00e4 SRL:ll\u00e4 on tiedossa omissa j\u00e4rjestelmiss\u00e4\u00e4n j\u00e4senen s\u00e4hk\u00f6postiosoite. SRL on p\u00e4\u00e4tt\u00e4nyt, ett\u00e4 s\u00e4hk\u00f6postiosoitteen saa SRL:n j\u00e4rjestelmiin ilmoittamalla sen seurojen j\u00e4sensihteereille, joka sy\u00f6tt\u00e4\u00e4 s\u00e4hk\u00f6postisoitteen SRL:n j\u00e4rjestelmiin, ellei se siell\u00e4 jo ole tai jos se on siell\u00e4 virheellisen\u00e4. TKR seurana ei edelleenk\u00e4\u00e4n ker\u00e4\u00e4, tallenna tai k\u00e4yt\u00e4 muita tietoja omiin tarkoituksiin, kuin yll\u00e4 mainitut lain vaatimat tiedot j\u00e4senrekisteri\u00e4 varten.<\/p>\n","protected":false},"excerpt":{"rendered":"<p>J\u00e4sentietojen k\u00e4sittely Tuomarinkyl\u00e4n ratsastajat ry \u2013 Domarby Ryttare ry ja Suomen Ratsastajainliitossa Tuomarinkyl\u00e4n ratsastajat ry \u2013 Domarby Ryttare ry on Suomen Ratsastajainliiton (SRL) j\u00e4sen. SRL on ratsastusurheilun katto-organisaatio Suomessa. Tuomarinkyl\u00e4n ratsastajat ry \u2013 Domarby Ryttare ry ker\u00e4\u00e4 j\u00e4senist\u00e4\u00e4n henkil\u00f6tietoja ja<span class=\"ellipsis\">&hellip;<\/span><\/p>\n<div class=\"read-more\"><a href=\"https:\/\/www.tuomarinkylanratsastajat.fi\/tkr\/jasenasiat\/jasentietojen-kasittely-tuomarinkylan-ratsastajat-ry-domarby-ryttare-ry-ja-suomen-ratsastajainliitossa\/\">Read more <span class=\"screen-reader-text\">J\u00e4sentietojen k\u00e4sittely Tuomarinkyl\u00e4n ratsastajat ry \u2013 Domarby Ryttare ry ja Suomen Ratsastajainliitossa<\/span><span class=\"meta-nav\"> &#8250;<\/span><\/a><\/div>\n<p><!-- end of .read-more --><\/p>\n","protected":false},"author":3,"featured_media":0,"parent":20,"menu_order":0,"comment_status":"closed","ping_status":"closed","template":"","meta":{"footnotes":""},"class_list":["post-1260","page","type-page","status-publish","hentry"],"_links":{"self":[{"href":"https:\/\/www.tuomarinkylanratsastajat.fi\/tkr\/wp-json\/wp\/v2\/pages\/1260","targetHints":{"allow":["GET"]}}],"collection":[{"href":"https:\/\/www.tuomarinkylanratsastajat.fi\/tkr\/wp-json\/wp\/v2\/pages"}],"about":[{"href":"https:\/\/www.tuomarinkylanratsastajat.fi\/tkr\/wp-json\/wp\/v2\/types\/page"}],"author":[{"embeddable":true,"href":"https:\/\/www.tuomarinkylanratsastajat.fi\/tkr\/wp-json\/wp\/v2\/users\/3"}],"replies":[{"embeddable":true,"href":"https:\/\/www.tuomarinkylanratsastajat.fi\/tkr\/wp-json\/wp\/v2\/comments?post=1260"}],"version-history":[{"count":3,"href":"https:\/\/www.tuomarinkylanratsastajat.fi\/tkr\/wp-json\/wp\/v2\/pages\/1260\/revisions"}],"predecessor-version":[{"id":2594,"href":"https:\/\/www.tuomarinkylanratsastajat.fi\/tkr\/wp-json\/wp\/v2\/pages\/1260\/revisions\/2594"}],"up":[{"embeddable":true,"href":"https:\/\/www.tuomarinkylanratsastajat.fi\/tkr\/wp-json\/wp\/v2\/pages\/20"}],"wp:attachment":[{"href":"https:\/\/www.tuomarinkylanratsastajat.fi\/tkr\/wp-json\/wp\/v2\/media?parent=1260"}],"curies":[{"name":"wp","href":"https:\/\/api.w.org\/{rel}","templated":true}]}}