{"id":1101,"date":"2017-12-16T13:51:27","date_gmt":"2017-12-16T11:51:27","guid":{"rendered":"https:\/\/www.tuomarinkylanratsastajat.fi\/tkr\/?page_id=1101"},"modified":"2018-12-09T18:42:05","modified_gmt":"2018-12-09T16:42:05","slug":"kalenteri-2018","status":"publish","type":"page","link":"https:\/\/www.tuomarinkylanratsastajat.fi\/tkr\/arkisto\/kalenteri-2018\/","title":{"rendered":"Kalenteri 2018"},"content":{"rendered":"<p>Vuosi 2018 tapahtumat<\/p>\n<p>Tammikuu<\/p>\n<ul>\n<li>6.1.2018 Minna Kemppaisen kouluvalmennus<\/li>\n<li>13.1.2018 Krista Mutasen II-tason CR-istuntatunti<\/li>\n<li>20-21.1.2018 Elmo Jankarin valmennus<\/li>\n<li>27.1.2018 Dumi-Potti 1-tason esteratsastuskilpailut<\/li>\n<\/ul>\n<p>Helmikuu<\/p>\n<ul>\n<li>3.2.2018 Minna Kemppaisen kouluvalmennus<\/li>\n<li>10-11.2018 Elmo Jankarin estevalmennus<\/li>\n<li>17.2.2018 Krista Mutanen II-tason CR-istuntatunti<\/li>\n<li>24.2.2018 harjoituskilpailut kouluratsastuksessa<\/li>\n<\/ul>\n<p>Maaliskuu<\/p>\n<ul>\n<li>6.3.2018 s\u00e4\u00e4nt\u00f6koulutus klo 18.00, Vinttikoirakeskuksella<\/li>\n<\/ul>\n<p>Huhtikuu<\/p>\n<ul>\n<li>1-2.4.2018 Kari Nevalan esteratsastusvalmennus<\/li>\n<li>7.4.2018 1-tason kouluratsastuskilpailut<\/li>\n<li>15.4.2018 Ryhtirikko testaus<\/li>\n<li>21-24.4.2018 Kirsi Degerth-Moldov\u00e1nin estevalmennus<\/li>\n<li>28.4.2018 Dumi-Potti 1-tason esteratsastuskilpailut<\/li>\n<\/ul>\n<p>Toukokuu<\/p>\n<ul>\n<li>5-6.5.2018 Markku S\u00f6derbergin esteratsastusvalmennus<\/li>\n<li>19.5.2018 ESRA 1-tason kouluratsastuskilpailut (ratsastusk.opp.mestaruudet)<\/li>\n<li>26.5.2018 ESRA 1-tason esteratsastuskilpailut (ratsastusk.opp. mestaruudet)<\/li>\n<\/ul>\n<p>Kes\u00e4kuu<\/p>\n<p>Hein\u00e4kuu<\/p>\n<p>Elokuu<\/p>\n<ul>\n<li>11-12.8.2018 Markku S\u00f6derbergin estevalmennus<\/li>\n<li>25.8.2018 \u00a0TKR 50-V Games, juhlakilpailut esteratsastuksessa tasolla 1-2<\/li>\n<li>25.8.2018 \u00a0TKR 50-V iltajuhlat m\u00e4ell\u00e4<\/li>\n<\/ul>\n<p>Syyskuu<\/p>\n<ul>\n<li>8-9.9.2018 Markku S\u00f6derbergin estevalmennus<\/li>\n<li>15.9.2019 \u00a0TKR 50-V Juhlakilpailut kouluratsastuksessa tasolla 2-3<\/li>\n<li>15.9.2018 Markku Nymanin ohjasajo\/maastak\u00e4sittely<\/li>\n<li>23.9.2018 Sirpa Degerth-K\u00e1ldin kouluvalmennus<\/li>\n<\/ul>\n<p>Lokakuu<\/p>\n<ul>\n<li>13.10.2018 Dumi-Potti \u00a01-taso esteratsastuskilpailut sek\u00e4 seuramestaruudet 2018<\/li>\n<li>27.10.2018 1-tason kouluratsastuskilpailut sek\u00e4 seuramestaruudet 2018<\/li>\n<\/ul>\n<p>Marraskuu<\/p>\n<ul>\n<li>4.11.2018 Sirpa Degerth-Ka&#8217;ldin kouluratsastusvalmennus<\/li>\n<li>10.11.2018 Markku Nymanin \u00a0ohjasajo\/ maastak\u00e4sittely<\/li>\n<li>17.11.2018 Maxi- ja Minimestaruudet 2018 koulu- sek\u00e4 esteratsastuksessa<\/li>\n<li>24-25.11.2018 Markku S\u00f6derbergin estevalmennus<\/li>\n<\/ul>\n<p>Joulukuu<\/p>\n<p>&nbsp;<\/p>\n<ul>\n<li>1.12.2018 Sirpa Degerth-Ka&#8217;ldin kouluratsastusvalmennus<\/li>\n<li>8.12.2018 Koko M\u00e4en pikkujoulujuhla klo 18.00, Ravintola Annan Kartano<\/li>\n<\/ul>\n<p>&nbsp;<\/p>\n","protected":false},"excerpt":{"rendered":"<p>Vuosi 2018 tapahtumat Tammikuu 6.1.2018 Minna Kemppaisen kouluvalmennus 13.1.2018 Krista Mutasen II-tason CR-istuntatunti 20-21.1.2018 Elmo Jankarin valmennus 27.1.2018 Dumi-Potti 1-tason esteratsastuskilpailut Helmikuu 3.2.2018 Minna Kemppaisen kouluvalmennus 10-11.2018 Elmo Jankarin estevalmennus 17.2.2018 Krista Mutanen II-tason CR-istuntatunti 24.2.2018 harjoituskilpailut kouluratsastuksessa Maaliskuu 6.3.2018<span class=\"ellipsis\">&hellip;<\/span><\/p>\n<div class=\"read-more\"><a href=\"https:\/\/www.tuomarinkylanratsastajat.fi\/tkr\/arkisto\/kalenteri-2018\/\">Read more <span class=\"screen-reader-text\">Kalenteri 2018<\/span><span class=\"meta-nav\"> &#8250;<\/span><\/a><\/div>\n<p><!-- end of .read-more --><\/p>\n","protected":false},"author":3,"featured_media":0,"parent":74,"menu_order":0,"comment_status":"closed","ping_status":"closed","template":"","meta":{"footnotes":""},"class_list":["post-1101","page","type-page","status-publish","hentry"],"_links":{"self":[{"href":"https:\/\/www.tuomarinkylanratsastajat.fi\/tkr\/wp-json\/wp\/v2\/pages\/1101","targetHints":{"allow":["GET"]}}],"collection":[{"href":"https:\/\/www.tuomarinkylanratsastajat.fi\/tkr\/wp-json\/wp\/v2\/pages"}],"about":[{"href":"https:\/\/www.tuomarinkylanratsastajat.fi\/tkr\/wp-json\/wp\/v2\/types\/page"}],"author":[{"embeddable":true,"href":"https:\/\/www.tuomarinkylanratsastajat.fi\/tkr\/wp-json\/wp\/v2\/users\/3"}],"replies":[{"embeddable":true,"href":"https:\/\/www.tuomarinkylanratsastajat.fi\/tkr\/wp-json\/wp\/v2\/comments?post=1101"}],"version-history":[{"count":30,"href":"https:\/\/www.tuomarinkylanratsastajat.fi\/tkr\/wp-json\/wp\/v2\/pages\/1101\/revisions"}],"predecessor-version":[{"id":1436,"href":"https:\/\/www.tuomarinkylanratsastajat.fi\/tkr\/wp-json\/wp\/v2\/pages\/1101\/revisions\/1436"}],"up":[{"embeddable":true,"href":"https:\/\/www.tuomarinkylanratsastajat.fi\/tkr\/wp-json\/wp\/v2\/pages\/74"}],"wp:attachment":[{"href":"https:\/\/www.tuomarinkylanratsastajat.fi\/tkr\/wp-json\/wp\/v2\/media?parent=1101"}],"curies":[{"name":"wp","href":"https:\/\/api.w.org\/{rel}","templated":true}]}}