{"id":108,"date":"2016-11-12T18:23:51","date_gmt":"2016-11-12T16:23:51","guid":{"rendered":"https:\/\/www.tuomarinkylanratsastajat.fi\/tkr\/?page_id=108"},"modified":"2022-04-26T16:42:16","modified_gmt":"2022-04-26T14:42:16","slug":"tuomarinkylan-ratsastajat-domarby-ryttare-ryn-saannot","status":"publish","type":"page","link":"https:\/\/www.tuomarinkylanratsastajat.fi\/tkr\/jasenasiat\/tuomarinkylan-ratsastajat-domarby-ryttare-ryn-saannot\/","title":{"rendered":"Tuomarinkyl\u00e4n Ratsastajat &#8211; Domarby Ryttare ry:n s\u00e4\u00e4nn\u00f6t"},"content":{"rendered":"<h3>1 Yhdistyksen nimi<\/h3>\n<p>Yhdistyksen nimi Tuomarinkyl\u00e4n Ratsastajat \u2013 Domarby Ryttare ry ja sen kotipaikka on Helsinki.<\/p>\n<h3>2. Yhdistyksen tarkoitus<\/h3>\n<p>Yhdistyksen tarkoituksena on edist\u00e4\u00e4 ratsastusurheilua, kohottaa j\u00e4sentens\u00e4 ratsastustaitoa ja -tietoutta sek\u00e4 laajentaa ratsastusurheilun harrastajien piiri\u00e4.<\/p>\n<p>Tarkoituksensa toteuttamiseksi yhdistys j\u00e4rjest\u00e4\u00e4 kilpailuja, kursseja, toimeenpanee keskustelu- ja opetustilaisuuksia sek\u00e4 j\u00e4rjest\u00e4\u00e4 yhteisi\u00e4 ratsastustilaisuuksia.<\/p>\n<p>Yhdistys voi kuulua j\u00e4senen\u00e4 Suomen Ratsastajainliitto \u2013 Finlands Ryttarf\u00f6rbund ry:hyn sek\u00e4 muihin kotimaisiin hevosurheilu- ja jalostusliittoihin.<\/p>\n<h3>3. J\u00e4senet<\/h3>\n<p>Yhdistykseen varsinaiseksi j\u00e4seneksi voi liitty\u00e4 jokainen hyv\u00e4maineinen henkil\u00f6, joka haluaa edist\u00e4\u00e4 yhdistyksen tarkoitusta ja joka hyv\u00e4ksyy yhdistyksen tarkoituksen ja s\u00e4\u00e4nn\u00f6t. J\u00e4senet hyv\u00e4ksyy hakemuksesta yhdistyksen hallitus.<\/p>\n<p>Alle 18-vuotiaat ovat juniorij\u00e4seni\u00e4, joista voidaan muodostaa yhdistykseen junioriosasto hallituksen m\u00e4\u00e4r\u00e4\u00e4m\u00e4ll\u00e4 tavalla.<\/p>\n<p>Yhdistyksen j\u00e4senet ovat varsinaisia j\u00e4seni\u00e4, juniorij\u00e4seni\u00e4, perhej\u00e4seni\u00e4, tukij\u00e4seni\u00e4, kannatusj\u00e4seni\u00e4 tai kunniaj\u00e4seni\u00e4.<\/p>\n<p>Mik\u00e4li taloudessa asuu useampia yhdistyksen j\u00e4seni\u00e4, voivat muut j\u00e4senet liitty\u00e4 perhej\u00e4seniksi, yhden ollessa varsinainen j\u00e4sen.<\/p>\n<p>Kunniaj\u00e4seneksi voi yhdistys kokouksessa tekem\u00e4ll\u00e4\u00e4n p\u00e4\u00e4t\u00f6ksell\u00e4 kutsua toimintaansa ansiokkaasti edist\u00e4neit\u00e4 henkil\u00f6it\u00e4. Kunniaj\u00e4senelt\u00e4 ei perit\u00e4 j\u00e4senmaksua.<\/p>\n<p>Tukij\u00e4seneksi voi liitty\u00e4 yksityinen henkil\u00f6, joka maksaa tukij\u00e4senen j\u00e4senmaksun ja jonka hallitus hyv\u00e4ksyy tukij\u00e4seneksi.<\/p>\n<p>Kannatusj\u00e4seneksi voi yhdistyksen hallitus hyv\u00e4ksy\u00e4 yksityisen henkil\u00f6n tai oikeuskelpoisen yhteis\u00f6n, joka suorittaa j\u00e4senmaksuna v\u00e4hint\u00e4\u00e4n 10-kertaisen vuosimaksun tai kertakaikkisena j\u00e4senmaksunaan 50-kertaisen vuosimaksun.<\/p>\n<p>Varsinaiset \u2013 ja perhej\u00e4senet suorittavat yhdistykselle vuotuisen j\u00e4senmaksun, jonka suuruus m\u00e4\u00e4r\u00e4t\u00e4\u00e4n vuosikokouksessa.<\/p>\n<p>Varsinaisilla j\u00e4senill\u00e4 on \u00e4\u00e4nioikeus yhdistyksen kokouksissa. Juniorij\u00e4sen saa k\u00e4ytt\u00e4\u00e4 puhe- mutta ei \u00e4\u00e4nioikeutta. Tuki-, perhe-, kunnia- ja kannatusj\u00e4senill\u00e4 ei ole \u00e4\u00e4nioikeutta.<\/p>\n<h3>4. J\u00e4senen eroaminen ja erottaminen<\/h3>\n<p>J\u00e4senell\u00e4 on oikeus erota yhdistyksest\u00e4 ilmoittamalla siit\u00e4 kirjallisesti hallitukselle tai sen puheenjohtajalle taikka ilmoittamalla erosta yhdistyksen kokouksessa merkitt\u00e4v\u00e4ksi p\u00f6yt\u00e4kirjaan. Hallitus voi erottaa j\u00e4senen yhdistyksest\u00e4, jos j\u00e4sen on j\u00e4tt\u00e4nyt er\u00e4\u00e4ntyneen j\u00e4senmaksunsa maksamatta tai muuten j\u00e4tt\u00e4nyt t\u00e4ytt\u00e4m\u00e4tt\u00e4 ne velvoitukset, joihin h\u00e4n on yhdistykseen liittym\u00e4ll\u00e4 sitoutunut tai on menettelyll\u00e4\u00e4n yhdistyksess\u00e4 tai sen ulkopuolella huomattavasti vahingoittanut yhdistyst\u00e4 tai ei en\u00e4\u00e4 t\u00e4yt\u00e4 laissa taikka yhdistyksen s\u00e4\u00e4nn\u00f6iss\u00e4 mainittuja j\u00e4senyyden ehtoja.<\/p>\n<p>Yhdistyksen j\u00e4senyydest\u00e4 eronnut tai erotettu ei ole oikeutettu k\u00e4ytt\u00e4m\u00e4\u00e4n yhdistyksen j\u00e4senmerkki\u00e4.<\/p>\n<h3>5. Liittymis- ja j\u00e4senmaksu<\/h3>\n<p>Varsinaisilta-, perhe-, tuki-, juniori- ja kannatusj\u00e4senilt\u00e4 peritt\u00e4v\u00e4n liittymismaksun ja vuotuisen j\u00e4senmaksun suuruudesta eri j\u00e4senryhmille p\u00e4\u00e4tt\u00e4\u00e4 vuosikokous. Kunniaj\u00e4sen ei maksa j\u00e4senmaksua.<\/p>\n<h3>6. Hallitus<\/h3>\n<p>Yhdistyksen asioita hoitaa hallitus, johon kuuluu vuosikokouksessa vuodeksi kerrallaan valittu puheenjohtaja sek\u00e4 kahdeksan kahdeksi vuodeksi valittua muuta j\u00e4sent\u00e4 sek\u00e4 0-8 vuodeksi kerrallaan valittua varaj\u00e4sent\u00e4.\u00a0Hallituksen j\u00e4senist\u00e4 puolet eroaa vuosittain, ensi kerran arvan perusteella. Erovuorossa olevat voidaan valita uudelleen.<\/p>\n<p>Hallituksen toimikausi on vuosikokousten v\u00e4linen aika. Hallitus valitsee keskuudestaan varapuheenjohtajan sek\u00e4 ottaa keskuudestaan tai ulkopuoleltaan sihteerin, rahastonhoitajan ja muut tarvittavat toimihenkil\u00f6t. Lis\u00e4ksi hallitus voi valita erityisi\u00e4 teht\u00e4vi\u00e4 hoitamaan toimikuntia.<\/p>\n<p>Hallitus kokoontuu puheenjohtajan tai h\u00e4nen estyneen\u00e4 ollessaan varapuheenjohtajan kutsusta, kun he katsovat siihen olevan aihetta tai kun v\u00e4hint\u00e4\u00e4n puolet hallituksen j\u00e4senist\u00e4 sit\u00e4 vaatii (tai kun joku hallituksen j\u00e4senist\u00e4 sit\u00e4 pyyt\u00e4\u00e4). Hallitus on p\u00e4\u00e4t\u00f6svaltainen, kun v\u00e4hint\u00e4\u00e4n puolet sen j\u00e4senist\u00e4, puheenjohtaja tai varapuheenjohtaja mukaan luettuna on l\u00e4sn\u00e4. \u00c4\u00e4nestykset ratkaistaan yksinkertaisella \u00e4\u00e4nten enemmist\u00f6ll\u00e4. \u00c4\u00e4nten menness\u00e4 tasan ratkaisee puheenjohtajan \u00e4\u00e4ni, vaaleissa kuitenkin arpa.<\/p>\n<p>Hallituksen kokouksista on laadittava p\u00f6yt\u00e4kirja, jonka allekirjoittaa kokouksen puheenjohtaja ja sihteeri varmentaa.<\/p>\n<p>Hallituksen teht\u00e4v\u00e4n\u00e4 on:<\/p>\n<ul>\n<li>ryhty\u00e4 tarpeellisiin toimenpiteisiin yhdistyksen tarkoitusperien toteuttamiseksi ja edist\u00e4miseksi<\/li>\n<li>pit\u00e4\u00e4 yhteytt\u00e4 Suomen Ratsastajainliittoon sek\u00e4 muihin keskusj\u00e4rjest\u00f6ihin, joihin yhdistys kuuluu<\/li>\n<li>edustaa yhdistyst\u00e4 ulosp\u00e4in, hankkia oikeuksia sek\u00e4 esiinty\u00e4 kantajana ja vastaajana<\/li>\n<li>kutsua kokoon yhdistyksen kokoukset sek\u00e4 valmistella niiss\u00e4 esille tulevat asiat<\/li>\n<li>toimeenpanna yhdistyksen kokousten tekem\u00e4t p\u00e4\u00e4t\u00f6kset<\/li>\n<li>hoitaa yhdistyksen rahavaroja ja muuta omaisuutta<\/li>\n<li>hyv\u00e4ksy\u00e4 yhdistyksen j\u00e4seneksi pyrkiv\u00e4t ja erottaa j\u00e4sen yhdistyksest\u00e4<\/li>\n<li>m\u00e4\u00e4r\u00e4t\u00e4 asettamiensa toimikuntien j\u00e4senet ja teht\u00e4v\u00e4t, ellei yhdistyksen kokous ole niit\u00e4 m\u00e4\u00e4r\u00e4nnyt<\/li>\n<li>hoitaa j\u00e4senluetteloa ja koota j\u00e4senmaksut<\/li>\n<li>laatia ehdotus yhdistyksen vuosikertomukseksi sek\u00e4 toimintasuunnitelmaksi talousarvioehdotuksineen<\/li>\n<li>hoitaa muut yhdistyst\u00e4 koskevat asiat<\/li>\n<\/ul>\n<h3>7. Yhdistyksen nimen kirjoittaminen<\/h3>\n<p>Yhdistyksen nimen kirjoittaa hallituksen puheenjohtaja, varapuheenjohtaja ja sihteeri, kaksi yhdess\u00e4.<\/p>\n<h3>8. Tilikausi ja tilintarkastus<\/h3>\n<p>Yhdistyksen tilikausi on kalenterivuosi. Tilinp\u00e4\u00e4t\u00f6s tarvittavine asiakirjoineen ja hallituksen vuosikertomus on annettava tilin- tai toiminnantarkastajille viimeist\u00e4\u00e4n kuukautta ennen vuosikokousta. Tilin- tai toiminnantarkastajien tulee tarkastaa yhdistyksen hallintoa sek\u00e4 sen tilit, kassa, arvopaperit ja muu omaisuus. Tilin- tai toiminnantarkastajien tulee antaa kirjallinen lausuntonsa viimeist\u00e4\u00e4n kaksi viikkoa ennen vuosikokousta hallitukselle.<\/p>\n<h3>9. Yhdistyksen kokoukset<\/h3>\n<p>Yhdistyksen vuosikokous pidet\u00e4\u00e4n vuosittain hallituksen m\u00e4\u00e4r\u00e4\u00e4m\u00e4n\u00e4 p\u00e4iv\u00e4n\u00e4 tammi-toukokuussa.<\/p>\n<p>Yhdistyksen kokoukseen voidaan osallistua hallituksen tai yhdistyksen kokouksen niin p\u00e4\u00e4tt\u00e4ess\u00e4 my\u00f6s postitse taikka tietoliikenneyhteyden tai muun teknisen apuv\u00e4lineen avulla kokouksen aikana tai ennen kokousta.<\/p>\n<p>Ylim\u00e4\u00e4r\u00e4inen kokous pidet\u00e4\u00e4n, kun yhdistyksen kokous niin p\u00e4\u00e4tt\u00e4\u00e4 tai kun hallitus katsoo siihen olevan aihetta tai kun v\u00e4hint\u00e4\u00e4n kymmenesosa (1\/10) yhdistyksen \u00e4\u00e4nioikeutetuista j\u00e4senist\u00e4 sit\u00e4 hallitukselta erityisesti ilmoitettua asiaa varten kirjallisesti vaatii. Kokous on pidett\u00e4v\u00e4 kolmenkymmenen vuorokauden kuluessa siit\u00e4, kun vaatimus sen pit\u00e4misest\u00e4 on esitetty hallitukselle.<\/p>\n<p>Yhdistyksen kokouksen p\u00e4\u00e4t\u00f6kseksi tulee, ellei s\u00e4\u00e4nn\u00f6iss\u00e4 ole toisin m\u00e4\u00e4r\u00e4tty, se mielipide, jota on kannattanut yli puolet annetuista \u00e4\u00e4nist\u00e4. \u00c4\u00e4nestykset ratkaistaan yksinkertaisella \u00e4\u00e4nten enemmist\u00f6ll\u00e4. \u00c4\u00e4nten menness\u00e4 tasan ratkaisee kokouksen puheenjohtajan \u00e4\u00e4ni, vaaleissa kuitenkin arpa.<\/p>\n<p>Yhdistyksen kokouksista pidet\u00e4\u00e4n p\u00f6yt\u00e4kirjaa, joka on asianmukaisesti tarkastettava ja s\u00e4ilytett\u00e4v\u00e4.<\/p>\n<h3>10. Yhdistyksen kokousten koollekutsuminen<\/h3>\n<p>Hallituksen on kutsuttava yhdistyksen kokoukset koolle v\u00e4hint\u00e4\u00e4n seitsem\u00e4n vuorokautta ennen kokousta j\u00e4senille postitetuilla kirjeill\u00e4 tai s\u00e4hk\u00f6postilla j\u00e4senen ilmoittamaan osoitteeseen tai yhdistyksen ilmoitustauluilla julkaistuilla ilmoituksilla.<\/p>\n<h3>11. Vuosikokous<\/h3>\n<p>Yhdistyksen vuosikokouksessa k\u00e4sitell\u00e4\u00e4n seuraavat asiat:<\/p>\n<ol>\n<li>kokouksen avaus<\/li>\n<li>valitaan kokouksen puheenjohtaja, sihteeri, kaksi p\u00f6yt\u00e4kirjantarkastajaa ja tarvittaessa kaksi \u00e4\u00e4ntenlaskijaa<\/li>\n<li>todetaan kokouksen laillisuus ja p\u00e4\u00e4t\u00f6svaltaisuus<\/li>\n<li>hyv\u00e4ksyt\u00e4\u00e4n kokouksen ty\u00f6j\u00e4rjestys<\/li>\n<li>esitet\u00e4\u00e4n tilinp\u00e4\u00e4t\u00f6s, toimintakertomus ja tilin- tai toiminnantarkastajien lausunto<\/li>\n<li>p\u00e4\u00e4tet\u00e4\u00e4n tilinp\u00e4\u00e4t\u00f6ksen vahvistamisesta ja vastuuvapauden my\u00f6nt\u00e4misest\u00e4 hallitukselle ja muille vastuuvelvollisille<\/li>\n<li>vahvistetaan toimintasuunnitelma, tulo- ja menoarvio sek\u00e4 liittymis- ja j\u00e4senmaksujen suuruus<\/li>\n<li>valitaan hallituksen puheenjohtaja ja muut j\u00e4senet erovuorossa olevien tilalle<\/li>\n<li>valitaan kaksi tilin- tai toiminnantarkastajaa ja heille varatilin- tai toiminnantarkastajat vuodeksi kerrallaan<\/li>\n<li>k\u00e4sitell\u00e4\u00e4n muut kokouskutsussa mainitut asiat.<\/li>\n<\/ol>\n<p>Mik\u00e4li yhdistyksen j\u00e4sen haluaa saada jonkin asian yhdistyksen vuosikokouksen k\u00e4sitelt\u00e4v\u00e4ksi, on h\u00e4nen ilmoitettava siit\u00e4 kirjallisesti hallitukselle niin hyviss\u00e4 ajoin, ett\u00e4 asia voidaan sis\u00e4llytt\u00e4\u00e4 kokouskutsuun.<\/p>\n<h3>12. S\u00e4\u00e4nt\u00f6jen muuttaminen ja yhdistyksen purkaminen<\/h3>\n<p>P\u00e4\u00e4t\u00f6s s\u00e4\u00e4nt\u00f6jen muuttamisesta ja yhdistyksen purkamisesta on teht\u00e4v\u00e4 yhdistyksen kokouksessa v\u00e4hint\u00e4\u00e4n kolmen nelj\u00e4sosan (3\/4) enemmist\u00f6ll\u00e4 annetuista \u00e4\u00e4nist\u00e4. Kokouskutsussa on mainittava s\u00e4\u00e4nt\u00f6jen muuttamisesta tai yhdistyksen purkamisesta. Yhdistyksen purkautuessa on sen varat luovutettava jollekin ratsastusurheilun hyv\u00e4ksi toimivalle oikeuskelpoiselle yhdistykselle viimeisen kokouksen l\u00e4hemmin nime\u00e4m\u00e4ll\u00e4 tavalla. Yhdistyksen tullessa lakkautetuksi k\u00e4ytet\u00e4\u00e4n sen varat samaan tarkoitukseen.<\/p>\n<h3>13. Ennen s\u00e4\u00e4nt\u00f6muutosta saavutetut j\u00e4senoikeudet s\u00e4ilyv\u00e4t<\/h3>\n<p><strong>Muutos rekister\u00f6ity 25.8.2021\u00a0<\/strong><\/p>\n<p><a href=\"https:\/\/www.tuomarinkylanratsastajat.fi\/tkr\/wp-content\/uploads\/2022\/04\/Saannot-25.8.2021.pdf\">S\u00e4\u00e4nn\u00f6t 25.8.2021<\/a><\/p>\n","protected":false},"excerpt":{"rendered":"<p>1 Yhdistyksen nimi Yhdistyksen nimi Tuomarinkyl\u00e4n Ratsastajat \u2013 Domarby Ryttare ry ja sen kotipaikka on Helsinki. 2. Yhdistyksen tarkoitus Yhdistyksen tarkoituksena on edist\u00e4\u00e4 ratsastusurheilua, kohottaa j\u00e4sentens\u00e4 ratsastustaitoa ja -tietoutta sek\u00e4 laajentaa ratsastusurheilun harrastajien piiri\u00e4. Tarkoituksensa toteuttamiseksi yhdistys j\u00e4rjest\u00e4\u00e4 kilpailuja, kursseja,<span class=\"ellipsis\">&hellip;<\/span><\/p>\n<div class=\"read-more\"><a href=\"https:\/\/www.tuomarinkylanratsastajat.fi\/tkr\/jasenasiat\/tuomarinkylan-ratsastajat-domarby-ryttare-ryn-saannot\/\">Read more <span class=\"screen-reader-text\">Tuomarinkyl\u00e4n Ratsastajat &#8211; Domarby Ryttare ry:n s\u00e4\u00e4nn\u00f6t<\/span><span class=\"meta-nav\"> &#8250;<\/span><\/a><\/div>\n<p><!-- end of .read-more --><\/p>\n","protected":false},"author":3,"featured_media":0,"parent":20,"menu_order":6,"comment_status":"closed","ping_status":"closed","template":"","meta":{"footnotes":""},"class_list":["post-108","page","type-page","status-publish","hentry"],"_links":{"self":[{"href":"https:\/\/www.tuomarinkylanratsastajat.fi\/tkr\/wp-json\/wp\/v2\/pages\/108","targetHints":{"allow":["GET"]}}],"collection":[{"href":"https:\/\/www.tuomarinkylanratsastajat.fi\/tkr\/wp-json\/wp\/v2\/pages"}],"about":[{"href":"https:\/\/www.tuomarinkylanratsastajat.fi\/tkr\/wp-json\/wp\/v2\/types\/page"}],"author":[{"embeddable":true,"href":"https:\/\/www.tuomarinkylanratsastajat.fi\/tkr\/wp-json\/wp\/v2\/users\/3"}],"replies":[{"embeddable":true,"href":"https:\/\/www.tuomarinkylanratsastajat.fi\/tkr\/wp-json\/wp\/v2\/comments?post=108"}],"version-history":[{"count":6,"href":"https:\/\/www.tuomarinkylanratsastajat.fi\/tkr\/wp-json\/wp\/v2\/pages\/108\/revisions"}],"predecessor-version":[{"id":2996,"href":"https:\/\/www.tuomarinkylanratsastajat.fi\/tkr\/wp-json\/wp\/v2\/pages\/108\/revisions\/2996"}],"up":[{"embeddable":true,"href":"https:\/\/www.tuomarinkylanratsastajat.fi\/tkr\/wp-json\/wp\/v2\/pages\/20"}],"wp:attachment":[{"href":"https:\/\/www.tuomarinkylanratsastajat.fi\/tkr\/wp-json\/wp\/v2\/media?parent=108"}],"curies":[{"name":"wp","href":"https:\/\/api.w.org\/{rel}","templated":true}]}}